{"id":26733,"date":"2025-11-19T11:09:48","date_gmt":"2025-11-19T10:09:48","guid":{"rendered":"https:\/\/shop.mittgard.de\/?post_type=product&#038;p=26733"},"modified":"2025-11-19T11:11:24","modified_gmt":"2025-11-19T10:11:24","slug":"schultertuch-hahnentritt","status":"publish","type":"product","link":"https:\/\/shop.mittgard.de\/?product=schultertuch-hahnentritt","title":{"rendered":"Schultertuch Hahnentritt"},"content":{"rendered":"<p>100% Wolle in schwarz-wei\u00df-grauem Hahnentritt-Muster, von Hand ums\u00e4umt. Verschiedene Trageweise sind m\u00f6glich, wozu eine Fibel n\u00f6tig ist.<\/p>\n<p>158 x 96 cm gro\u00df<\/p>\n","protected":false},"excerpt":{"rendered":"<p>Wolle<\/p>\n","protected":false},"featured_media":26734,"template":"","meta":[],"product_brand":[],"product_cat":[562,565],"product_tag":[2054,2055,2052,2053,2056,890],"class_list":{"0":"post-26733","1":"product","2":"type-product","3":"status-publish","4":"has-post-thumbnail","6":"product_cat-gewandungen","7":"product_cat-tunika-oberteile","8":"product_tag-decke","9":"product_tag-hahnentritt","10":"product_tag-manteltuch","11":"product_tag-schultertuch","12":"product_tag-ueberwurf","13":"product_tag-umhang","14":"product_shipping_class-paket","16":"first","17":"instock","18":"sold-individually","19":"taxable","20":"shipping-taxable","21":"purchasable","22":"product-type-simple"},"_links":{"self":[{"href":"https:\/\/shop.mittgard.de\/index.php?rest_route=\/wp\/v2\/product\/26733","targetHints":{"allow":["GET"]}}],"collection":[{"href":"https:\/\/shop.mittgard.de\/index.php?rest_route=\/wp\/v2\/product"}],"about":[{"href":"https:\/\/shop.mittgard.de\/index.php?rest_route=\/wp\/v2\/types\/product"}],"wp:featuredmedia":[{"embeddable":true,"href":"https:\/\/shop.mittgard.de\/index.php?rest_route=\/wp\/v2\/media\/26734"}],"wp:attachment":[{"href":"https:\/\/shop.mittgard.de\/index.php?rest_route=%2Fwp%2Fv2%2Fmedia&parent=26733"}],"wp:term":[{"taxonomy":"product_brand","embeddable":true,"href":"https:\/\/shop.mittgard.de\/index.php?rest_route=%2Fwp%2Fv2%2Fproduct_brand&post=26733"},{"taxonomy":"product_cat","embeddable":true,"href":"https:\/\/shop.mittgard.de\/index.php?rest_route=%2Fwp%2Fv2%2Fproduct_cat&post=26733"},{"taxonomy":"product_tag","embeddable":true,"href":"https:\/\/shop.mittgard.de\/index.php?rest_route=%2Fwp%2Fv2%2Fproduct_tag&post=26733"}],"curies":[{"name":"wp","href":"https:\/\/api.w.org\/{rel}","templated":true}]}}