{"id":26739,"date":"2025-11-20T11:31:49","date_gmt":"2025-11-20T10:31:49","guid":{"rendered":"https:\/\/shop.mittgard.de\/?post_type=product&#038;p=26739"},"modified":"2026-02-23T10:03:05","modified_gmt":"2026-02-23T09:03:05","slug":"bruehl-regine-kraftorte-der-eifel","status":"publish","type":"product","link":"https:\/\/shop.mittgard.de\/?product=bruehl-regine-kraftorte-der-eifel","title":{"rendered":"Br\u00fchl, Regine &#8222;Kraftorte der Eifel&#8220;"},"content":{"rendered":"<p>50 magische und mystische St\u00e4tten voller Energie<\/p>\n<p>Entdecke sie &#8211; Deine Kraftorte<\/p>\n<p>Es gibt Orte, die machen still, spenden dir Ruhe, bringen Klarheit, verbinden Menschen, zentrieren, lassen den Besucher \u00fcber den Dingen stehen, wecken Mut, versetzen in Begeisterung, inspirieren, regen die Intuition und Kreativit\u00e4tan, bringen in Fluss, erwecken aus Lethargie, versetzen in eine Art Schwebezustand, wirken erdend, f\u00fchren zu unseren Wurzeln, geben Geborgenheit&#8230;<\/p>\n<p>Diese Pl\u00e4tze zu entdecken, aufzusuchen und zu erfahren, sie auf sich wirken zu lassen und selbst den eigenen Kraftort f\u00fcr sich zu finden &#8211; dazu machte sich Regine Br\u00fchl ein Jahrzehnt lang mit der Kamera durch die ganze Eifel auf den Weg, besuchte die Orte, zu denen sich von jeher Menschen begaben, um dort etwas Wunderbares zu finden, das K\u00f6rper, Seele und Geist erhellen.<\/p>\n<p>Manche Orte wirbeln etwas in dem Menschen auf, sto\u00dfen Themen an, \u00fcber die man Gras wachsen lassen m\u00f6chte. Die Orte ber\u00fchren dich im Innern, bezaubern dich durch ihre Sch\u00f6nheit, offenbaren ihre Geschichte&#8230;<\/p>\n<p>Regine Br\u00fchl wuchs in Niederzissen nahe des Laacher Sees auf und lebt seit 1997 im H\u00f6hengebiet von bad M\u00fcnstereifel. Seit 2008 ist sie als Autorin unterwegs, kennt die geheimen, geheimnisvollen und geheimnisumwitterten Orte der Eifel. Mit Ver\u00f6ffentlichung dieses Werkes teilt sie ihr reichhaltiges Wissen; die stimmungsvollen Fotografien in diesem Buch verf\u00fchren zum Aufbruch an die vorgestellten Orte. Unglaublich, mit wie vielen einladenden Orten die Eifel gesegnet ist!<\/p>\n<p>Gebundene Ausgabe, 112 Seiten<\/p>\n","protected":false},"excerpt":{"rendered":"<p>Geb<\/p>\n","protected":false},"featured_media":26740,"template":"","meta":[],"product_brand":[],"product_cat":[186,187,185,211],"product_tag":[1039,324,1479,305,315],"class_list":{"0":"post-26739","1":"product","2":"type-product","3":"status-publish","4":"has-post-thumbnail","6":"product_cat-alternativ-leben","7":"product_cat-alternativ-reisen","8":"product_cat-literatur","9":"product_cat-sachbuch-lexika","10":"product_tag-eifel","11":"product_tag-kraftorte","12":"product_tag-kultplaetze","13":"product_tag-sagen","14":"product_tag-wandern","15":"product_shipping_class-paket","17":"first","18":"onbackorder","19":"taxable","20":"shipping-taxable","21":"purchasable","22":"product-type-simple"},"_links":{"self":[{"href":"https:\/\/shop.mittgard.de\/index.php?rest_route=\/wp\/v2\/product\/26739","targetHints":{"allow":["GET"]}}],"collection":[{"href":"https:\/\/shop.mittgard.de\/index.php?rest_route=\/wp\/v2\/product"}],"about":[{"href":"https:\/\/shop.mittgard.de\/index.php?rest_route=\/wp\/v2\/types\/product"}],"wp:featuredmedia":[{"embeddable":true,"href":"https:\/\/shop.mittgard.de\/index.php?rest_route=\/wp\/v2\/media\/26740"}],"wp:attachment":[{"href":"https:\/\/shop.mittgard.de\/index.php?rest_route=%2Fwp%2Fv2%2Fmedia&parent=26739"}],"wp:term":[{"taxonomy":"product_brand","embeddable":true,"href":"https:\/\/shop.mittgard.de\/index.php?rest_route=%2Fwp%2Fv2%2Fproduct_brand&post=26739"},{"taxonomy":"product_cat","embeddable":true,"href":"https:\/\/shop.mittgard.de\/index.php?rest_route=%2Fwp%2Fv2%2Fproduct_cat&post=26739"},{"taxonomy":"product_tag","embeddable":true,"href":"https:\/\/shop.mittgard.de\/index.php?rest_route=%2Fwp%2Fv2%2Fproduct_tag&post=26739"}],"curies":[{"name":"wp","href":"https:\/\/api.w.org\/{rel}","templated":true}]}}