{"id":26808,"date":"2026-01-15T14:18:00","date_gmt":"2026-01-15T13:18:00","guid":{"rendered":"https:\/\/shop.mittgard.de\/?post_type=product&#038;p=26808"},"modified":"2026-01-15T14:18:00","modified_gmt":"2026-01-15T13:18:00","slug":"lindgren-astrid-die-schoensten-geschichten-von-michel-aus-loenneberga","status":"publish","type":"product","link":"https:\/\/shop.mittgard.de\/?product=lindgren-astrid-die-schoensten-geschichten-von-michel-aus-loenneberga","title":{"rendered":"Lindgren, Astrid &#8222;Die sch\u00f6nsten Geschichten von Michel aus L\u00f6nneberga&#8220;"},"content":{"rendered":"<p>Ojemine, was f\u00fcr ein Lausejunge! Michel aus L\u00f6nneberga macht fast jeden Tag Unfug. Aber nie ist es derselbe Unfug zweimal, denn Michel denkt sich immer etwas Neues aus! Ob er seine kleine Schwester an der Fahnenstange hochzieht, den Kopf in der Suppensch\u00fcssel festklemmt oder seinen Vater mit Blutkl\u00f6\u00dfeteig \u00fcbergie\u00dft &#8211; vor Michels Streichen ist nichts und niemand sicher.<\/p>\n<p>Diese Sammelausgabe enth\u00e4lt alle vier Michel-Bilderb\u00fccher in einem Band: &#8222;Michel aus L\u00f6nneberga&#8220;, &#8222;Mehr von Michel aus L\u00f6nneberga&#8220;, &#8222;Als Michel den Kopf in die Suppensch\u00fcssel steckte&#8220;, und &#8222;Der Tag, an dem Michel besonders nett sein wollte&#8220;.<\/p>\n<p>Astrid Lindgren (1907 &#8211; 2002), in S\u00fcdschweden geboren und aufegwachsen, hat so unvergessliche Figuren wie Pippi Langstrumpf, Michel aus L\u00f6nneberga, Ronja R\u00e4ubertochter und viele andere mehr geschaffen. Die &#8222;wunderbarste Kinderbuchautorin aller Zeiten&#8220; (DIE ZEIT) wurde u.a. mit dem Friedenspreis des Deutschen Buchhandels und dem Alternativen Nobelpreis ausgezeichnet.<\/p>\n<p>Gebundene Ausgabe, 128 Seiten<\/p>\n","protected":false},"excerpt":{"rendered":"<p>Geb<\/p>\n","protected":false},"featured_media":26809,"template":"","meta":[],"product_brand":[],"product_cat":[197,185],"product_tag":[252,2059,2058,394],"class_list":{"0":"post-26808","1":"product","2":"type-product","3":"status-publish","4":"has-post-thumbnail","6":"product_cat-kinderbuecher","7":"product_cat-literatur","8":"product_tag-kinder","9":"product_tag-lindgren","10":"product_tag-michel","11":"product_tag-schweden","12":"product_shipping_class-paket","14":"first","15":"instock","16":"taxable","17":"shipping-taxable","18":"purchasable","19":"product-type-simple"},"_links":{"self":[{"href":"https:\/\/shop.mittgard.de\/index.php?rest_route=\/wp\/v2\/product\/26808","targetHints":{"allow":["GET"]}}],"collection":[{"href":"https:\/\/shop.mittgard.de\/index.php?rest_route=\/wp\/v2\/product"}],"about":[{"href":"https:\/\/shop.mittgard.de\/index.php?rest_route=\/wp\/v2\/types\/product"}],"wp:featuredmedia":[{"embeddable":true,"href":"https:\/\/shop.mittgard.de\/index.php?rest_route=\/wp\/v2\/media\/26809"}],"wp:attachment":[{"href":"https:\/\/shop.mittgard.de\/index.php?rest_route=%2Fwp%2Fv2%2Fmedia&parent=26808"}],"wp:term":[{"taxonomy":"product_brand","embeddable":true,"href":"https:\/\/shop.mittgard.de\/index.php?rest_route=%2Fwp%2Fv2%2Fproduct_brand&post=26808"},{"taxonomy":"product_cat","embeddable":true,"href":"https:\/\/shop.mittgard.de\/index.php?rest_route=%2Fwp%2Fv2%2Fproduct_cat&post=26808"},{"taxonomy":"product_tag","embeddable":true,"href":"https:\/\/shop.mittgard.de\/index.php?rest_route=%2Fwp%2Fv2%2Fproduct_tag&post=26808"}],"curies":[{"name":"wp","href":"https:\/\/api.w.org\/{rel}","templated":true}]}}