{"id":26821,"date":"2026-01-15T14:57:09","date_gmt":"2026-01-15T13:57:09","guid":{"rendered":"https:\/\/shop.mittgard.de\/?post_type=product&#038;p=26821"},"modified":"2026-04-06T13:28:21","modified_gmt":"2026-04-06T11:28:21","slug":"luchesi-michel-wilde-ernte-aus-dem-wald","status":"publish","type":"product","link":"https:\/\/shop.mittgard.de\/?product=luchesi-michel-wilde-ernte-aus-dem-wald","title":{"rendered":"Luchesi, Michel &#8222;Wilde Ernte aus dem Wald&#8220;"},"content":{"rendered":"<p>40 essbare Pflanzen<\/p>\n<p>Einfache Bestimmung, kompaktes Wissen &amp; leckere Rezepte<\/p>\n<p>Wilde Leckereien f\u00fcr Ihre K\u00fcche<\/p>\n<p>B\u00e4rlauch, Pilze und Waldmeister sind bekannte K\u00f6stlichkeiten aus dem Wald. Aber h\u00e4tten Sie gedacht, dass auch Farn, Fichtenspitzen oder Schl\u00fcsselblumen gut schmecken? Dieser Leitfaden hilft Ihnen, 40 essbare Wildpflanzen sicher zu bestimmen &#8211; praktisch sortiert nach den Jahreszeiten. Passende Rezepte verraten, welche Speisen und Getr\u00e4nke Sie aus Ihrer wilden Ernte zubereiten k\u00f6nnen. Und ein Erntekalender gibt den schnellen \u00dcberblick, wann was w\u00e4chst und geerntet werden kann.<\/p>\n<p>Broschiert, 104 Seiten<\/p>\n","protected":false},"excerpt":{"rendered":"<p>Br<\/p>\n","protected":false},"featured_media":26822,"template":"","meta":[],"product_brand":[],"product_cat":[186,185,206],"product_tag":[366,430,220,244],"class_list":{"0":"post-26821","1":"product","2":"type-product","3":"status-publish","4":"has-post-thumbnail","6":"product_cat-alternativ-leben","7":"product_cat-literatur","8":"product_cat-naturkost","9":"product_tag-kraeuter","10":"product_tag-pilze","11":"product_tag-selbstversorger","12":"product_tag-survival","13":"product_shipping_class-brief","15":"first","16":"onbackorder","17":"taxable","18":"shipping-taxable","19":"purchasable","20":"product-type-simple"},"_links":{"self":[{"href":"https:\/\/shop.mittgard.de\/index.php?rest_route=\/wp\/v2\/product\/26821","targetHints":{"allow":["GET"]}}],"collection":[{"href":"https:\/\/shop.mittgard.de\/index.php?rest_route=\/wp\/v2\/product"}],"about":[{"href":"https:\/\/shop.mittgard.de\/index.php?rest_route=\/wp\/v2\/types\/product"}],"wp:featuredmedia":[{"embeddable":true,"href":"https:\/\/shop.mittgard.de\/index.php?rest_route=\/wp\/v2\/media\/26822"}],"wp:attachment":[{"href":"https:\/\/shop.mittgard.de\/index.php?rest_route=%2Fwp%2Fv2%2Fmedia&parent=26821"}],"wp:term":[{"taxonomy":"product_brand","embeddable":true,"href":"https:\/\/shop.mittgard.de\/index.php?rest_route=%2Fwp%2Fv2%2Fproduct_brand&post=26821"},{"taxonomy":"product_cat","embeddable":true,"href":"https:\/\/shop.mittgard.de\/index.php?rest_route=%2Fwp%2Fv2%2Fproduct_cat&post=26821"},{"taxonomy":"product_tag","embeddable":true,"href":"https:\/\/shop.mittgard.de\/index.php?rest_route=%2Fwp%2Fv2%2Fproduct_tag&post=26821"}],"curies":[{"name":"wp","href":"https:\/\/api.w.org\/{rel}","templated":true}]}}