{"id":26833,"date":"2026-01-15T15:27:52","date_gmt":"2026-01-15T14:27:52","guid":{"rendered":"https:\/\/shop.mittgard.de\/?post_type=product&#038;p=26833"},"modified":"2026-05-04T13:29:41","modified_gmt":"2026-05-04T11:29:41","slug":"korn-wolfgang-das-geheimnis-der-megalithkulturen","status":"publish","type":"product","link":"https:\/\/shop.mittgard.de\/?product=korn-wolfgang-das-geheimnis-der-megalithkulturen","title":{"rendered":"Korn, Wolfgang &#8222;Das Geheimnis der Megalithkulturen"},"content":{"rendered":"<p>Stonehenge, Menhire, Gro\u00dfsteingr\u00e4ber<\/p>\n<p>Ob Stonehenge, Carnac oder Malta &#8211; die geheimnisvollen Bauten der Megalithzeit z\u00e4hlen zu den gr\u00f6\u00dften R\u00e4tseln der Menschheitsgeschichte<\/p>\n<p>Von Irland bis in die T\u00fcrkei, von R\u00fcgen bis Sardinien sind die steinzeitlichen Dolmen, Menhire, Ringtempel und H\u00fcnengr\u00e4ber \u00fcber ganz Europa verteilt. Doch warum t\u00fcrmten die Menschen des Neolithikums gewaltige Felsbl\u00f6cke aufeinander, die bis heute die Landschaft pr\u00e4gen? Wie war es m\u00f6glich, die tonnenschweren Massen zu bewegen? Und wer waren ihre Erbauer? Der renommierte Wissenschaftsjournalist und Historiker Wolfgang Korn erz\u00e4hlt auf der Grundlage neuester Forschungsergebnisse von Entstehung, Vielfalt und Bedeutung dieser faszinierenden Monumente.<\/p>\n<p>Broschierte Ausgabe, 256 Seiten<\/p>\n","protected":false},"excerpt":{"rendered":"<p>Br<\/p>\n","protected":false},"featured_media":26834,"template":"","meta":[],"product_brand":[],"product_cat":[189,192,185,211],"product_tag":[2065,1478,1474,2063,1476,2064],"class_list":{"0":"post-26833","1":"product","2":"type-product","3":"status-publish","4":"has-post-thumbnail","6":"product_cat-archaeologie","7":"product_cat-geschichte","8":"product_cat-literatur","9":"product_cat-sachbuch-lexika","10":"product_tag-carnac","11":"product_tag-dolmen","12":"product_tag-huenengraeber","13":"product_tag-menhire","14":"product_tag-steinkreise","15":"product_tag-stonehenge","16":"product_shipping_class-paket","18":"first","19":"onbackorder","20":"taxable","21":"shipping-taxable","22":"purchasable","23":"product-type-simple"},"_links":{"self":[{"href":"https:\/\/shop.mittgard.de\/index.php?rest_route=\/wp\/v2\/product\/26833","targetHints":{"allow":["GET"]}}],"collection":[{"href":"https:\/\/shop.mittgard.de\/index.php?rest_route=\/wp\/v2\/product"}],"about":[{"href":"https:\/\/shop.mittgard.de\/index.php?rest_route=\/wp\/v2\/types\/product"}],"wp:featuredmedia":[{"embeddable":true,"href":"https:\/\/shop.mittgard.de\/index.php?rest_route=\/wp\/v2\/media\/26834"}],"wp:attachment":[{"href":"https:\/\/shop.mittgard.de\/index.php?rest_route=%2Fwp%2Fv2%2Fmedia&parent=26833"}],"wp:term":[{"taxonomy":"product_brand","embeddable":true,"href":"https:\/\/shop.mittgard.de\/index.php?rest_route=%2Fwp%2Fv2%2Fproduct_brand&post=26833"},{"taxonomy":"product_cat","embeddable":true,"href":"https:\/\/shop.mittgard.de\/index.php?rest_route=%2Fwp%2Fv2%2Fproduct_cat&post=26833"},{"taxonomy":"product_tag","embeddable":true,"href":"https:\/\/shop.mittgard.de\/index.php?rest_route=%2Fwp%2Fv2%2Fproduct_tag&post=26833"}],"curies":[{"name":"wp","href":"https:\/\/api.w.org\/{rel}","templated":true}]}}