{"id":26838,"date":"2026-01-15T15:43:17","date_gmt":"2026-01-15T14:43:17","guid":{"rendered":"https:\/\/shop.mittgard.de\/?post_type=product&#038;p=26838"},"modified":"2026-01-17T10:44:34","modified_gmt":"2026-01-17T09:44:34","slug":"schnurr-eva-maria-die-kelten","status":"publish","type":"product","link":"https:\/\/shop.mittgard.de\/?product=schnurr-eva-maria-die-kelten","title":{"rendered":"Schnurr, Eva-Maria &#8222;Die Kelten&#8220;"},"content":{"rendered":"<p>Geheimnisse einer versunkenen Kultur<\/p>\n<p>Krieger, K\u00fcnstler und Druiden: Die Welt der Kelten<\/p>\n<p>Sie hinterlie\u00dfen pr\u00e4chtige Sch\u00e4tze und beeindruckendes Kunsthandwerk. Die R\u00f6mer f\u00fcrchteten ihre Krieger. Doch bis heute fragen sich Forscher: Wer waren die Kelten? Wie lebten und an was glaubten sie? SPIEGEL-Autoren und Experten n\u00e4hern sich in diesem Buch der faszinierenden Kultur der Kelten. Oft ausgehend von konkreten Orten und Fundstellen tragen sie die Erkenntnisse und Vermutungen von Arch\u00e4ologen, Keltologen und Sprachwissenschaftlern zusammen und zeichnen so ein immer wieder \u00fcberraschendes Bild des Lebens in der Eisenzeit. Und sie zeigen auf, welche R\u00e4tsel die geheimnisvolle Kultur der Kelten, die gro\u00dfe Teile Europas vom 6. Jahrhundert vor Christus bis zu Caesars Sieg \u00fcber die Gallier pr\u00e4gte, noch immer umgeben.<\/p>\n<p>Gebundene Ausgabe, 210 Seiten<\/p>\n","protected":false},"excerpt":{"rendered":"<p>Geb<\/p>\n","protected":false},"featured_media":26839,"template":"","meta":[],"product_brand":[],"product_cat":[189,194,185,211],"product_tag":[1481,2066,313,2067],"class_list":{"0":"post-26838","1":"product","2":"type-product","3":"status-publish","4":"has-post-thumbnail","6":"product_cat-archaeologie","7":"product_cat-kelten","8":"product_cat-literatur","9":"product_cat-sachbuch-lexika","10":"product_tag-eisenzeit","11":"product_tag-hallstatt","12":"product_tag-kelten","13":"product_tag-la-tene-zeit","14":"product_shipping_class-paket","16":"first","17":"onbackorder","18":"taxable","19":"shipping-taxable","20":"purchasable","21":"product-type-simple"},"_links":{"self":[{"href":"https:\/\/shop.mittgard.de\/index.php?rest_route=\/wp\/v2\/product\/26838","targetHints":{"allow":["GET"]}}],"collection":[{"href":"https:\/\/shop.mittgard.de\/index.php?rest_route=\/wp\/v2\/product"}],"about":[{"href":"https:\/\/shop.mittgard.de\/index.php?rest_route=\/wp\/v2\/types\/product"}],"wp:featuredmedia":[{"embeddable":true,"href":"https:\/\/shop.mittgard.de\/index.php?rest_route=\/wp\/v2\/media\/26839"}],"wp:attachment":[{"href":"https:\/\/shop.mittgard.de\/index.php?rest_route=%2Fwp%2Fv2%2Fmedia&parent=26838"}],"wp:term":[{"taxonomy":"product_brand","embeddable":true,"href":"https:\/\/shop.mittgard.de\/index.php?rest_route=%2Fwp%2Fv2%2Fproduct_brand&post=26838"},{"taxonomy":"product_cat","embeddable":true,"href":"https:\/\/shop.mittgard.de\/index.php?rest_route=%2Fwp%2Fv2%2Fproduct_cat&post=26838"},{"taxonomy":"product_tag","embeddable":true,"href":"https:\/\/shop.mittgard.de\/index.php?rest_route=%2Fwp%2Fv2%2Fproduct_tag&post=26838"}],"curies":[{"name":"wp","href":"https:\/\/api.w.org\/{rel}","templated":true}]}}