{"id":2685,"date":"2018-06-22T21:09:30","date_gmt":"2018-06-22T19:09:30","guid":{"rendered":"http:\/\/shop.mittgard.de\/?product=import-placeholder-for-3009"},"modified":"2024-12-15T13:10:58","modified_gmt":"2024-12-15T12:10:58","slug":"fritz-feik-midgard-auf-den-spuren-der-wikinger","status":"publish","type":"product","link":"https:\/\/shop.mittgard.de\/?product=fritz-feik-midgard-auf-den-spuren-der-wikinger","title":{"rendered":"Fritz &#038; Feik &#8222;Midgard &#8211; Auf den Spuren der Wikinger&#8220; Band 1"},"content":{"rendered":"<p>Band 1: Deutschland &amp; D\u00e4nemark<\/p>\n<p>Dieses Buch ist kein &#8222;normaler&#8220; Reisef\u00fchrer. Der Leser wird auf die Spuren der Wikinger entf\u00fchrt, jenen ber\u00fchmten und ber\u00fcchtigten Nordm\u00e4nnern, insbesonders den D\u00e4nen.<\/p>\n<p>Die Reise geht in ber\u00fchmte Museen und Burgen dieser Zeit. Aber auch wenig bekannte Pl\u00e4tze, Runensteine und Gr\u00e4berfelder in Norddeutschland und D\u00e4nemark werden gezeigt und ausf\u00fchrlich beschrieben.<\/p>\n<p>Dieser Reisef\u00fchrer ist unverzichtbar f\u00fcr alle Wikinger-Fans. Wer die Nordm\u00e4nner liebt, wird ohne diesen Reisef\u00fchrer nicht mehr verreisen wollen!<\/p>\n<p>Taschenbuch, 312 Seiten<\/p>\n","protected":false},"excerpt":{"rendered":"<p>Br<\/p>\n","protected":false},"featured_media":8030,"template":"","meta":[],"product_brand":[],"product_cat":[187,193,185],"product_tag":[308,309,310,311],"class_list":{"0":"post-2685","1":"product","2":"type-product","3":"status-publish","4":"has-post-thumbnail","6":"product_cat-alternativ-reisen","7":"product_cat-germanen","8":"product_cat-literatur","9":"product_tag-archaeologie","10":"product_tag-museum","11":"product_tag-reisefuehrer","12":"product_tag-wikinger","13":"product_shipping_class-paket","15":"first","16":"outofstock","17":"taxable","18":"shipping-taxable","19":"purchasable","20":"product-type-simple"},"_links":{"self":[{"href":"https:\/\/shop.mittgard.de\/index.php?rest_route=\/wp\/v2\/product\/2685","targetHints":{"allow":["GET"]}}],"collection":[{"href":"https:\/\/shop.mittgard.de\/index.php?rest_route=\/wp\/v2\/product"}],"about":[{"href":"https:\/\/shop.mittgard.de\/index.php?rest_route=\/wp\/v2\/types\/product"}],"wp:featuredmedia":[{"embeddable":true,"href":"https:\/\/shop.mittgard.de\/index.php?rest_route=\/wp\/v2\/media\/8030"}],"wp:attachment":[{"href":"https:\/\/shop.mittgard.de\/index.php?rest_route=%2Fwp%2Fv2%2Fmedia&parent=2685"}],"wp:term":[{"taxonomy":"product_brand","embeddable":true,"href":"https:\/\/shop.mittgard.de\/index.php?rest_route=%2Fwp%2Fv2%2Fproduct_brand&post=2685"},{"taxonomy":"product_cat","embeddable":true,"href":"https:\/\/shop.mittgard.de\/index.php?rest_route=%2Fwp%2Fv2%2Fproduct_cat&post=2685"},{"taxonomy":"product_tag","embeddable":true,"href":"https:\/\/shop.mittgard.de\/index.php?rest_route=%2Fwp%2Fv2%2Fproduct_tag&post=2685"}],"curies":[{"name":"wp","href":"https:\/\/api.w.org\/{rel}","templated":true}]}}