{"id":26853,"date":"2026-01-15T17:03:53","date_gmt":"2026-01-15T16:03:53","guid":{"rendered":"https:\/\/shop.mittgard.de\/?post_type=product&#038;p=26853"},"modified":"2026-04-06T13:45:57","modified_gmt":"2026-04-06T11:45:57","slug":"boie-kirsten-der-kleine-ritter-trenk","status":"publish","type":"product","link":"https:\/\/shop.mittgard.de\/?product=boie-kirsten-der-kleine-ritter-trenk","title":{"rendered":"Boie, Kirsten &#8222;Der kleine Ritter Trenk&#8220;"},"content":{"rendered":"<p>&#8230; und fast das ganze Leben im Mittelalter<\/p>\n<p>Ein Ritterabenteuer mit ziemlich viel Sachwissen<\/p>\n<p>Der kleine Ritter Trenk erlebt gemeinsam mit seiner besten Freundin Thekla ein neues Abenteuer: Der b\u00f6se Ritter Wertolt der W\u00fcterich will das Schwert Drachent\u00f6ter erbeuten und die nette Drachenfamilie erschlagen &#8211; das muss verhindert werden!<\/p>\n<p>Au\u00dferdem erz\u00e4hlt Kirsten Boie ihren Lesern viele spannende Dinge aus der Ritterzeit, die man in keinem Geschichtsbuch findet: Wie ging man im MIttelalter zur Toilette? Und was tat man, wenn man krank war? Warum durfte man beim Essen zwar r\u00fclpsen, sich aber nicht ins Tischtuch schn\u00e4uzen? Konnte man als Dame tats\u00e4chlich dem Ritter mit der Farbe des Kleides erkl\u00e4ren, dass man ihn liebte? Und warum gab es Schuhe, die \u00fcber einen halben Meter lang waren? Wahre Anekdoten aus dem MIttelalter werden berichtet, Sprichw\u00f6rter erkl\u00e4rt, die aus der Ritterzeit stammen, und obendrein k\u00f6nnen die Leser auch noch ein paar ritterliche Aktivit\u00e4ten selbst ausprobieren!<\/p>\n<p>Eine Schatztruhe voll spannendem Mittelalter-Wissen!<\/p>\n<p>Gebundene Ausgabe, 272 Seiten<\/p>\n","protected":false},"excerpt":{"rendered":"<p>Geb<\/p>\n","protected":false},"featured_media":26854,"template":"","meta":[],"product_brand":[],"product_cat":[192,197,185],"product_tag":[453,252,236,338],"class_list":{"0":"post-26853","1":"product","2":"type-product","3":"status-publish","4":"has-post-thumbnail","6":"product_cat-geschichte","7":"product_cat-kinderbuecher","8":"product_cat-literatur","9":"product_tag-burgen","10":"product_tag-kinder","11":"product_tag-mittelalter","12":"product_tag-ritter","13":"product_shipping_class-paket","15":"first","16":"onbackorder","17":"taxable","18":"shipping-taxable","19":"purchasable","20":"product-type-simple"},"_links":{"self":[{"href":"https:\/\/shop.mittgard.de\/index.php?rest_route=\/wp\/v2\/product\/26853","targetHints":{"allow":["GET"]}}],"collection":[{"href":"https:\/\/shop.mittgard.de\/index.php?rest_route=\/wp\/v2\/product"}],"about":[{"href":"https:\/\/shop.mittgard.de\/index.php?rest_route=\/wp\/v2\/types\/product"}],"wp:featuredmedia":[{"embeddable":true,"href":"https:\/\/shop.mittgard.de\/index.php?rest_route=\/wp\/v2\/media\/26854"}],"wp:attachment":[{"href":"https:\/\/shop.mittgard.de\/index.php?rest_route=%2Fwp%2Fv2%2Fmedia&parent=26853"}],"wp:term":[{"taxonomy":"product_brand","embeddable":true,"href":"https:\/\/shop.mittgard.de\/index.php?rest_route=%2Fwp%2Fv2%2Fproduct_brand&post=26853"},{"taxonomy":"product_cat","embeddable":true,"href":"https:\/\/shop.mittgard.de\/index.php?rest_route=%2Fwp%2Fv2%2Fproduct_cat&post=26853"},{"taxonomy":"product_tag","embeddable":true,"href":"https:\/\/shop.mittgard.de\/index.php?rest_route=%2Fwp%2Fv2%2Fproduct_tag&post=26853"}],"curies":[{"name":"wp","href":"https:\/\/api.w.org\/{rel}","templated":true}]}}