{"id":26864,"date":"2026-01-15T17:37:03","date_gmt":"2026-01-15T16:37:03","guid":{"rendered":"https:\/\/shop.mittgard.de\/?post_type=product&#038;p=26864"},"modified":"2026-01-15T17:38:40","modified_gmt":"2026-01-15T16:38:40","slug":"wohlleben-peter-schule-des-waldes","status":"publish","type":"product","link":"https:\/\/shop.mittgard.de\/?product=wohlleben-peter-schule-des-waldes","title":{"rendered":"Wohlleben, Peter &#8222;Schule des Waldes&#8220;"},"content":{"rendered":"<p>Was der Wald uns \u00fcbers Leben lehrt<\/p>\n<p>Ein Buch f\u00fcr alle Naturfans ab 4 Jahren<\/p>\n<p>Rein ins Herz der Natur &#8211; Willkommen in der Schule des Waldes!<\/p>\n<p>Unterm Bl\u00e4tterdach wartet das tollste Klassenzimmer der Welt. Macht es euch auf einem Baumstamm gem\u00fctlich und schaut, was alles auf dem Stundenplan von unserem Lieblingsf\u00f6rster Peter Wohlleben steht! Lasst euch von den Tieren und Pflanzen des Waldes erz\u00e4hlen, wie das Wetter wird, findet heraus, wer im Wald befreundet ist, lernt, warum Buchen sich verabreden und noch so viel mehr.<\/p>\n<p>30 spannende Abenteuer f\u00fcr die ganze Familie und jede Menge Erstaunliches \u00fcber die faszinierende Welt der B\u00e4ume und Tiere!<\/p>\n<p>Im Wald die Geheimnisse des Lebens kennenlernen<\/p>\n<p>Gebundene Ausgabe, 78 Seiten<\/p>\n","protected":false},"excerpt":{"rendered":"<p>Geb<\/p>\n","protected":false},"featured_media":26865,"template":"","meta":[],"product_brand":[],"product_cat":[186,197,185],"product_tag":[651,252,243,527,447],"class_list":{"0":"post-26864","1":"product","2":"type-product","3":"status-publish","4":"has-post-thumbnail","6":"product_cat-alternativ-leben","7":"product_cat-kinderbuecher","8":"product_cat-literatur","9":"product_tag-bilderbuch","10":"product_tag-kinder","11":"product_tag-natur","12":"product_tag-tiere","13":"product_tag-wald","14":"product_shipping_class-paket","16":"first","17":"instock","18":"taxable","19":"shipping-taxable","20":"purchasable","21":"product-type-simple"},"_links":{"self":[{"href":"https:\/\/shop.mittgard.de\/index.php?rest_route=\/wp\/v2\/product\/26864","targetHints":{"allow":["GET"]}}],"collection":[{"href":"https:\/\/shop.mittgard.de\/index.php?rest_route=\/wp\/v2\/product"}],"about":[{"href":"https:\/\/shop.mittgard.de\/index.php?rest_route=\/wp\/v2\/types\/product"}],"wp:featuredmedia":[{"embeddable":true,"href":"https:\/\/shop.mittgard.de\/index.php?rest_route=\/wp\/v2\/media\/26865"}],"wp:attachment":[{"href":"https:\/\/shop.mittgard.de\/index.php?rest_route=%2Fwp%2Fv2%2Fmedia&parent=26864"}],"wp:term":[{"taxonomy":"product_brand","embeddable":true,"href":"https:\/\/shop.mittgard.de\/index.php?rest_route=%2Fwp%2Fv2%2Fproduct_brand&post=26864"},{"taxonomy":"product_cat","embeddable":true,"href":"https:\/\/shop.mittgard.de\/index.php?rest_route=%2Fwp%2Fv2%2Fproduct_cat&post=26864"},{"taxonomy":"product_tag","embeddable":true,"href":"https:\/\/shop.mittgard.de\/index.php?rest_route=%2Fwp%2Fv2%2Fproduct_tag&post=26864"}],"curies":[{"name":"wp","href":"https:\/\/api.w.org\/{rel}","templated":true}]}}