{"id":26874,"date":"2026-01-15T18:00:04","date_gmt":"2026-01-15T17:00:04","guid":{"rendered":"https:\/\/shop.mittgard.de\/?post_type=product&#038;p=26874"},"modified":"2026-05-04T13:30:07","modified_gmt":"2026-05-04T11:30:07","slug":"wohlleben-carina-peter-wie-schlaeft-der-wald","status":"publish","type":"product","link":"https:\/\/shop.mittgard.de\/?product=wohlleben-carina-peter-wie-schlaeft-der-wald","title":{"rendered":"Wohlleben, Carina &#038; Peter &#8222;Wie schl\u00e4ft der Wald?&#8220;"},"content":{"rendered":"<p>Alle Waldtiere schlafen anders<\/p>\n<p>Schlafenszeit bei Familie Wildschwein! Aber Wildschweinm\u00e4dchen Fritzi ist noch nicht m\u00fcde. Also tapst Fritzi neugierig in den Wald. Auf ihrem Spaziergang bemerkt sie, dass jedes Tier unterschiedlich schl\u00e4ft. Das Reh legt sich alleine in eine Kuhle, der Specht g\u00e4hnt hoch oben im Baum, und die Flederm\u00e4use schlummern \u00fcber Kopf. Als Fritzi nach Hause kommt, schl\u00e4ft ihre Familie eng zusammengekuschelt auf dem weichen Moos. Wie gem\u00fctlich! Fritzi schmiegt sich fest an ihre Eltern, und ganz langsam fallen ihr die Augen zu. Wovon Fritzi wohl tr\u00e4umt?<\/p>\n<p>Eine wunderbare Gute-Nacht-Geschichte aus dem Wald f\u00fcr alle kleinen Naturfans ab 24 Monaten<\/p>\n<p>Pappband, 12 Seiten<\/p>\n","protected":false},"excerpt":{"rendered":"<p>Pappband<\/p>\n","protected":false},"featured_media":26875,"template":"","meta":[],"product_brand":[],"product_cat":[197,185],"product_tag":[2071,2074,243,2073,2072,447],"class_list":{"0":"post-26874","1":"product","2":"type-product","3":"status-publish","4":"has-post-thumbnail","6":"product_cat-kinderbuecher","7":"product_cat-literatur","8":"product_tag-gute-nacht-geschichten","9":"product_tag-kleinkinder","10":"product_tag-natur","11":"product_tag-pappband","12":"product_tag-schlafbuch","13":"product_tag-wald","14":"product_shipping_class-paket","16":"first","17":"onbackorder","18":"taxable","19":"shipping-taxable","20":"purchasable","21":"product-type-simple"},"_links":{"self":[{"href":"https:\/\/shop.mittgard.de\/index.php?rest_route=\/wp\/v2\/product\/26874","targetHints":{"allow":["GET"]}}],"collection":[{"href":"https:\/\/shop.mittgard.de\/index.php?rest_route=\/wp\/v2\/product"}],"about":[{"href":"https:\/\/shop.mittgard.de\/index.php?rest_route=\/wp\/v2\/types\/product"}],"wp:featuredmedia":[{"embeddable":true,"href":"https:\/\/shop.mittgard.de\/index.php?rest_route=\/wp\/v2\/media\/26875"}],"wp:attachment":[{"href":"https:\/\/shop.mittgard.de\/index.php?rest_route=%2Fwp%2Fv2%2Fmedia&parent=26874"}],"wp:term":[{"taxonomy":"product_brand","embeddable":true,"href":"https:\/\/shop.mittgard.de\/index.php?rest_route=%2Fwp%2Fv2%2Fproduct_brand&post=26874"},{"taxonomy":"product_cat","embeddable":true,"href":"https:\/\/shop.mittgard.de\/index.php?rest_route=%2Fwp%2Fv2%2Fproduct_cat&post=26874"},{"taxonomy":"product_tag","embeddable":true,"href":"https:\/\/shop.mittgard.de\/index.php?rest_route=%2Fwp%2Fv2%2Fproduct_tag&post=26874"}],"curies":[{"name":"wp","href":"https:\/\/api.w.org\/{rel}","templated":true}]}}