{"id":26892,"date":"2026-02-02T13:08:18","date_gmt":"2026-02-02T12:08:18","guid":{"rendered":"https:\/\/shop.mittgard.de\/?post_type=product&#038;p=26892"},"modified":"2026-02-02T13:08:19","modified_gmt":"2026-02-02T12:08:19","slug":"becherdeckchen-1","status":"publish","type":"product","link":"https:\/\/shop.mittgard.de\/?product=becherdeckchen-1","title":{"rendered":"Becherdeckchen 1"},"content":{"rendered":"<p>Ein kleines T\u00fcchlein aus 100% nat\u00fcrlichem Diamantk\u00f6perleinen, 15 x 15 cm gro\u00df, umn\u00e4ht mit orangenem Leinengarn. An den Ecken h\u00e4ngen Glas- &amp; Keramikperlen, um mit deren Gewicht das Deckchen \u00fcber dem Becherchen zu halten. So abgedeckt k\u00f6nnen keine Fliegen &amp; Wespen in dein Getr\u00e4nk im Becherchen gelangen.<\/p>\n<p>Einzelst\u00fcck, handgen\u00e4ht<\/p>\n","protected":false},"excerpt":{"rendered":"<p>Leinen<\/p>\n","protected":false},"featured_media":26893,"template":"","meta":[],"product_brand":[],"product_cat":[665,562,570,56],"product_tag":[2076,2075,524,592],"class_list":{"0":"post-26892","1":"product","2":"type-product","3":"status-publish","4":"has-post-thumbnail","6":"product_cat-diverses","7":"product_cat-gewandungen","8":"product_cat-naehzubehoer","9":"product_cat-restekiste","10":"product_tag-abdecken","11":"product_tag-becher","12":"product_tag-getraenke","13":"product_tag-sommer","14":"product_shipping_class-brief","16":"first","17":"instock","18":"sold-individually","19":"taxable","20":"shipping-taxable","21":"purchasable","22":"product-type-simple"},"_links":{"self":[{"href":"https:\/\/shop.mittgard.de\/index.php?rest_route=\/wp\/v2\/product\/26892","targetHints":{"allow":["GET"]}}],"collection":[{"href":"https:\/\/shop.mittgard.de\/index.php?rest_route=\/wp\/v2\/product"}],"about":[{"href":"https:\/\/shop.mittgard.de\/index.php?rest_route=\/wp\/v2\/types\/product"}],"wp:featuredmedia":[{"embeddable":true,"href":"https:\/\/shop.mittgard.de\/index.php?rest_route=\/wp\/v2\/media\/26893"}],"wp:attachment":[{"href":"https:\/\/shop.mittgard.de\/index.php?rest_route=%2Fwp%2Fv2%2Fmedia&parent=26892"}],"wp:term":[{"taxonomy":"product_brand","embeddable":true,"href":"https:\/\/shop.mittgard.de\/index.php?rest_route=%2Fwp%2Fv2%2Fproduct_brand&post=26892"},{"taxonomy":"product_cat","embeddable":true,"href":"https:\/\/shop.mittgard.de\/index.php?rest_route=%2Fwp%2Fv2%2Fproduct_cat&post=26892"},{"taxonomy":"product_tag","embeddable":true,"href":"https:\/\/shop.mittgard.de\/index.php?rest_route=%2Fwp%2Fv2%2Fproduct_tag&post=26892"}],"curies":[{"name":"wp","href":"https:\/\/api.w.org\/{rel}","templated":true}]}}