{"id":26901,"date":"2026-02-19T14:18:42","date_gmt":"2026-02-19T13:18:42","guid":{"rendered":"https:\/\/shop.mittgard.de\/?post_type=product&#038;p=26901"},"modified":"2026-02-19T14:18:48","modified_gmt":"2026-02-19T13:18:48","slug":"diverse-dreher-fachkunde","status":"publish","type":"product","link":"https:\/\/shop.mittgard.de\/?product=diverse-dreher-fachkunde","title":{"rendered":"Diverse &#8222;Dreher Fachkunde&#8220;"},"content":{"rendered":"<div><strong>Dreher-Fachkunde<\/p>\n<p>Grundlagenwerk zur Ausbildung an der Drehmaschine<\/p>\n<p>Mit einem Anhang \u00bbSchleifen, Hobeln, Fr\u00e4sen, Fachrechnen\u00ab<\/strong><\/p>\n<p>Dieses Handbuch erfreute sich 40 Jahre lang gro\u00dfer Beliebtheit als Ausbildungsbuch f\u00fcr die Metallverarbeitung an der Drehmaschine. Es erlebte zahlreiche Auflagen und war in der Zeit der mechanischen (analogen) Drehmaschinen ein Standardwerk.<\/p>\n<p>Der hier vorliegende Nachdruck der Ausgabe 1955 l\u00e4sst kaum eine Frage offen was die Arbeiten an der Drehmaschine anbelangt.<\/p>\n<p>Mit 813 Bildern und leicht verst\u00e4ndlichen Erkl\u00e4rungen erl\u00e4utert es dem Drehbanknutzer alle anfallenden Arbeiten. In didaktischer Weise wird zun\u00e4chst die Drehmaschine mit allen Einzelheiten gezeigt, dann das richtige Messen von Werkst\u00fccken, die Drehwerkzeuge bildlich und textlich erl\u00e4utert, die Grundlagen des Drehvorgangs, die Anfertigung verschiedener \u00dcbungs-Werkst\u00fccke, Berechnungen, Au\u00dfendrehen, Innendrehen, Gewindeschneiden usw.<\/p>\n<p>Weicheinband, A4, 208 S., Nachdruck, 813 Abb., Neuware\/Nachdruck.<\/p><\/div>\n","protected":false},"excerpt":{"rendered":"<p>Br<\/p>\n","protected":false},"featured_media":26902,"template":"","meta":[],"product_brand":[],"product_cat":[188,185],"product_tag":[2012,2077,274,922],"class_list":{"0":"post-26901","1":"product","2":"type-product","3":"status-publish","4":"has-post-thumbnail","6":"product_cat-altes-handwerk","7":"product_cat-literatur","8":"product_tag-altes-handwerk","9":"product_tag-dreher","10":"product_tag-metallverarbeitung","11":"product_tag-reprint","12":"product_shipping_class-paket","14":"first","15":"instock","16":"taxable","17":"shipping-taxable","18":"purchasable","19":"product-type-simple"},"_links":{"self":[{"href":"https:\/\/shop.mittgard.de\/index.php?rest_route=\/wp\/v2\/product\/26901","targetHints":{"allow":["GET"]}}],"collection":[{"href":"https:\/\/shop.mittgard.de\/index.php?rest_route=\/wp\/v2\/product"}],"about":[{"href":"https:\/\/shop.mittgard.de\/index.php?rest_route=\/wp\/v2\/types\/product"}],"wp:featuredmedia":[{"embeddable":true,"href":"https:\/\/shop.mittgard.de\/index.php?rest_route=\/wp\/v2\/media\/26902"}],"wp:attachment":[{"href":"https:\/\/shop.mittgard.de\/index.php?rest_route=%2Fwp%2Fv2%2Fmedia&parent=26901"}],"wp:term":[{"taxonomy":"product_brand","embeddable":true,"href":"https:\/\/shop.mittgard.de\/index.php?rest_route=%2Fwp%2Fv2%2Fproduct_brand&post=26901"},{"taxonomy":"product_cat","embeddable":true,"href":"https:\/\/shop.mittgard.de\/index.php?rest_route=%2Fwp%2Fv2%2Fproduct_cat&post=26901"},{"taxonomy":"product_tag","embeddable":true,"href":"https:\/\/shop.mittgard.de\/index.php?rest_route=%2Fwp%2Fv2%2Fproduct_tag&post=26901"}],"curies":[{"name":"wp","href":"https:\/\/api.w.org\/{rel}","templated":true}]}}