{"id":26930,"date":"2026-03-19T14:13:22","date_gmt":"2026-03-19T13:13:22","guid":{"rendered":"https:\/\/shop.mittgard.de\/?post_type=product&#038;p=26930"},"modified":"2026-03-19T14:13:23","modified_gmt":"2026-03-19T13:13:23","slug":"muhr-gisela-hildegard-von-bingen","status":"publish","type":"product","link":"https:\/\/shop.mittgard.de\/?product=muhr-gisela-hildegard-von-bingen","title":{"rendered":"Muhr, Gisela &#8222;Hildegard von Bingen&#8220;"},"content":{"rendered":"<p>Der Mensch im Einklang mit der Natur<\/p>\n<p>Viele Weisheiten und Erkenntnisse der Heiligen Hildegard sind hochaktuell. Nach Jahrzehnten der reinen Fortschrittsgl\u00e4ubigkeit suchen die Menschen Wege, im Einklang und mit Hilfe der Natur zu gr\u00f6\u00dferem Wohlbefinden zu gelangen. Hildegards Studien bergen einen beeindruckenden Fundus an Ratschl\u00e4gen zur Heilkunde.<\/p>\n<p>Bewahrtes und Bew\u00e4hrtes f\u00fcr K\u00f6rper und Seele<\/p>\n<p>Dieses Buch gibt einen \u00dcberblick \u00fcber die Welt Hildegards und l\u00e4sst dieses Wissen unmittelbar in konkrete Tipps und Rezepte zum praktischen Gebrauch m\u00fcnden. Es enth\u00e4lt viele Koch-, Fasten- und Heilrezepte auf Basis der Kr\u00e4uterkunde und Hildegards ganzheitlichem Ansatz. Dabei konzentriert es sich auf Ratschl\u00e4ge, die sich als nachweisbar wirksam erwiesen haben. Deren Vielzahl l\u00e4sst den Leser staunen.<\/p>\n<p>Die Autorin Gisela Muhr (*1958) schrieb in den letzten zehn Jahren viele Ratgeber zu Familien- und Gesundheitsthemen. Ihr jahrelang gesammeltes Wissen um das Leben un die Leistungen der Heiligen Hildegard konnte sie nun endlich aussch\u00f6pfen.<\/p>\n<p>Gebundene Ausgabe, 130 Seiten<\/p>\n","protected":false},"excerpt":{"rendered":"<p>Geb<\/p>\n","protected":false},"featured_media":26931,"template":"","meta":[],"product_brand":[],"product_cat":[186,192,185,201,206],"product_tag":[2087,1355,236,2086,1112],"class_list":{"0":"post-26930","1":"product","2":"type-product","3":"status-publish","4":"has-post-thumbnail","6":"product_cat-alternativ-leben","7":"product_cat-geschichte","8":"product_cat-literatur","9":"product_cat-naturheilkunde-kraeuterwissen","10":"product_cat-naturkost","11":"product_tag-heilige","12":"product_tag-kraeuterheilkunde","13":"product_tag-mittelalter","14":"product_tag-mittelalterkueche","15":"product_tag-naturheilkunde","16":"product_shipping_class-paket","18":"first","19":"instock","20":"taxable","21":"shipping-taxable","22":"purchasable","23":"product-type-simple"},"_links":{"self":[{"href":"https:\/\/shop.mittgard.de\/index.php?rest_route=\/wp\/v2\/product\/26930","targetHints":{"allow":["GET"]}}],"collection":[{"href":"https:\/\/shop.mittgard.de\/index.php?rest_route=\/wp\/v2\/product"}],"about":[{"href":"https:\/\/shop.mittgard.de\/index.php?rest_route=\/wp\/v2\/types\/product"}],"wp:featuredmedia":[{"embeddable":true,"href":"https:\/\/shop.mittgard.de\/index.php?rest_route=\/wp\/v2\/media\/26931"}],"wp:attachment":[{"href":"https:\/\/shop.mittgard.de\/index.php?rest_route=%2Fwp%2Fv2%2Fmedia&parent=26930"}],"wp:term":[{"taxonomy":"product_brand","embeddable":true,"href":"https:\/\/shop.mittgard.de\/index.php?rest_route=%2Fwp%2Fv2%2Fproduct_brand&post=26930"},{"taxonomy":"product_cat","embeddable":true,"href":"https:\/\/shop.mittgard.de\/index.php?rest_route=%2Fwp%2Fv2%2Fproduct_cat&post=26930"},{"taxonomy":"product_tag","embeddable":true,"href":"https:\/\/shop.mittgard.de\/index.php?rest_route=%2Fwp%2Fv2%2Fproduct_tag&post=26930"}],"curies":[{"name":"wp","href":"https:\/\/api.w.org\/{rel}","templated":true}]}}