{"id":2696,"date":"2018-06-22T21:09:32","date_gmt":"2018-06-22T19:09:32","guid":{"rendered":"http:\/\/shop.mittgard.de\/?product=import-placeholder-for-3020"},"modified":"2024-12-15T13:28:53","modified_gmt":"2024-12-15T12:28:53","slug":"arendt-helena-werkstatt-pflanzenfarben","status":"publish","type":"product","link":"https:\/\/shop.mittgard.de\/?product=arendt-helena-werkstatt-pflanzenfarben","title":{"rendered":"Arendt, Helena &#8222;Werkstatt Pflanzenfarben&#8220;"},"content":{"rendered":"<p>Nat\u00fcrliche Malfarben selbst herstellen und anwenden<\/p>\n<p>Eine Entdeckungsreise in die wunderbare Welt der Pflanzenfarben<\/p>\n<p>Natur- und Pflanzenfarben zum Malen haben eine Jahrtausende alte Tradition. Im Unterschied zu synthetischen Farben haben sie zwar eine beschr\u00e4nkte Haltbarkeit und Best\u00e4ndigkeit, daf\u00fcr \u00fcberraschen sie mit einzigartigen Farbkl\u00e4ngen und mit einer unnachahmlichen sinnlichen, lebendigen Wirkung.<\/p>\n<p>Das Buch enth\u00e4lt:<\/p>\n<p>&#8211; Die Bedeutung der Pflanzenfarben im Mittelalter<br \/>\n&#8211; Zahlreiche bew\u00e4hrte Rezepturen f\u00fcr Malfarben zum Selbermachen<br \/>\n&#8211; Portraits von allen wichtigen F\u00e4rbepflanzen mit botanischer Beschreibung und Anleitung zur Farbenherstellung<br \/>\n&#8211; Eine F\u00fclle k\u00fcnstlerische Beispiele zur Anwendung der nat\u00fcrlichen Malfarben<\/p>\n<p>Umfassend, reich bebildert, mit zahlreichen Hintergrundinformationen und Tipps aus der Praxis. Ein Buch f\u00fcr alle, die sich f\u00fcr nat\u00fcrliche Farben interessieren, f\u00fcr Schulen, Hobbymalerinnen und K\u00fcnstler.<\/p>\n<p>Gebundene Ausgabe, 175 Seiten<\/p>\n","protected":false},"excerpt":{"rendered":"<p>Geb<\/p>\n","protected":false},"featured_media":7820,"template":"","meta":[],"product_brand":[],"product_cat":[188,185],"product_tag":[226,259,258],"class_list":{"0":"post-2696","1":"product","2":"type-product","3":"status-publish","4":"has-post-thumbnail","6":"product_cat-altes-handwerk","7":"product_cat-literatur","8":"product_tag-basteln","9":"product_tag-malen","10":"product_tag-pflanzenfarben","11":"product_shipping_class-paket","13":"first","14":"instock","15":"taxable","16":"shipping-taxable","17":"purchasable","18":"product-type-simple"},"_links":{"self":[{"href":"https:\/\/shop.mittgard.de\/index.php?rest_route=\/wp\/v2\/product\/2696","targetHints":{"allow":["GET"]}}],"collection":[{"href":"https:\/\/shop.mittgard.de\/index.php?rest_route=\/wp\/v2\/product"}],"about":[{"href":"https:\/\/shop.mittgard.de\/index.php?rest_route=\/wp\/v2\/types\/product"}],"wp:featuredmedia":[{"embeddable":true,"href":"https:\/\/shop.mittgard.de\/index.php?rest_route=\/wp\/v2\/media\/7820"}],"wp:attachment":[{"href":"https:\/\/shop.mittgard.de\/index.php?rest_route=%2Fwp%2Fv2%2Fmedia&parent=2696"}],"wp:term":[{"taxonomy":"product_brand","embeddable":true,"href":"https:\/\/shop.mittgard.de\/index.php?rest_route=%2Fwp%2Fv2%2Fproduct_brand&post=2696"},{"taxonomy":"product_cat","embeddable":true,"href":"https:\/\/shop.mittgard.de\/index.php?rest_route=%2Fwp%2Fv2%2Fproduct_cat&post=2696"},{"taxonomy":"product_tag","embeddable":true,"href":"https:\/\/shop.mittgard.de\/index.php?rest_route=%2Fwp%2Fv2%2Fproduct_tag&post=2696"}],"curies":[{"name":"wp","href":"https:\/\/api.w.org\/{rel}","templated":true}]}}