{"id":26963,"date":"2026-05-04T13:47:35","date_gmt":"2026-05-04T11:47:35","guid":{"rendered":"https:\/\/shop.mittgard.de\/?post_type=product&#038;p=26963"},"modified":"2026-05-04T13:47:35","modified_gmt":"2026-05-04T11:47:35","slug":"bauer-alexandra-das-raetselhafte-abenteuer-des-kleinen-goblin","status":"publish","type":"product","link":"https:\/\/shop.mittgard.de\/?product=bauer-alexandra-das-raetselhafte-abenteuer-des-kleinen-goblin","title":{"rendered":"Bauer, Alexandra &#8222;Das r\u00e4tselhafte Abenteuer des kleinen Goblin&#8220;"},"content":{"rendered":"<p>Manch ein Mensch kam bei Goblin-Scherzen bereits zu Schaden. Das wei\u00df Caja, als sie auf den kleinen Goblin Bipin trifft. Dennoch wagt sie sich an das weinende Anderwesen heran. Sie erf\u00e4hrt von ihm, dass er bei seinem Wettstreit seinen Mumpitz verloren hat. Gegen alle Vernunft entschlie\u00dft sie sich, Bipin zu helfen, und ger\u00e4t dabei in das r\u00e4tselhafte Abenteuer des kleinen Goblin.<\/p>\n<p>Softcover, 136 Seiten<\/p>\n","protected":false},"excerpt":{"rendered":"<p>SC<\/p>\n","protected":false},"featured_media":26964,"template":"","meta":[],"product_brand":[],"product_cat":[197,185],"product_tag":[2090,1530,2091],"class_list":{"0":"post-26963","1":"product","2":"type-product","3":"status-publish","4":"has-post-thumbnail","6":"product_cat-kinderbuecher","7":"product_cat-literatur","8":"product_tag-goblin","9":"product_tag-kinderbuch","10":"product_tag-magische-wesen","11":"product_shipping_class-brief","13":"first","14":"instock","15":"taxable","16":"shipping-taxable","17":"purchasable","18":"product-type-simple"},"_links":{"self":[{"href":"https:\/\/shop.mittgard.de\/index.php?rest_route=\/wp\/v2\/product\/26963","targetHints":{"allow":["GET"]}}],"collection":[{"href":"https:\/\/shop.mittgard.de\/index.php?rest_route=\/wp\/v2\/product"}],"about":[{"href":"https:\/\/shop.mittgard.de\/index.php?rest_route=\/wp\/v2\/types\/product"}],"wp:featuredmedia":[{"embeddable":true,"href":"https:\/\/shop.mittgard.de\/index.php?rest_route=\/wp\/v2\/media\/26964"}],"wp:attachment":[{"href":"https:\/\/shop.mittgard.de\/index.php?rest_route=%2Fwp%2Fv2%2Fmedia&parent=26963"}],"wp:term":[{"taxonomy":"product_brand","embeddable":true,"href":"https:\/\/shop.mittgard.de\/index.php?rest_route=%2Fwp%2Fv2%2Fproduct_brand&post=26963"},{"taxonomy":"product_cat","embeddable":true,"href":"https:\/\/shop.mittgard.de\/index.php?rest_route=%2Fwp%2Fv2%2Fproduct_cat&post=26963"},{"taxonomy":"product_tag","embeddable":true,"href":"https:\/\/shop.mittgard.de\/index.php?rest_route=%2Fwp%2Fv2%2Fproduct_tag&post=26963"}],"curies":[{"name":"wp","href":"https:\/\/api.w.org\/{rel}","templated":true}]}}