{"id":26972,"date":"2026-05-07T11:00:49","date_gmt":"2026-05-07T09:00:49","guid":{"rendered":"https:\/\/shop.mittgard.de\/?post_type=product&#038;p=26972"},"modified":"2026-05-07T11:03:21","modified_gmt":"2026-05-07T09:03:21","slug":"pileus-pannonicus-roemermuetze-2-rot-braun","status":"publish","type":"product","link":"https:\/\/shop.mittgard.de\/?product=pileus-pannonicus-roemermuetze-2-rot-braun","title":{"rendered":"Pileus pannonicus &#8211; R\u00f6merm\u00fctze 2 rot\/braun"},"content":{"rendered":"<p>Der Pileus ist eine antike M\u00fctzenform aus Kleinasien, die erst in Griechenland von Seeleuten, Fischern und Handwerkern getragen wurde. Sp\u00e4ter durften freigelassene Sklaven im alten Rom den Pileus tragen. Er wurde bald so beliebt, da\u00df er DIE Kopfbedeckung des r\u00f6mischen Heeres wurde. Der Pileus wurde bis ins Fr\u00fchmittelalter \u00fcberall getragen und viele sp\u00e4tere M\u00fctzenformen haben sich aus ihm entwickelt. In Albanien und Georgien wird er heute noch getragen.<\/p>\n<p>aus 100 %\u00a0 blutrotem Wollstoff, der Deckel aus 100 % dunkelbraunem Wollstoff, Kopfumfang: 55 cm &#8211; sehr klein<\/p>\n","protected":false},"excerpt":{"rendered":"<p>Wolle<\/p>\n","protected":false},"featured_media":26973,"template":"","meta":[],"product_brand":[],"product_cat":[562,566],"product_tag":[522,1373,1255,584,314],"class_list":{"0":"post-26972","1":"product","2":"type-product","3":"status-publish","4":"has-post-thumbnail","6":"product_cat-gewandungen","7":"product_cat-kopfbedeckungen","8":"product_tag-antike","9":"product_tag-balkan","10":"product_tag-hochmittelalter","11":"product_tag-muetze","12":"product_tag-roemer","13":"product_shipping_class-brief","15":"first","16":"instock","17":"sold-individually","18":"taxable","19":"shipping-taxable","20":"purchasable","21":"product-type-simple"},"_links":{"self":[{"href":"https:\/\/shop.mittgard.de\/index.php?rest_route=\/wp\/v2\/product\/26972","targetHints":{"allow":["GET"]}}],"collection":[{"href":"https:\/\/shop.mittgard.de\/index.php?rest_route=\/wp\/v2\/product"}],"about":[{"href":"https:\/\/shop.mittgard.de\/index.php?rest_route=\/wp\/v2\/types\/product"}],"wp:featuredmedia":[{"embeddable":true,"href":"https:\/\/shop.mittgard.de\/index.php?rest_route=\/wp\/v2\/media\/26973"}],"wp:attachment":[{"href":"https:\/\/shop.mittgard.de\/index.php?rest_route=%2Fwp%2Fv2%2Fmedia&parent=26972"}],"wp:term":[{"taxonomy":"product_brand","embeddable":true,"href":"https:\/\/shop.mittgard.de\/index.php?rest_route=%2Fwp%2Fv2%2Fproduct_brand&post=26972"},{"taxonomy":"product_cat","embeddable":true,"href":"https:\/\/shop.mittgard.de\/index.php?rest_route=%2Fwp%2Fv2%2Fproduct_cat&post=26972"},{"taxonomy":"product_tag","embeddable":true,"href":"https:\/\/shop.mittgard.de\/index.php?rest_route=%2Fwp%2Fv2%2Fproduct_tag&post=26972"}],"curies":[{"name":"wp","href":"https:\/\/api.w.org\/{rel}","templated":true}]}}