{"id":26989,"date":"2026-05-12T13:16:50","date_gmt":"2026-05-12T11:16:50","guid":{"rendered":"https:\/\/shop.mittgard.de\/?post_type=product&#038;p=26989"},"modified":"2026-05-12T13:17:13","modified_gmt":"2026-05-12T11:17:13","slug":"weidenweber-christine-alte-gemuesesorten-und-wildkraeuter-selbst-anbauen","status":"publish","type":"product","link":"https:\/\/shop.mittgard.de\/?product=weidenweber-christine-alte-gemuesesorten-und-wildkraeuter-selbst-anbauen","title":{"rendered":"Weidenweber, Christine &#8222;Alte Gem\u00fcsesorten und Wildkr\u00e4uter selbst anbauen&#8220;"},"content":{"rendered":"<p>Gesunde Sch\u00e4tze f\u00fcr den Garten<\/p>\n<p>Alte Gem\u00fcsesorten werden immer beliebter. Sie sind weniger anf\u00e4llig gegen\u00fcber Krankheiten und Sch\u00e4dlingen, robust und leicht zu kultivieren und h\u00e4ufig wahre Pflanzensch\u00e4tze, die nicht in jedem Garten zu finden sind. Neben Haferwurzel, Pastinake und Steckr\u00fcbe sind es auch Wildkr\u00e4uter, wie Giersch und Vogelmiere, die wir manchmal auch schon ohne unser Zutun in unseren Beeten finden.<\/p>\n<p>Mit einigen Grundkenntnissen zum Anbau und zur Pflege lassen sich alte Gem\u00fcsesorten und so manche Rarit\u00e4t problemlos im heimischen Garten integrieren. Mit Sicherheit werden sie schon bald zum Lieblingsgem\u00fcse avancieren und so mit viel Freude gleichzeitig auch den Erhalt alter Sorten f\u00f6rdern.<\/p>\n<ul>\n<li>Gem\u00fcse aus Gro\u00dfmutters Zeiten<\/li>\n<li>Kartoffelvielfalt &#8211; nicht nur ein Augenschmaus<\/li>\n<li>Alte K\u00fcrbissorten &#8211; k\u00f6stlich und dekorativ<\/li>\n<li>Salate und Wildkr\u00e4uter von Mutter Natur frisch auf den Tisch<\/li>\n<li>Hochsaison f\u00fcr Pilzliebhaber<\/li>\n<\/ul>\n<p>Autorin:<\/p>\n<p>Dipl.-Ing.agr. Christine Weidenweber ist als Autorin, Fachjournalistin und Lektorin in den Bereichen Gartenbau und Landwirtschaft t\u00e4tig. Sie baut auch im eigenen Garten viele alte Gem\u00fcsesorten an und testet sie dort auf ihre Tauglichkeit.<\/p>\n<p>Gebundene Ausgabe, 144 Seiten<\/p>\n","protected":false},"excerpt":{"rendered":"<p>Geb<\/p>\n","protected":false},"featured_media":26991,"template":"","meta":[],"product_brand":[],"product_cat":[186,185,206],"product_tag":[230,417,220,1208],"class_list":{"0":"post-26989","1":"product","2":"type-product","3":"status-publish","4":"has-post-thumbnail","6":"product_cat-alternativ-leben","7":"product_cat-literatur","8":"product_cat-naturkost","9":"product_tag-garten","10":"product_tag-gemuese","11":"product_tag-selbstversorger","12":"product_tag-wildkraeuter","13":"product_shipping_class-paket","15":"first","16":"instock","17":"taxable","18":"shipping-taxable","19":"purchasable","20":"product-type-simple"},"_links":{"self":[{"href":"https:\/\/shop.mittgard.de\/index.php?rest_route=\/wp\/v2\/product\/26989","targetHints":{"allow":["GET"]}}],"collection":[{"href":"https:\/\/shop.mittgard.de\/index.php?rest_route=\/wp\/v2\/product"}],"about":[{"href":"https:\/\/shop.mittgard.de\/index.php?rest_route=\/wp\/v2\/types\/product"}],"wp:featuredmedia":[{"embeddable":true,"href":"https:\/\/shop.mittgard.de\/index.php?rest_route=\/wp\/v2\/media\/26991"}],"wp:attachment":[{"href":"https:\/\/shop.mittgard.de\/index.php?rest_route=%2Fwp%2Fv2%2Fmedia&parent=26989"}],"wp:term":[{"taxonomy":"product_brand","embeddable":true,"href":"https:\/\/shop.mittgard.de\/index.php?rest_route=%2Fwp%2Fv2%2Fproduct_brand&post=26989"},{"taxonomy":"product_cat","embeddable":true,"href":"https:\/\/shop.mittgard.de\/index.php?rest_route=%2Fwp%2Fv2%2Fproduct_cat&post=26989"},{"taxonomy":"product_tag","embeddable":true,"href":"https:\/\/shop.mittgard.de\/index.php?rest_route=%2Fwp%2Fv2%2Fproduct_tag&post=26989"}],"curies":[{"name":"wp","href":"https:\/\/api.w.org\/{rel}","templated":true}]}}