{"id":26995,"date":"2026-05-12T13:24:37","date_gmt":"2026-05-12T11:24:37","guid":{"rendered":"https:\/\/shop.mittgard.de\/?post_type=product&#038;p=26995"},"modified":"2026-05-12T13:25:10","modified_gmt":"2026-05-12T11:25:10","slug":"beauvais-michel-bushcraft-projekte-fuer-garten-und-wald","status":"publish","type":"product","link":"https:\/\/shop.mittgard.de\/?product=beauvais-michel-bushcraft-projekte-fuer-garten-und-wald","title":{"rendered":"Beauvais, Michel &#8222;Bushcraft Projekte f\u00fcr Garten und Wald&#8220;"},"content":{"rendered":"<p>Ein bequemer Sessel auf einer Waldlichtung, ein gem\u00fctliches Bett f\u00fcr eine Nacht unter dem Sternenhimmel, ein stabiler Tisch f\u00fcr ein gro\u00dfes Picknick mit Freunden&#8230; all das, und noch mehr, ist einfach zu bauen &#8211; auch mitten im Wald!<\/p>\n<p>Ob Sonntagswanderer, erfahrener Wanderer oder Survivalbegeisterter, ob Heimwerker oder nicht &#8211; Bushcraft-M\u00f6bel sind f\u00fcr jeden etwas.<\/p>\n<p>Dieser Leitfaden enth\u00e4lt einfache Techniken, die mit einem Minimum an Werkzeugen ausgef\u00fchrt werden k\u00f6nnen. Lassen Sie sich vom M\u00f6belbau im Wald oder heimischen Garten begeistern.<\/p>\n<p>PB, 96 Seiten<\/p>\n","protected":false},"excerpt":{"rendered":"<p>PB<\/p>\n","protected":false},"featured_media":26996,"template":"","meta":[],"product_brand":[],"product_cat":[186,188,185],"product_tag":[2012,931,273,244,447],"class_list":{"0":"post-26995","1":"product","2":"type-product","3":"status-publish","4":"has-post-thumbnail","6":"product_cat-alternativ-leben","7":"product_cat-altes-handwerk","8":"product_cat-literatur","9":"product_tag-altes-handwerk","10":"product_tag-bushcraft","11":"product_tag-moebelbau","12":"product_tag-survival","13":"product_tag-wald","14":"product_shipping_class-brief","16":"first","17":"instock","18":"taxable","19":"shipping-taxable","20":"purchasable","21":"product-type-simple"},"_links":{"self":[{"href":"https:\/\/shop.mittgard.de\/index.php?rest_route=\/wp\/v2\/product\/26995","targetHints":{"allow":["GET"]}}],"collection":[{"href":"https:\/\/shop.mittgard.de\/index.php?rest_route=\/wp\/v2\/product"}],"about":[{"href":"https:\/\/shop.mittgard.de\/index.php?rest_route=\/wp\/v2\/types\/product"}],"wp:featuredmedia":[{"embeddable":true,"href":"https:\/\/shop.mittgard.de\/index.php?rest_route=\/wp\/v2\/media\/26996"}],"wp:attachment":[{"href":"https:\/\/shop.mittgard.de\/index.php?rest_route=%2Fwp%2Fv2%2Fmedia&parent=26995"}],"wp:term":[{"taxonomy":"product_brand","embeddable":true,"href":"https:\/\/shop.mittgard.de\/index.php?rest_route=%2Fwp%2Fv2%2Fproduct_brand&post=26995"},{"taxonomy":"product_cat","embeddable":true,"href":"https:\/\/shop.mittgard.de\/index.php?rest_route=%2Fwp%2Fv2%2Fproduct_cat&post=26995"},{"taxonomy":"product_tag","embeddable":true,"href":"https:\/\/shop.mittgard.de\/index.php?rest_route=%2Fwp%2Fv2%2Fproduct_tag&post=26995"}],"curies":[{"name":"wp","href":"https:\/\/api.w.org\/{rel}","templated":true}]}}