{"id":26999,"date":"2026-05-12T13:34:28","date_gmt":"2026-05-12T11:34:28","guid":{"rendered":"https:\/\/shop.mittgard.de\/?post_type=product&#038;p=26999"},"modified":"2026-05-12T13:34:44","modified_gmt":"2026-05-12T11:34:44","slug":"poortvliet-huygen-das-grosse-buch-der-heinzelmaennchen","status":"publish","type":"product","link":"https:\/\/shop.mittgard.de\/?product=poortvliet-huygen-das-grosse-buch-der-heinzelmaennchen","title":{"rendered":"Poortvliet\/Huygen &#8222;Das gro\u00dfe Buch der Heinzelm\u00e4nnchen&#8220;"},"content":{"rendered":"<p>Gibt es Heinzelm\u00e4nnchen wirklich? Und wenn ja, wo leben sie? Und wie? Helfen sie wirklich Menschen und Tieren in Not oder ist das auch wieder nur eins der vielen Ger\u00fcchte?<\/p>\n<p>In diesem Buch erfahren wir die Wahrheit&#8230; Heinzelm\u00e4nnchen gibt es wirklich! So scheu sie sind und so sehr sie sich vor uns verbergen, es ist Rien Poortvliet und Wil Huygen dennoch gelungen, einiges \u00fcber Heinzelm\u00e4nner und Heinzelfrauen in Erfahrung zu bringen.<\/p>\n<p>&#8222;Das gro\u00dfe Buch der Heinzelm\u00e4nnchen&#8220; beschreibt ausf\u00fchrlich und m\u00e4rchenhaft illustriert die Welt des Zwergenvolkes: ihre Herkunft, ihr Leben und Wirken. Viele Geheimnisse werden gel\u00fcftet&#8230; das Lesen lohnt sich!<\/p>\n<p>Endlich gibt es eine Neuauflage des bekannten Werkes von Rien Poortvliet, das schon unz\u00e4hlige Generationen begeisterte!<\/p>\n<p>Gro\u00dfformat, Gebunden, 208 Seiten<\/p>\n","protected":false},"excerpt":{"rendered":"<p>Geb<\/p>\n","protected":false},"featured_media":27000,"template":"","meta":[],"product_brand":[],"product_cat":[197,185,200],"product_tag":[1977,2092,323,650,1141],"class_list":{"0":"post-26999","1":"product","2":"type-product","3":"status-publish","4":"has-post-thumbnail","6":"product_cat-kinderbuecher","7":"product_cat-literatur","8":"product_cat-naturgeister","9":"product_tag-gnome","10":"product_tag-heinzelmaennchen","11":"product_tag-naturgeister","12":"product_tag-wichtel","13":"product_tag-zwerge","15":"first","16":"instock","17":"taxable","18":"shipping-taxable","19":"purchasable","20":"product-type-simple"},"_links":{"self":[{"href":"https:\/\/shop.mittgard.de\/index.php?rest_route=\/wp\/v2\/product\/26999","targetHints":{"allow":["GET"]}}],"collection":[{"href":"https:\/\/shop.mittgard.de\/index.php?rest_route=\/wp\/v2\/product"}],"about":[{"href":"https:\/\/shop.mittgard.de\/index.php?rest_route=\/wp\/v2\/types\/product"}],"wp:featuredmedia":[{"embeddable":true,"href":"https:\/\/shop.mittgard.de\/index.php?rest_route=\/wp\/v2\/media\/27000"}],"wp:attachment":[{"href":"https:\/\/shop.mittgard.de\/index.php?rest_route=%2Fwp%2Fv2%2Fmedia&parent=26999"}],"wp:term":[{"taxonomy":"product_brand","embeddable":true,"href":"https:\/\/shop.mittgard.de\/index.php?rest_route=%2Fwp%2Fv2%2Fproduct_brand&post=26999"},{"taxonomy":"product_cat","embeddable":true,"href":"https:\/\/shop.mittgard.de\/index.php?rest_route=%2Fwp%2Fv2%2Fproduct_cat&post=26999"},{"taxonomy":"product_tag","embeddable":true,"href":"https:\/\/shop.mittgard.de\/index.php?rest_route=%2Fwp%2Fv2%2Fproduct_tag&post=26999"}],"curies":[{"name":"wp","href":"https:\/\/api.w.org\/{rel}","templated":true}]}}