{"id":27005,"date":"2026-05-12T13:45:23","date_gmt":"2026-05-12T11:45:23","guid":{"rendered":"https:\/\/shop.mittgard.de\/?post_type=product&#038;p=27005"},"modified":"2026-05-12T13:46:50","modified_gmt":"2026-05-12T11:46:50","slug":"poortvliet-huygen-das-geheime-buch-der-heinzelmaennchen","status":"publish","type":"product","link":"https:\/\/shop.mittgard.de\/?product=poortvliet-huygen-das-geheime-buch-der-heinzelmaennchen","title":{"rendered":"Poortvliet\/Huygen &#8222;Das geheime Buch der Heinzelm\u00e4nnchen&#8220;"},"content":{"rendered":"<p>Neues vom Zwergenvolk und ihre Botschaften an die Menschen<\/p>\n<p>Willkommen in der Welt der Heinzelm\u00e4nnchen<\/p>\n<p>&#8222;Kommt, wir haben Wichtiges zu besprechen.&#8220; Mehr erfahren der niederl\u00e4ndische Natur- und Tiermaler Rien Poortvliet und sein Freund und Autor Wil Huygen erst einmal nicht, als die Heinzelm\u00e4nnchen mit ihnen Kontakt aufnehmen und die beiden M\u00e4nner bitten, sie in Lappland aufzusuchen. Auf Heinzelm\u00e4nnchengr\u00f6\u00dfe geschrumpft werden sie dort in die Geheimnisse dieser au\u00dfergew\u00f6hnlichen Gesch\u00f6pfe eingeweiht, bevor sie im Anschluss in Begleitung eines unfreundlichen und ruppigen Heinzelmannes nach Sibirien reisen m\u00fcssen.<\/p>\n<p>Was wird sie dort erwarten? Was hat es mit dem besonderen Auftrag auf sich, von dem die Heinzelm\u00e4nnchen sprechen und warum nur, ist ihr Begleiter \u00fcberhaupt nicht gut auf die beiden zu sprechen?<\/p>\n<ul>\n<li>Tauchen Sie ein in die fantastische Welt der Heinzelm\u00e4nnchen.<\/li>\n<li>Bezaubernde Illustrationen begleiten diese Neuauflage des m\u00e4rchenhaften Klassikers, dessen wichtige Botschaft nicht an Aktualit\u00e4t verloren hat.<\/li>\n<li>F\u00fcr gro\u00dfe und kleine Freunde der Heinzelm\u00e4nnchen birgt diese reich illustrierte Geschichte unz\u00e4hlige Details, die es zu entdecken gilt.<\/li>\n<\/ul>\n<p>Gro\u00dfformat, Gebundene Ausgabe, 200 Seiten<\/p>\n","protected":false},"excerpt":{"rendered":"<p>Geb<\/p>\n","protected":false},"featured_media":27006,"template":"","meta":[],"product_brand":[],"product_cat":[197,185,200],"product_tag":[1977,2093,323,650,1141],"class_list":{"0":"post-27005","1":"product","2":"type-product","3":"status-publish","4":"has-post-thumbnail","6":"product_cat-kinderbuecher","7":"product_cat-literatur","8":"product_cat-naturgeister","9":"product_tag-gnome","10":"product_tag-heinzelmaennche","11":"product_tag-naturgeister","12":"product_tag-wichtel","13":"product_tag-zwerge","14":"product_shipping_class-paket","16":"first","17":"instock","18":"taxable","19":"shipping-taxable","20":"purchasable","21":"product-type-simple"},"_links":{"self":[{"href":"https:\/\/shop.mittgard.de\/index.php?rest_route=\/wp\/v2\/product\/27005","targetHints":{"allow":["GET"]}}],"collection":[{"href":"https:\/\/shop.mittgard.de\/index.php?rest_route=\/wp\/v2\/product"}],"about":[{"href":"https:\/\/shop.mittgard.de\/index.php?rest_route=\/wp\/v2\/types\/product"}],"wp:featuredmedia":[{"embeddable":true,"href":"https:\/\/shop.mittgard.de\/index.php?rest_route=\/wp\/v2\/media\/27006"}],"wp:attachment":[{"href":"https:\/\/shop.mittgard.de\/index.php?rest_route=%2Fwp%2Fv2%2Fmedia&parent=27005"}],"wp:term":[{"taxonomy":"product_brand","embeddable":true,"href":"https:\/\/shop.mittgard.de\/index.php?rest_route=%2Fwp%2Fv2%2Fproduct_brand&post=27005"},{"taxonomy":"product_cat","embeddable":true,"href":"https:\/\/shop.mittgard.de\/index.php?rest_route=%2Fwp%2Fv2%2Fproduct_cat&post=27005"},{"taxonomy":"product_tag","embeddable":true,"href":"https:\/\/shop.mittgard.de\/index.php?rest_route=%2Fwp%2Fv2%2Fproduct_tag&post=27005"}],"curies":[{"name":"wp","href":"https:\/\/api.w.org\/{rel}","templated":true}]}}