{"id":2701,"date":"2018-06-22T21:09:33","date_gmt":"2018-06-22T19:09:33","guid":{"rendered":"http:\/\/shop.mittgard.de\/?product=import-placeholder-for-3025"},"modified":"2024-12-15T13:36:30","modified_gmt":"2024-12-15T12:36:30","slug":"bergman-bo-kleines-brevier-vom-messermachen","status":"publish","type":"product","link":"https:\/\/shop.mittgard.de\/?product=bergman-bo-kleines-brevier-vom-messermachen","title":{"rendered":"Bergman, Bo &#8222;Kleines Brevier vom Messermachen&#8220;"},"content":{"rendered":"<p>Werkzeuge, Materialien, Arbeitstechniken, Veredelung und Verzierung von Messern. All das kompakte Wissen aufgelockert mit kleinen Ausfl\u00fcgen in die nordische Mythologie.<\/p>\n<p>Dieses kleine, kompakte Buch bietet einen ansprechenden Einstieg in das alte Handwerk des Messermachens. Durch seine erst auf den zweiten Blick erkennbare Detailtiefe bietet es aber auch dem Fortgeschrittenen eine F\u00fclle von Anregungen. Man erh\u00e4lt fundierte Auskunft \u00fcber Werkzeuge, Materialien, Arbeitstechniken, Veredelungen und Verzierung.<\/p>\n<p>Gebundene Ausgabe, 112 Seiten<\/p>\n","protected":false},"excerpt":{"rendered":"<p>Geb<\/p>\n","protected":false},"featured_media":8434,"template":"","meta":[],"product_brand":[],"product_cat":[188,185],"product_tag":[233,260],"class_list":{"0":"post-2701","1":"product","2":"type-product","3":"status-publish","4":"has-post-thumbnail","6":"product_cat-altes-handwerk","7":"product_cat-literatur","8":"product_tag-handwerk","9":"product_tag-messer","10":"product_shipping_class-paket","12":"first","13":"instock","14":"taxable","15":"shipping-taxable","16":"purchasable","17":"product-type-simple"},"_links":{"self":[{"href":"https:\/\/shop.mittgard.de\/index.php?rest_route=\/wp\/v2\/product\/2701","targetHints":{"allow":["GET"]}}],"collection":[{"href":"https:\/\/shop.mittgard.de\/index.php?rest_route=\/wp\/v2\/product"}],"about":[{"href":"https:\/\/shop.mittgard.de\/index.php?rest_route=\/wp\/v2\/types\/product"}],"wp:featuredmedia":[{"embeddable":true,"href":"https:\/\/shop.mittgard.de\/index.php?rest_route=\/wp\/v2\/media\/8434"}],"wp:attachment":[{"href":"https:\/\/shop.mittgard.de\/index.php?rest_route=%2Fwp%2Fv2%2Fmedia&parent=2701"}],"wp:term":[{"taxonomy":"product_brand","embeddable":true,"href":"https:\/\/shop.mittgard.de\/index.php?rest_route=%2Fwp%2Fv2%2Fproduct_brand&post=2701"},{"taxonomy":"product_cat","embeddable":true,"href":"https:\/\/shop.mittgard.de\/index.php?rest_route=%2Fwp%2Fv2%2Fproduct_cat&post=2701"},{"taxonomy":"product_tag","embeddable":true,"href":"https:\/\/shop.mittgard.de\/index.php?rest_route=%2Fwp%2Fv2%2Fproduct_tag&post=2701"}],"curies":[{"name":"wp","href":"https:\/\/api.w.org\/{rel}","templated":true}]}}