{"id":2705,"date":"2018-06-22T21:09:34","date_gmt":"2018-06-22T19:09:34","guid":{"rendered":"http:\/\/shop.mittgard.de\/?product=import-placeholder-for-3029"},"modified":"2025-07-07T12:38:14","modified_gmt":"2025-07-07T10:38:14","slug":"brogyanyi-josefine-kreuzstichmuster-im-jahreslauf","status":"publish","type":"product","link":"https:\/\/shop.mittgard.de\/?product=brogyanyi-josefine-kreuzstichmuster-im-jahreslauf","title":{"rendered":"Brogyanyi, Josefine &#8222;Kreuzstichmuster im Jahreslauf&#8220;"},"content":{"rendered":"<p>Tradition und Brauchtum<\/p>\n<p>Auch in der heutigen, modernen Zeit regt sich Interesse an echter Handarbeit, an Brauchtum und Traditionen. Gerade der Kreuzstich mit seinen uralten, teils bis in die vorchristliche Zeit zur\u00fcckreichenden Symbolen und Mustern hat seine Faszination beibehalten und kann auch nicht von maschinell gefertigter Ware verdr\u00e4ngt werden.<\/p>\n<p>Ihre sch\u00f6nsten, in alter Tradition stehenden Muster hat die erfahrene Autorin f\u00fcr diesen Band zusammengefa\u00dft, eng anschlie\u00dfend an den Jahreskreis.<\/p>\n<ul>\n<li>Oster-, Erntedank- und Weihnachtsmotive<\/li>\n<li>Weihkorbdecken, Haussegen und jagdliche Motive<\/li>\n<li>Muster f\u00fcr Taufe, Hochzeit und Geburtstag<\/li>\n<li>Tischt\u00fccher, Wandbeh\u00e4nge, Polster, Decken und Vorh\u00e4nge mit jahreszeitlichen Motiven<\/li>\n<li>sowie mit eleganten Barock- und Jugendstil-Mustern.<\/li>\n<\/ul>\n<p>Broschiert, 80 Seiten<\/p>\n","protected":false},"excerpt":{"rendered":"<p>Br<\/p>\n","protected":false},"featured_media":3674,"template":"","meta":[],"product_brand":[],"product_cat":[188,185],"product_tag":[268,267],"class_list":{"0":"post-2705","1":"product","2":"type-product","3":"status-publish","4":"has-post-thumbnail","6":"product_cat-altes-handwerk","7":"product_cat-literatur","8":"product_tag-handarbeit","9":"product_tag-sticken","10":"product_shipping_class-paket","12":"first","13":"instock","14":"taxable","15":"shipping-taxable","16":"purchasable","17":"product-type-simple"},"_links":{"self":[{"href":"https:\/\/shop.mittgard.de\/index.php?rest_route=\/wp\/v2\/product\/2705","targetHints":{"allow":["GET"]}}],"collection":[{"href":"https:\/\/shop.mittgard.de\/index.php?rest_route=\/wp\/v2\/product"}],"about":[{"href":"https:\/\/shop.mittgard.de\/index.php?rest_route=\/wp\/v2\/types\/product"}],"wp:featuredmedia":[{"embeddable":true,"href":"https:\/\/shop.mittgard.de\/index.php?rest_route=\/wp\/v2\/media\/3674"}],"wp:attachment":[{"href":"https:\/\/shop.mittgard.de\/index.php?rest_route=%2Fwp%2Fv2%2Fmedia&parent=2705"}],"wp:term":[{"taxonomy":"product_brand","embeddable":true,"href":"https:\/\/shop.mittgard.de\/index.php?rest_route=%2Fwp%2Fv2%2Fproduct_brand&post=2705"},{"taxonomy":"product_cat","embeddable":true,"href":"https:\/\/shop.mittgard.de\/index.php?rest_route=%2Fwp%2Fv2%2Fproduct_cat&post=2705"},{"taxonomy":"product_tag","embeddable":true,"href":"https:\/\/shop.mittgard.de\/index.php?rest_route=%2Fwp%2Fv2%2Fproduct_tag&post=2705"}],"curies":[{"name":"wp","href":"https:\/\/api.w.org\/{rel}","templated":true}]}}