{"id":2715,"date":"2018-06-22T21:09:40","date_gmt":"2018-06-22T19:09:40","guid":{"rendered":"http:\/\/shop.mittgard.de\/?product=import-placeholder-for-3039"},"modified":"2025-09-15T14:55:49","modified_gmt":"2025-09-15T12:55:49","slug":"diverse-behelfsherd-und-ofen-selber-bauen","status":"publish","type":"product","link":"https:\/\/shop.mittgard.de\/?product=diverse-behelfsherd-und-ofen-selber-bauen","title":{"rendered":"Diverse &#8222;Behelfsherde und -\u00f6fen selber bauen&#8220;"},"content":{"rendered":"<p>Wie man aus Tr\u00fcmmerschrott einen Herd baut<\/p>\n<p>Mehrere Bauanleitungen f\u00fcr improvisierte \u00d6fen und Feuerst\u00e4tten.<\/p>\n<p>Diese kleine praktische Anleitung zeigt, wie man einen einfachen Behelfsherd und einen Zimmerofen aus Ziegelsteinen baut. Die Anleitung wurde in den Nachkriegstagen f\u00fcr die notleidende Bev\u00f6lkerung ausgegeben. Sie zeigt, wie man aus einfachstem Material &#8211; Schutt- und Tr\u00fcmmerhaufen gab es ja gen\u00fcgend &#8211; behelfsm\u00e4\u00dfige Feuerst\u00e4tten anfertigen kann. Die Anleitung h\u00e4lt sich dabei nicht mit theoretischen Erl\u00e4uterungen auf, sondern zeigt die Bauweise in einer Art Schritt-f\u00fcr-Schritt-Anleitung, die auch der in Maurerarbeiten unerfahrene Laie sehr leicht nachvollziehen kann. Des weiteren gibt die Brosch\u00fcre Ratschl\u00e4ge zu Ersatzbrennstoffen, denn im ersten Nachkriegsjahr wurden von der Milit\u00e4rregierung keinerlei Kohle oder Brennstoffe an die Bev\u00f6lkerung ausgegeben. Wertvolle Hinweise zur sparsamen Heizweise bei Brennstoffnot gibt das Heft selbstverst\u00e4ndlich ebenfalls.<\/p>\n<p>Dieses Heft ist eine Zusammenstellung verschiedener Bau- und Bastelanleitungen aus dem Bereich der \u00d6fen, Herde, Waschkessel, Kamine und Feuerst\u00e4tten.<\/p>\n<p>Inhalt:<\/p>\n<ul>\n<li>Ausweichbrennstoffe f\u00fcr den Hausbrand<\/li>\n<li>Wie heizt und kocht man sparsam?<\/li>\n<li>Wie baue ich einen Behelfsherd?<\/li>\n<li>Bedienung und Reinigen des Behelfsherdes<\/li>\n<li>Wie beschaffe ich Ofenrohre oder Ersatz daf\u00fcr?<\/li>\n<li>Wie maure ich einen Behelfsofen?<\/li>\n<li>Das mauern von einfachen Schornsteinen<\/li>\n<li>Was muss ich alles beachten, und welches Ersatzmaterial nehme ich?<\/li>\n<li>Wie baue ich einen S\u00e4gemehlofen?<\/li>\n<li>Wir sparen Kohlen zentnerweise!<\/li>\n<li>Wie man K\u00fcchenherde selbst mauert<\/li>\n<li>Richtig heizen bei verschiedenen Ofentypen: Kamin, Kanonenofen, K\u00fcchenherd, Waschkessel<\/li>\n<li>Grills aus Schrottmaterial selbst bauen<\/li>\n<li>und vieles andere mehr!<\/li>\n<\/ul>\n<p>Broschiert, 76 Seiten<\/p>\n","protected":false},"excerpt":{"rendered":"<p>Heft<\/p>\n","protected":false},"featured_media":3692,"template":"","meta":[],"product_brand":[],"product_cat":[188,185],"product_tag":[233,277,220],"class_list":{"0":"post-2715","1":"product","2":"type-product","3":"status-publish","4":"has-post-thumbnail","6":"product_cat-altes-handwerk","7":"product_cat-literatur","8":"product_tag-handwerk","9":"product_tag-ofenbau","10":"product_tag-selbstversorger","11":"product_shipping_class-paket","13":"first","14":"instock","15":"taxable","16":"shipping-taxable","17":"purchasable","18":"product-type-simple"},"_links":{"self":[{"href":"https:\/\/shop.mittgard.de\/index.php?rest_route=\/wp\/v2\/product\/2715","targetHints":{"allow":["GET"]}}],"collection":[{"href":"https:\/\/shop.mittgard.de\/index.php?rest_route=\/wp\/v2\/product"}],"about":[{"href":"https:\/\/shop.mittgard.de\/index.php?rest_route=\/wp\/v2\/types\/product"}],"wp:featuredmedia":[{"embeddable":true,"href":"https:\/\/shop.mittgard.de\/index.php?rest_route=\/wp\/v2\/media\/3692"}],"wp:attachment":[{"href":"https:\/\/shop.mittgard.de\/index.php?rest_route=%2Fwp%2Fv2%2Fmedia&parent=2715"}],"wp:term":[{"taxonomy":"product_brand","embeddable":true,"href":"https:\/\/shop.mittgard.de\/index.php?rest_route=%2Fwp%2Fv2%2Fproduct_brand&post=2715"},{"taxonomy":"product_cat","embeddable":true,"href":"https:\/\/shop.mittgard.de\/index.php?rest_route=%2Fwp%2Fv2%2Fproduct_cat&post=2715"},{"taxonomy":"product_tag","embeddable":true,"href":"https:\/\/shop.mittgard.de\/index.php?rest_route=%2Fwp%2Fv2%2Fproduct_tag&post=2715"}],"curies":[{"name":"wp","href":"https:\/\/api.w.org\/{rel}","templated":true}]}}