{"id":2722,"date":"2018-06-22T21:09:41","date_gmt":"2018-06-22T19:09:41","guid":{"rendered":"http:\/\/shop.mittgard.de\/?product=import-placeholder-for-3046"},"modified":"2026-04-06T13:48:34","modified_gmt":"2026-04-06T11:48:34","slug":"diverse-einfuehrung-in-die-schlosserarbeit","status":"publish","type":"product","link":"https:\/\/shop.mittgard.de\/?product=diverse-einfuehrung-in-die-schlosserarbeit","title":{"rendered":"Diverse &#8222;Einf\u00fchrung in die Schlosserarbeit&#8220;"},"content":{"rendered":"<p>Lehrheft zur Berufsausbildung von 1948<\/p>\n<p>Ein Grundlagenwerk f\u00fcr die Werkstatt-Arbeit!<\/p>\n<p>Die \u00bbEinf\u00fchrung in die Schlosserarbeit\u00ab erschien erstmals wenige Jahre nach dem Zweiten Weltkrieg. An Schlossern und Metallarbeitern herrschte gro\u00dfer Mangel. Viele Menschen mussten zum Beruf des Schlossers umgeschult werden. In dieser Anleitung wurde vor allen Dingen wert auf praktische Anleitung f\u00fcr die Schlosserarbeit gelegt. Viele Abbildungen zeigen die notwendigen und richtigen Handgriffe bei der Benutzung der Werkzeuge und der Bearbeitung der Werkst\u00fccke.<\/p>\n<p>Dieses Handbuch ist bestens geeignet f\u00fcr Auszubildende, Lehrlinge, Sch\u00fcler, Lehrer, Ausbilder und alle, die sich f\u00fcr Schlosserarbeiten interessieren. Es h\u00e4lt sich nicht lange mit theoretischen Erkl\u00e4rungen auf, sondern will den Lernenden vor allem die wichtigsten Handgriffe vermitteln.<\/p>\n<p>Eines der besten praktischen Anleitungen f\u00fcr die Arbeit in der Metallwerkstatt, besonders was die Grundlagen angeht!<\/p>\n<p>Dieses Buch beinhaltet (u.a.):<\/p>\n<p>&#8211; Werkzeugkunde<br \/>\n&#8211; Materialkunde (Halbzeuge, Schrauben, Muttern, Nieten)<br \/>\n&#8211; Me\u00df\u00fcbungen<br \/>\n&#8211; Zeichnungen richtig bema\u00dfen und Lesen<br \/>\n&#8211; Anrei\u00dfen, K\u00f6rnen, S\u00e4gen, Bohren, Ansenken<br \/>\n&#8211; Feilen, Feilenbehandlung<br \/>\n&#8211; Einrichtung des Arbeitsplatzes, Pflege der Werkzeuge<br \/>\n&#8211; Biegen von Werkst\u00fccken, Treiben von Metall<br \/>\n&#8211; Mei\u00dfeln und H\u00e4mmern<br \/>\n&#8211; Gewindeschneiden<br \/>\n&#8211; Nietverbindungen herstellen<br \/>\n&#8211; Blechschneiden<\/p>\n<p>Broschiert, 64 Seiten<\/p>\n","protected":false},"excerpt":{"rendered":"<p>Heft<\/p>\n","protected":false},"featured_media":3710,"template":"","meta":[],"product_brand":[],"product_cat":[188,185],"product_tag":[233,274],"class_list":{"0":"post-2722","1":"product","2":"type-product","3":"status-publish","4":"has-post-thumbnail","6":"product_cat-altes-handwerk","7":"product_cat-literatur","8":"product_tag-handwerk","9":"product_tag-metallverarbeitung","10":"product_shipping_class-paket","12":"first","13":"instock","14":"taxable","15":"shipping-taxable","16":"purchasable","17":"product-type-simple"},"_links":{"self":[{"href":"https:\/\/shop.mittgard.de\/index.php?rest_route=\/wp\/v2\/product\/2722","targetHints":{"allow":["GET"]}}],"collection":[{"href":"https:\/\/shop.mittgard.de\/index.php?rest_route=\/wp\/v2\/product"}],"about":[{"href":"https:\/\/shop.mittgard.de\/index.php?rest_route=\/wp\/v2\/types\/product"}],"wp:featuredmedia":[{"embeddable":true,"href":"https:\/\/shop.mittgard.de\/index.php?rest_route=\/wp\/v2\/media\/3710"}],"wp:attachment":[{"href":"https:\/\/shop.mittgard.de\/index.php?rest_route=%2Fwp%2Fv2%2Fmedia&parent=2722"}],"wp:term":[{"taxonomy":"product_brand","embeddable":true,"href":"https:\/\/shop.mittgard.de\/index.php?rest_route=%2Fwp%2Fv2%2Fproduct_brand&post=2722"},{"taxonomy":"product_cat","embeddable":true,"href":"https:\/\/shop.mittgard.de\/index.php?rest_route=%2Fwp%2Fv2%2Fproduct_cat&post=2722"},{"taxonomy":"product_tag","embeddable":true,"href":"https:\/\/shop.mittgard.de\/index.php?rest_route=%2Fwp%2Fv2%2Fproduct_tag&post=2722"}],"curies":[{"name":"wp","href":"https:\/\/api.w.org\/{rel}","templated":true}]}}