{"id":2728,"date":"2018-06-22T21:09:42","date_gmt":"2018-06-22T19:09:42","guid":{"rendered":"http:\/\/shop.mittgard.de\/?product=import-placeholder-for-3052"},"modified":"2026-02-19T12:40:07","modified_gmt":"2026-02-19T11:40:07","slug":"diverse-kuehlschraenke","status":"publish","type":"product","link":"https:\/\/shop.mittgard.de\/?product=diverse-kuehlschraenke","title":{"rendered":"Diverse &#8222;Der Bau der Eiskeller und Haushalts-K\u00fchlschrank&#8220;"},"content":{"rendered":"<p>Dies ist ein Sammelband der fr\u00fcher einzeln erh\u00e4ltlichen Hefte \u00bbWie baue ich mir selbst -K\u00fchlschr\u00e4nke\u00ab sowie der Anleitung zum Bau von \u00bbEiskellern\u00ab.<\/p>\n<p>&nbsp;<\/p>\n<p>Der erste Teil \u00bbK\u00fchlschr\u00e4nke\u00ab befasst sich mit der Konstruktion stromloser K\u00fchlschr\u00e4nke, so wie sie vor einhundert Jahren in Gebrauch waren.<br \/>\nZwei der hier gezeigten K\u00fchlschranktypen werden mit Natureis best\u00fcckt (siehe dazu auch das Buch \u00bbBau der Eiskeller\u00ab in unserem Angebot), der dritte K\u00fchlschrank funktioniert nach dem Prinzip der Verdunstungsk\u00e4lte.<br \/>\nWas f\u00fcr uns heute selbstverst\u00e4ndlich erscheint &#8211; Komfort und Strom jederzeit &#8211; war f\u00fcr unsere Vorfahren ein Wunder der Technik. Sie mussten sich noch mit einfacheren, aber umso effektiveren Methoden der Frischhaltung auseinandersetzen. Zumindestens waren die damaligen \u00bbGer\u00e4te\u00ab ohne Plastikm\u00fcll, ohne Elektroschrott und v\u00f6llig wartungsfrei und von langer Lebensdauer &#8211; und erf\u00fcllten ihren Zweck genauso gut.<\/p>\n<p>(40 Seiten und zahlreiche Abbildungen.)<\/p>\n<p>Der zweite Teil \u00bbEiskeller\u00ab finden sich die Grunds\u00e4tze und Techniken der Eisaufbewahrung, die sich im Laufe der Jahre vielfach bew\u00e4hrt haben. Hier werden einfachste M\u00f6glichkeiten beschrieben (Eisgruben oder Eismieten) bis hin zu Bauanleitungen f\u00fcr festgemauerten Eish\u00e4user mit integrierten K\u00fchlr\u00e4umen. Selbstverst\u00e4ndlich fehlen auch nicht die Gewinnung von klarem Roheis und die Beschreibung von Techniken der richtigen und sorgf\u00e4ltigen Eisaufbewahrung.<\/p>\n<p>(68 Seiten und zahlreiche Abbildungen.)<\/p>\n<p>Beide Heftteile sind die Neufassung \/ Zusammenstellung aus verschiedener, \u00e4lterer Literatur.<\/p>\n<p>Biegsamer Einband, A5-Format, 108 Seiten, zahlreiche Abbildungen, modernes Schriftbild.<\/p>\n","protected":false},"excerpt":{"rendered":"<p>Heft<\/p>\n","protected":false},"featured_media":10007,"template":"","meta":[],"product_brand":[],"product_cat":[188,185],"product_tag":[220],"class_list":{"0":"post-2728","1":"product","2":"type-product","3":"status-publish","4":"has-post-thumbnail","6":"product_cat-altes-handwerk","7":"product_cat-literatur","8":"product_tag-selbstversorger","9":"product_shipping_class-paket","11":"first","12":"instock","13":"taxable","14":"shipping-taxable","15":"purchasable","16":"product-type-simple"},"_links":{"self":[{"href":"https:\/\/shop.mittgard.de\/index.php?rest_route=\/wp\/v2\/product\/2728","targetHints":{"allow":["GET"]}}],"collection":[{"href":"https:\/\/shop.mittgard.de\/index.php?rest_route=\/wp\/v2\/product"}],"about":[{"href":"https:\/\/shop.mittgard.de\/index.php?rest_route=\/wp\/v2\/types\/product"}],"wp:featuredmedia":[{"embeddable":true,"href":"https:\/\/shop.mittgard.de\/index.php?rest_route=\/wp\/v2\/media\/10007"}],"wp:attachment":[{"href":"https:\/\/shop.mittgard.de\/index.php?rest_route=%2Fwp%2Fv2%2Fmedia&parent=2728"}],"wp:term":[{"taxonomy":"product_brand","embeddable":true,"href":"https:\/\/shop.mittgard.de\/index.php?rest_route=%2Fwp%2Fv2%2Fproduct_brand&post=2728"},{"taxonomy":"product_cat","embeddable":true,"href":"https:\/\/shop.mittgard.de\/index.php?rest_route=%2Fwp%2Fv2%2Fproduct_cat&post=2728"},{"taxonomy":"product_tag","embeddable":true,"href":"https:\/\/shop.mittgard.de\/index.php?rest_route=%2Fwp%2Fv2%2Fproduct_tag&post=2728"}],"curies":[{"name":"wp","href":"https:\/\/api.w.org\/{rel}","templated":true}]}}