{"id":2730,"date":"2018-06-22T21:09:42","date_gmt":"2018-06-22T19:09:42","guid":{"rendered":"http:\/\/shop.mittgard.de\/?product=import-placeholder-for-3054"},"modified":"2026-02-19T12:41:50","modified_gmt":"2026-02-19T11:41:50","slug":"diverse-lehrgang-fuer-hilfsdreher","status":"publish","type":"product","link":"https:\/\/shop.mittgard.de\/?product=diverse-lehrgang-fuer-hilfsdreher","title":{"rendered":"Diverse &#8222;Lehrgang f\u00fcr Hilfsdreher&#8220;"},"content":{"rendered":"<p>Einf\u00fchrung zum Arbeiten an der Drehmaschine und zur Anfertigung verschiedener Werkst\u00fccke, Reprint von 1939<\/p>\n<p>Der \u00bbLehrgang f\u00fcr Hilfsdreher\u00ab sollte dazu dienen, Umsch\u00fclern oder Auszubildenden f\u00fcr das Arbeiten an der Drehmaschine zu erleichtern. Gerade f\u00fcr v\u00f6llig unerfahrene Dreher bieten diese Unterlagen einen einfachen Einstieg in die Welt der Drehmaschine. Daher bieten sich diese technischen Lehrgangsunterlagen auch f\u00fcr heutige Berufssch\u00fcler oder Ausbilder an. Insbesondere das Drehen \u00bbvon Hand\u00ab wird heutzutage &#8211; im Zeitalter der computergesteuerten Metallbearbeitung &#8211; nicht mehr in dem Ma\u00dfe erlernt, wie es noch in den 1930er Jahren der Fall war.<\/p>\n<p>Inhalt:<\/p>\n<p>&#8211; Einfache technische Zeichnungen lesen<br \/>\n&#8211; Messen mit Schieblehre, Aussentaster, Innentaster, Schraublehren usw.<br \/>\n&#8211; Ordnung und Instandhaltung der Drehbank<br \/>\n&#8211; Grundformen der Drehst\u00e4hle<br \/>\n&#8211; Winkelbezeichnungen und -gr\u00f6\u00dfen normaler Drehst\u00e4hle<br \/>\n&#8211; Au\u00dfen- und Innendrehst\u00e4hle<br \/>\n&#8211; Einstellen und Einspannen des Drehstahls<br \/>\n&#8211; Zentrierbohrungen richtig ausf\u00fchren<br \/>\n&#8211; Einsetzen der K\u00f6rnerspitzen<br \/>\n&#8211; Spannen zentrierter Werkst\u00fccke<br \/>\n&#8211; Spannen in Futter<br \/>\n&#8211; Spannen in einfachen Vorrichtungen<br \/>\n&#8211; Spannen und Ausrichten auf der Planscheibe<br \/>\n&#8211; Kegelgr\u00f6\u00dfen<br \/>\n&#8211; Herstellen des Kegels<br \/>\n&#8211; R\u00e4ndeln und Kordeln<br \/>\n&#8211; Teil II &#8211; Arbeitsbl\u00e4tter (\u00dcbungen)<br \/>\n&#8211; Bolzen &#8211; glatt, mit Ans\u00e4tzen, mit Einstichen<br \/>\n&#8211; Griffe drehen, Knebel, Verl\u00e4ngerer, Ballengriff<br \/>\n&#8211; Kugelkopf drehen, Scheibe mit Abs\u00e4tzen, gebohrte Scheibe<br \/>\n&#8211; Stellring 28 DIN 703<br \/>\n&#8211; Zahnrad, Spannbuchse, Bohrbuchse<\/p>\n<p>Broschiert, 54 Seiten<\/p>\n","protected":false},"excerpt":{"rendered":"<p>Heft<\/p>\n","protected":false},"featured_media":7752,"template":"","meta":[],"product_brand":[],"product_cat":[188,185],"product_tag":[233,274],"class_list":{"0":"post-2730","1":"product","2":"type-product","3":"status-publish","4":"has-post-thumbnail","6":"product_cat-altes-handwerk","7":"product_cat-literatur","8":"product_tag-handwerk","9":"product_tag-metallverarbeitung","10":"product_shipping_class-brief","12":"first","13":"instock","14":"taxable","15":"shipping-taxable","16":"purchasable","17":"product-type-simple"},"_links":{"self":[{"href":"https:\/\/shop.mittgard.de\/index.php?rest_route=\/wp\/v2\/product\/2730","targetHints":{"allow":["GET"]}}],"collection":[{"href":"https:\/\/shop.mittgard.de\/index.php?rest_route=\/wp\/v2\/product"}],"about":[{"href":"https:\/\/shop.mittgard.de\/index.php?rest_route=\/wp\/v2\/types\/product"}],"wp:featuredmedia":[{"embeddable":true,"href":"https:\/\/shop.mittgard.de\/index.php?rest_route=\/wp\/v2\/media\/7752"}],"wp:attachment":[{"href":"https:\/\/shop.mittgard.de\/index.php?rest_route=%2Fwp%2Fv2%2Fmedia&parent=2730"}],"wp:term":[{"taxonomy":"product_brand","embeddable":true,"href":"https:\/\/shop.mittgard.de\/index.php?rest_route=%2Fwp%2Fv2%2Fproduct_brand&post=2730"},{"taxonomy":"product_cat","embeddable":true,"href":"https:\/\/shop.mittgard.de\/index.php?rest_route=%2Fwp%2Fv2%2Fproduct_cat&post=2730"},{"taxonomy":"product_tag","embeddable":true,"href":"https:\/\/shop.mittgard.de\/index.php?rest_route=%2Fwp%2Fv2%2Fproduct_tag&post=2730"}],"curies":[{"name":"wp","href":"https:\/\/api.w.org\/{rel}","templated":true}]}}