{"id":2734,"date":"2018-06-22T21:09:43","date_gmt":"2018-06-22T19:09:43","guid":{"rendered":"http:\/\/shop.mittgard.de\/?product=import-placeholder-for-3058"},"modified":"2024-12-15T13:58:11","modified_gmt":"2024-12-15T12:58:11","slug":"diverse-praktische-anleitung-zur-maurerarbeit","status":"publish","type":"product","link":"https:\/\/shop.mittgard.de\/?product=diverse-praktische-anleitung-zur-maurerarbeit","title":{"rendered":"Diverse &#8222;Praktische Anleitung zur Maurerarbeit&#8220;"},"content":{"rendered":"<p>Lehrheft zur Berufsausbildung von 1947<\/p>\n<p>Praktische Anleitung zur Maurerarbeit &#8211; Ein Grundlagenwerk zur Erlernung der Maurerarbeit<\/p>\n<p>Die \u00bbPraktische Anleitung zur Maurerarbeit\u00ab erschien erstmals wenige Jahre nach dem Zweiten Weltkrieg. Zahlreiche Geb\u00e4ude lagen in Tr\u00fcmmern oder waren stark besch\u00e4digt. Die ausgebildeten Handwerker wie z.B. Maurer waren d\u00fcnn ges\u00e4t. Damit der Wiederaufbau schnell vonstatten gehen konnte, wurde diese Anleitung f\u00fcr die Ausbildung f\u00fcr Laien verfasst. Hierbei wird Schritt f\u00fcr Schritt erkl\u00e4rt, wie man richtig Maurerarbeiten ausf\u00fchrt. Dies f\u00e4ngt bei der Handhabung der Ziegelsteine an, zeigt das richtige Mischen des M\u00f6rtels, das Mauern von verschiedenen Mauerungsarten, bis hin zum Bau von einfachen Ger\u00fcsten (und nat\u00fcrlich noch viel mehr rund um die Arbeiten auf der Baustelle).<\/p>\n<p>Dieses Handbuch ist bestens geeignet f\u00fcr Auszubildende, Lehrlinge, Sch\u00fcler, Lehrer, Ausbilder&#8230; und alle, die sich f\u00fcr Maurerarbeiten interessieren. Es h\u00e4lt sich nicht lange mit theoretischen Erkl\u00e4rungen auf, sondern will den Lernenden vor allem die wichtigsten Handgriffe vermitteln.<\/p>\n<p>Eines der besten praktischen Anleitungen f\u00fcr die Maurerarbeit, mit vielen hundert Abbildungen!<\/p>\n<p>Dieses Buch beinhaltet (u.a.):<\/p>\n<p>&#8211; Ausr\u00fcstung des Arbeitsplatzes<br \/>\n&#8211; Die Handhabung der Steine<br \/>\n&#8211; Mauern ohne Schnur<br \/>\n&#8211; Mauern nach der Schnur<br \/>\n&#8211; Kreuz- und Blockverb\u00e4nde<br \/>\n&#8211; Legen von verschiedenen Mauertypen<br \/>\n&#8211; Schlagen von Teilst\u00fccken<br \/>\n&#8211; Mischen von M\u00f6rtel mit einfachsten Mitteln<br \/>\n&#8211; Herstellen von Wei\u00dfkalk<br \/>\n&#8211; Das R\u00fcstzeug und Ger\u00fcste<\/p>\n<p>Broschiert, 76 Seiten<\/p>\n","protected":false},"excerpt":{"rendered":"<p>Heft<\/p>\n","protected":false},"featured_media":15669,"template":"","meta":[],"product_brand":[],"product_cat":[188,185],"product_tag":[233,250],"class_list":{"0":"post-2734","1":"product","2":"type-product","3":"status-publish","4":"has-post-thumbnail","6":"product_cat-altes-handwerk","7":"product_cat-literatur","8":"product_tag-handwerk","9":"product_tag-hausbau","10":"product_shipping_class-paket","12":"first","13":"instock","14":"taxable","15":"shipping-taxable","16":"purchasable","17":"product-type-simple"},"_links":{"self":[{"href":"https:\/\/shop.mittgard.de\/index.php?rest_route=\/wp\/v2\/product\/2734","targetHints":{"allow":["GET"]}}],"collection":[{"href":"https:\/\/shop.mittgard.de\/index.php?rest_route=\/wp\/v2\/product"}],"about":[{"href":"https:\/\/shop.mittgard.de\/index.php?rest_route=\/wp\/v2\/types\/product"}],"wp:featuredmedia":[{"embeddable":true,"href":"https:\/\/shop.mittgard.de\/index.php?rest_route=\/wp\/v2\/media\/15669"}],"wp:attachment":[{"href":"https:\/\/shop.mittgard.de\/index.php?rest_route=%2Fwp%2Fv2%2Fmedia&parent=2734"}],"wp:term":[{"taxonomy":"product_brand","embeddable":true,"href":"https:\/\/shop.mittgard.de\/index.php?rest_route=%2Fwp%2Fv2%2Fproduct_brand&post=2734"},{"taxonomy":"product_cat","embeddable":true,"href":"https:\/\/shop.mittgard.de\/index.php?rest_route=%2Fwp%2Fv2%2Fproduct_cat&post=2734"},{"taxonomy":"product_tag","embeddable":true,"href":"https:\/\/shop.mittgard.de\/index.php?rest_route=%2Fwp%2Fv2%2Fproduct_tag&post=2734"}],"curies":[{"name":"wp","href":"https:\/\/api.w.org\/{rel}","templated":true}]}}