{"id":2736,"date":"2018-06-22T21:09:48","date_gmt":"2018-06-22T19:09:48","guid":{"rendered":"http:\/\/shop.mittgard.de\/?product=import-placeholder-for-3060"},"modified":"2024-12-15T14:00:28","modified_gmt":"2024-12-15T13:00:28","slug":"diverse-wir-bauen-unser-haus","status":"publish","type":"product","link":"https:\/\/shop.mittgard.de\/?product=diverse-wir-bauen-unser-haus","title":{"rendered":"Diverse &#8222;Wir bauen unser Haus!&#8220;"},"content":{"rendered":"<p>Eine praktische Hilfe zur Mit- und Selbsthilfe beim Kleinhausbau. Mit vielen Zeichnungen und Pl\u00e4nen. Reprint von 1949<\/p>\n<p>Nach dem Zweiten Weltkrieg musste schnell Wohnraum geschaffen werden. Kleinh\u00e4user und Siedlungsh\u00e4user waren das Mittel der Wahl. Diese H\u00e4user konnten mit verh\u00e4ltnism\u00e4\u00dfig geringen finanziellen Mitteln selbst gebaut werden. Dieses Handbuch gibt Hilfestellung beim Bau des einfachen Eigenheims.<\/p>\n<p>Insbesondere die damalig v\u00f6llig neue Technik des Lattenfachwerkbaus erm\u00f6glichte es, da\u00df der Laie fast alle Zimmerer- und Bauarbeiten selbst ausf\u00fchren konnte.<\/p>\n<p>Inhalt u.a.:<\/p>\n<p>&#8211; Wie planen wir?<br \/>\n&#8211; Das Werkzeug<br \/>\n&#8211; Das Material<br \/>\n&#8211; Der Aufbau des Hauses<br \/>\n&#8211; Fundament<br \/>\n&#8211; Wandger\u00fcst<br \/>\n&#8211; Konstruktion von Decke und Dach<br \/>\n&#8211; Dachdeckung<br \/>\n&#8211; Aussenw\u00e4nde<br \/>\n&#8211; Zwischenw\u00e4nde<br \/>\n&#8211; Fu\u00dfboden<br \/>\n&#8211; Decke<br \/>\n&#8211; Fenster, T\u00fcren, L\u00e4den<br \/>\n&#8211; Oberfl\u00e4chenbehandlung<br \/>\n&#8211; Der Schornstein<br \/>\n&#8211; Die Treppe<br \/>\n&#8211; Installation und Inneneinrichtung<\/p>\n<p>Broschiert, 128 Seiten<\/p>\n","protected":false},"excerpt":{"rendered":"<p>Heft<\/p>\n","protected":false},"featured_media":3733,"template":"","meta":[],"product_brand":[],"product_cat":[188,185],"product_tag":[233,250],"class_list":{"0":"post-2736","1":"product","2":"type-product","3":"status-publish","4":"has-post-thumbnail","6":"product_cat-altes-handwerk","7":"product_cat-literatur","8":"product_tag-handwerk","9":"product_tag-hausbau","10":"product_shipping_class-paket","12":"first","13":"instock","14":"taxable","15":"shipping-taxable","16":"purchasable","17":"product-type-simple"},"_links":{"self":[{"href":"https:\/\/shop.mittgard.de\/index.php?rest_route=\/wp\/v2\/product\/2736","targetHints":{"allow":["GET"]}}],"collection":[{"href":"https:\/\/shop.mittgard.de\/index.php?rest_route=\/wp\/v2\/product"}],"about":[{"href":"https:\/\/shop.mittgard.de\/index.php?rest_route=\/wp\/v2\/types\/product"}],"wp:featuredmedia":[{"embeddable":true,"href":"https:\/\/shop.mittgard.de\/index.php?rest_route=\/wp\/v2\/media\/3733"}],"wp:attachment":[{"href":"https:\/\/shop.mittgard.de\/index.php?rest_route=%2Fwp%2Fv2%2Fmedia&parent=2736"}],"wp:term":[{"taxonomy":"product_brand","embeddable":true,"href":"https:\/\/shop.mittgard.de\/index.php?rest_route=%2Fwp%2Fv2%2Fproduct_brand&post=2736"},{"taxonomy":"product_cat","embeddable":true,"href":"https:\/\/shop.mittgard.de\/index.php?rest_route=%2Fwp%2Fv2%2Fproduct_cat&post=2736"},{"taxonomy":"product_tag","embeddable":true,"href":"https:\/\/shop.mittgard.de\/index.php?rest_route=%2Fwp%2Fv2%2Fproduct_tag&post=2736"}],"curies":[{"name":"wp","href":"https:\/\/api.w.org\/{rel}","templated":true}]}}