{"id":2744,"date":"2018-06-22T21:09:49","date_gmt":"2018-06-22T19:09:49","guid":{"rendered":"http:\/\/shop.mittgard.de\/?product=import-placeholder-for-3068"},"modified":"2024-12-15T14:04:17","modified_gmt":"2024-12-15T13:04:17","slug":"fiala-mangge-alte-volkskunst-weben","status":"publish","type":"product","link":"https:\/\/shop.mittgard.de\/?product=fiala-mangge-alte-volkskunst-weben","title":{"rendered":"Fiala\/Mangge &#8222;Alte Volkskunst: Weben&#8220;"},"content":{"rendered":"<p>Ein leichtverst\u00e4ndlicher Text, viele Fotos und Zeichungen bringen die alte Kunst des Webens nahe. Ein historischer \u00dcberblick, eine Erkl\u00e4rung der Ger\u00e4te und ihrer Verwendungsm\u00f6glichkeiten und eine fachliche Einf\u00fchrung vervollst\u00e4ndigen das Buch.<\/p>\n<p>Sondereinband, 128 Seiten<\/p>\n","protected":false},"excerpt":{"rendered":"<p>Br<\/p>\n","protected":false},"featured_media":4689,"template":"","meta":[],"product_brand":[],"product_cat":[188,185],"product_tag":[268,281,280],"class_list":{"0":"post-2744","1":"product","2":"type-product","3":"status-publish","4":"has-post-thumbnail","6":"product_cat-altes-handwerk","7":"product_cat-literatur","8":"product_tag-handarbeit","9":"product_tag-weben","10":"product_tag-wolle","11":"product_shipping_class-paket","13":"first","14":"onbackorder","15":"taxable","16":"shipping-taxable","17":"purchasable","18":"product-type-simple"},"_links":{"self":[{"href":"https:\/\/shop.mittgard.de\/index.php?rest_route=\/wp\/v2\/product\/2744","targetHints":{"allow":["GET"]}}],"collection":[{"href":"https:\/\/shop.mittgard.de\/index.php?rest_route=\/wp\/v2\/product"}],"about":[{"href":"https:\/\/shop.mittgard.de\/index.php?rest_route=\/wp\/v2\/types\/product"}],"wp:featuredmedia":[{"embeddable":true,"href":"https:\/\/shop.mittgard.de\/index.php?rest_route=\/wp\/v2\/media\/4689"}],"wp:attachment":[{"href":"https:\/\/shop.mittgard.de\/index.php?rest_route=%2Fwp%2Fv2%2Fmedia&parent=2744"}],"wp:term":[{"taxonomy":"product_brand","embeddable":true,"href":"https:\/\/shop.mittgard.de\/index.php?rest_route=%2Fwp%2Fv2%2Fproduct_brand&post=2744"},{"taxonomy":"product_cat","embeddable":true,"href":"https:\/\/shop.mittgard.de\/index.php?rest_route=%2Fwp%2Fv2%2Fproduct_cat&post=2744"},{"taxonomy":"product_tag","embeddable":true,"href":"https:\/\/shop.mittgard.de\/index.php?rest_route=%2Fwp%2Fv2%2Fproduct_tag&post=2744"}],"curies":[{"name":"wp","href":"https:\/\/api.w.org\/{rel}","templated":true}]}}