{"id":2747,"date":"2018-06-22T21:09:50","date_gmt":"2018-06-22T19:09:50","guid":{"rendered":"http:\/\/shop.mittgard.de\/?product=import-placeholder-for-3071"},"modified":"2025-03-14T09:43:14","modified_gmt":"2025-03-14T08:43:14","slug":"gibson-brenda-spinnen-leicht-gemacht","status":"publish","type":"product","link":"https:\/\/shop.mittgard.de\/?product=gibson-brenda-spinnen-leicht-gemacht","title":{"rendered":"Gibson, Brenda &#8222;Spinnen &#8211; leicht gemacht&#8220;"},"content":{"rendered":"<p>Ganz gleich, ob Sie nun ein erfahrener Profi auf der Suche nach dem perfekten Garn oder ein Neueinsteiger auf der Suche nach einem Bet\u00e4tigungsfeld f\u00fcr Ihre kreativen Potenziale sind: Dieses Buch wird in Ihnen den Wunsch ausl\u00f6sen, selbst mit dem Spinnen zu beginnen. Angefangen bei den Grundlagen, werden nach und nach alle Aspekte des Spinnens behandelt. Detaillierte Anleitungen sowie viele Tipps und Tricks werden Sie schon bald in die Lage versetzen, eigene Garne herzustellen.<\/p>\n<p>&#8211; Schritt-f\u00fcr-Schritt-Abbildungen erkl\u00e4ren die Techniken zur Faservorbereitung, zum Spinnen eines Einzelfadens und zum Verzwirnen von Einzelf\u00e4den, um ein ausgeglichenes Garn herzustellen. \u00dcberdies wird Ihnen gezeigt, wie kreativ Sie Farben verwenden k\u00f6nnen.<\/p>\n<p>&#8211; Wenn Sie die Basistechniken beherrschen, finden Sie Arbeitsanleitungen f\u00fcr eine gro\u00dfe Anzahl von exquisiten ein- sowie gemischtfarbigen und strukturierten Garnen: vom zartsinnlichen Mohair \u00fcber pfiffige Zweifachzwirne bis hin zum reizvoll-genoppten Charme von geflecktem Garn oder Spiral-, Boucl\u00e9- und Knotengarnen.<\/p>\n<p>&#8211; Im hinteren Teil des Buches befindet sich ein Extrakapitel, das sich mit der professionellen Verwertung Ihrer Produkte befa\u00dft. Hier finden Sie Antworten darauf, wie Sie Ihre Arbeiten verkaufen und vermarkten und Garne \u00fcber das Internet anbieten k\u00f6nnen.<\/p>\n<p>Gebundene Ausgabe, 144 Seiten<\/p>\n","protected":false},"excerpt":{"rendered":"<p>HC<\/p>\n","protected":false},"featured_media":6035,"template":"","meta":[],"product_brand":[],"product_cat":[188,185],"product_tag":[268,272,280],"class_list":{"0":"post-2747","1":"product","2":"type-product","3":"status-publish","4":"has-post-thumbnail","6":"product_cat-altes-handwerk","7":"product_cat-literatur","8":"product_tag-handarbeit","9":"product_tag-spinnen","10":"product_tag-wolle","11":"product_shipping_class-paket","13":"first","14":"onbackorder","15":"taxable","16":"shipping-taxable","17":"purchasable","18":"product-type-simple"},"_links":{"self":[{"href":"https:\/\/shop.mittgard.de\/index.php?rest_route=\/wp\/v2\/product\/2747","targetHints":{"allow":["GET"]}}],"collection":[{"href":"https:\/\/shop.mittgard.de\/index.php?rest_route=\/wp\/v2\/product"}],"about":[{"href":"https:\/\/shop.mittgard.de\/index.php?rest_route=\/wp\/v2\/types\/product"}],"wp:featuredmedia":[{"embeddable":true,"href":"https:\/\/shop.mittgard.de\/index.php?rest_route=\/wp\/v2\/media\/6035"}],"wp:attachment":[{"href":"https:\/\/shop.mittgard.de\/index.php?rest_route=%2Fwp%2Fv2%2Fmedia&parent=2747"}],"wp:term":[{"taxonomy":"product_brand","embeddable":true,"href":"https:\/\/shop.mittgard.de\/index.php?rest_route=%2Fwp%2Fv2%2Fproduct_brand&post=2747"},{"taxonomy":"product_cat","embeddable":true,"href":"https:\/\/shop.mittgard.de\/index.php?rest_route=%2Fwp%2Fv2%2Fproduct_cat&post=2747"},{"taxonomy":"product_tag","embeddable":true,"href":"https:\/\/shop.mittgard.de\/index.php?rest_route=%2Fwp%2Fv2%2Fproduct_tag&post=2747"}],"curies":[{"name":"wp","href":"https:\/\/api.w.org\/{rel}","templated":true}]}}