{"id":2748,"date":"2018-06-22T21:09:50","date_gmt":"2018-06-22T19:09:50","guid":{"rendered":"http:\/\/shop.mittgard.de\/?product=import-placeholder-for-3072"},"modified":"2026-04-06T13:41:50","modified_gmt":"2026-04-06T11:41:50","slug":"gissing-karl-das-buch-vom-schmieden-alle-techniken","status":"publish","type":"product","link":"https:\/\/shop.mittgard.de\/?product=gissing-karl-das-buch-vom-schmieden-alle-techniken","title":{"rendered":"Gissing, Karl &#8222;Das Buch vom Schmieden &#8211; Alle Techniken!&#8220;"},"content":{"rendered":"<p>Alles \u00fcber Schmiedetechniken f\u00fcr Eisen und Stahl, Werkstattausr\u00fcstung und Werkstoffkunde, Schmieden mit Kindern<\/p>\n<p>Seines Gl\u00fcckes Schmied<\/p>\n<p>Feuer und Eisen faszinieren die Menschheit seit Jahrtausenden. N\u00e4gel und andere einfache Werkst\u00fccke unter Anleitung zu schmieden, ist f\u00fcr viele Interessierte eine spannende Erfahrung.<\/p>\n<p>Dieses umfassende Werk \u00fcber das Schmieden bietet einen tiefen Einblick in die unterschiedlichen Techniken dieser alten Handwerkskunst. Dabei beschreibt der Autor nicht nur die Art und Weise, wie man Werkzeuge und Gebrauchsgegenst\u00e4nde, wie z.B. Sensen, Axt und Sappel (Sapin), in der modernen industriellen Erzeugung angefertigt werden.<\/p>\n<p>Ausf\u00fchrlich werden die verschiedenen Schmiedetechniken, wie Schwei\u00dfen, Biegen, Spalten, Drehen usw. erkl\u00e4rt. Dabei wird auch auf die Werkstoffauswahl und W\u00e4rmebehandlung eingegangen.<\/p>\n<p>Ein weiterer gro\u00dfer Teil dieses Buches bietet anhand von ausf\u00fchrlichen Schritt-f\u00fcr-Schritt-Anleitungen und zahlreichen Abbildungen praktische Anleitungen f\u00fcr das Schmieden von verschiedenen Zier- und Gebrauchsgegenst\u00e4nden, wie Flaschen\u00f6ffner oder Kerzenst\u00e4nder bis zu einfachen Fenstergittern und Beschl\u00e4gen.<\/p>\n<p>So wird jeder mit diesem Buch im wahrsten Sinne des Wortes &#8222;seines Gl\u00fcckes Schmied&#8220;, denn es bietet eine verst\u00e4ndliche Einf\u00fchrung in ein altes Handwerk, das sich in letzter Zeit als Hobby zunehmender Beliebtheit erfreut.<\/p>\n<p>Gebundene Ausgabe, 160 Seiten<\/p>\n","protected":false},"excerpt":{"rendered":"<p>HC<\/p>\n","protected":false},"featured_media":3755,"template":"","meta":[],"product_brand":[],"product_cat":[188,185],"product_tag":[233,274,283],"class_list":{"0":"post-2748","1":"product","2":"type-product","3":"status-publish","4":"has-post-thumbnail","6":"product_cat-altes-handwerk","7":"product_cat-literatur","8":"product_tag-handwerk","9":"product_tag-metallverarbeitung","10":"product_tag-schmieden","11":"product_shipping_class-paket","13":"first","14":"onbackorder","15":"taxable","16":"shipping-taxable","17":"purchasable","18":"product-type-simple"},"_links":{"self":[{"href":"https:\/\/shop.mittgard.de\/index.php?rest_route=\/wp\/v2\/product\/2748","targetHints":{"allow":["GET"]}}],"collection":[{"href":"https:\/\/shop.mittgard.de\/index.php?rest_route=\/wp\/v2\/product"}],"about":[{"href":"https:\/\/shop.mittgard.de\/index.php?rest_route=\/wp\/v2\/types\/product"}],"wp:featuredmedia":[{"embeddable":true,"href":"https:\/\/shop.mittgard.de\/index.php?rest_route=\/wp\/v2\/media\/3755"}],"wp:attachment":[{"href":"https:\/\/shop.mittgard.de\/index.php?rest_route=%2Fwp%2Fv2%2Fmedia&parent=2748"}],"wp:term":[{"taxonomy":"product_brand","embeddable":true,"href":"https:\/\/shop.mittgard.de\/index.php?rest_route=%2Fwp%2Fv2%2Fproduct_brand&post=2748"},{"taxonomy":"product_cat","embeddable":true,"href":"https:\/\/shop.mittgard.de\/index.php?rest_route=%2Fwp%2Fv2%2Fproduct_cat&post=2748"},{"taxonomy":"product_tag","embeddable":true,"href":"https:\/\/shop.mittgard.de\/index.php?rest_route=%2Fwp%2Fv2%2Fproduct_tag&post=2748"}],"curies":[{"name":"wp","href":"https:\/\/api.w.org\/{rel}","templated":true}]}}