{"id":2749,"date":"2018-06-22T21:09:50","date_gmt":"2018-06-22T19:09:50","guid":{"rendered":"http:\/\/shop.mittgard.de\/?product=import-placeholder-for-3073"},"modified":"2025-09-23T11:24:59","modified_gmt":"2025-09-23T09:24:59","slug":"gissing-karl-einfach-schmieden","status":"publish","type":"product","link":"https:\/\/shop.mittgard.de\/?product=gissing-karl-einfach-schmieden","title":{"rendered":"Gissing, Karl &#8222;Einfach schmieden&#8220;"},"content":{"rendered":"<p>Alle Grundtechniken, 20 Werkst\u00fccke auf 222 Abbildungen<\/p>\n<p>Schmieden wird nicht nur an Fachschulen unterrichtet, auch wenn der Autor dort viele Jahre t\u00e4tig war. Immer mehr Menschen entdecken diese traditionsreiche Handwerkskunst n\u00e4mlich als erf\u00fcllendes Hobby.<\/p>\n<p>Mit diesem praxistauglichen Buch legt der Autor einen detaillierten Leitfaden vor, mit dem man rasch zum Hobbyschmied werden und verschiedene Zier- und Gebrauchsgegenst\u00e4nde in der Werkstatt daheim anfertigen kann. Dabei wird mit anschaulichen Abbildungen zu den einzelnen Arbeitsschritten sichergestellt, da\u00df das Beschriebene, vom einfachen Gebrauchsobjekt bis zu anspruchsvolleren Ziergegenst\u00e4nden, auch in die Tat umgesetzt werden kann.<\/p>\n<p>Neben vielen Anleitungen zu Schmiedearbeiten unterschiedlicher Schwierigkeitsgrade widmet sich dieses Buch dem Grundlagenwissen: verschiedene Schmiedeverfahren, Werkstoffauswahl und W\u00e4rmebehandlung sowie die wichtigsten Schmiedetechniken.<\/p>\n<p>In einem eigenen Bildteil finden sich zur Anregung verschiedene repr\u00e4sentative Schmiedearbeiten.<\/p>\n<p>Aus dem Inhalt:<\/p>\n<p>&#8211; Verfahrensbeschreibung: Freiformschmieden &#8211; Gesenkschmieden<br \/>\n&#8211; Werkstoffe f\u00fcr das Schmieden<br \/>\n&#8211; W\u00e4rmebehandlung: H\u00e4rten, Anlassen, Gl\u00fchen<br \/>\n&#8211; Grundausstattung: Werkzeuge, Erw\u00e4rmungseinrichtungen<br \/>\n&#8211; Die wichtigsten Schmiedetechniken<br \/>\n&#8211; Schmieden von Einzelteilen<br \/>\n&#8211; Geschmiedete Zier- und Gebrauchsgegenst\u00e4nde<\/p>\n<p>Gebundene Ausgabe, 128 Seiten<\/p>\n","protected":false},"excerpt":{"rendered":"<p>HC<\/p>\n","protected":false},"featured_media":3758,"template":"","meta":[],"product_brand":[],"product_cat":[188,185],"product_tag":[233,274,283],"class_list":{"0":"post-2749","1":"product","2":"type-product","3":"status-publish","4":"has-post-thumbnail","6":"product_cat-altes-handwerk","7":"product_cat-literatur","8":"product_tag-handwerk","9":"product_tag-metallverarbeitung","10":"product_tag-schmieden","11":"product_shipping_class-paket","13":"first","14":"instock","15":"taxable","16":"shipping-taxable","17":"purchasable","18":"product-type-simple"},"_links":{"self":[{"href":"https:\/\/shop.mittgard.de\/index.php?rest_route=\/wp\/v2\/product\/2749","targetHints":{"allow":["GET"]}}],"collection":[{"href":"https:\/\/shop.mittgard.de\/index.php?rest_route=\/wp\/v2\/product"}],"about":[{"href":"https:\/\/shop.mittgard.de\/index.php?rest_route=\/wp\/v2\/types\/product"}],"wp:featuredmedia":[{"embeddable":true,"href":"https:\/\/shop.mittgard.de\/index.php?rest_route=\/wp\/v2\/media\/3758"}],"wp:attachment":[{"href":"https:\/\/shop.mittgard.de\/index.php?rest_route=%2Fwp%2Fv2%2Fmedia&parent=2749"}],"wp:term":[{"taxonomy":"product_brand","embeddable":true,"href":"https:\/\/shop.mittgard.de\/index.php?rest_route=%2Fwp%2Fv2%2Fproduct_brand&post=2749"},{"taxonomy":"product_cat","embeddable":true,"href":"https:\/\/shop.mittgard.de\/index.php?rest_route=%2Fwp%2Fv2%2Fproduct_cat&post=2749"},{"taxonomy":"product_tag","embeddable":true,"href":"https:\/\/shop.mittgard.de\/index.php?rest_route=%2Fwp%2Fv2%2Fproduct_tag&post=2749"}],"curies":[{"name":"wp","href":"https:\/\/api.w.org\/{rel}","templated":true}]}}