{"id":2750,"date":"2018-06-22T21:09:50","date_gmt":"2018-06-22T19:09:50","guid":{"rendered":"http:\/\/shop.mittgard.de\/?product=import-placeholder-for-3074"},"modified":"2025-09-15T15:25:41","modified_gmt":"2025-09-15T13:25:41","slug":"goepferich-willy-haushaltsgegenstaende-und-moebel","status":"publish","type":"product","link":"https:\/\/shop.mittgard.de\/?product=goepferich-willy-haushaltsgegenstaende-und-moebel","title":{"rendered":"Diverse &#8222;M\u00f6belbau &#038; Behelfsm\u00f6bel&#8220;"},"content":{"rendered":"<p>M\u00f6bel und einfache Haushaltsgegenst\u00e4nde &amp; einfachste Behelfsm\u00f6bel<\/p>\n<p>Wie man sich fr\u00fcher selbst zu helfen wusste<\/p>\n<p>Neben der detaillierten M\u00f6belkonstruktion mit vielen Abbildungen und Schnittzeichnungen zeigt dieses Buch auch die alten Kniffe des Tischlers und Schreiners.<br \/>\nMan beachte, dass dieses Buch in den 1920er Jahren f\u00fcr Laien verfasst wurde. Es erm\u00f6glicht jedem halbwegs begabten Menschen die Anfertigung von hochwertigen und dauerhaften M\u00f6beln und Haushaltsgegenst\u00e4nden.<\/p>\n<p>Inhalt:<\/p>\n<ul>\n<li>Das Handwerkszeug des Bastlers (verschiedene Feilen, S\u00e4gen, Bohrer, Hobel)<\/li>\n<li>Verzinken<\/li>\n<li>Verzapfen<\/li>\n<li>Leimen<\/li>\n<li>Lackieren und Anstreichen<\/li>\n<li>Grundelemente der M\u00f6belkonstruktion<\/li>\n<li>Verbindungen<\/li>\n<li>Das Schr\u00e4nken von S\u00e4gebl\u00e4ttern<\/li>\n<li>Holzbearbeitung usw.<\/li>\n<li>W\u00e4schetrockner<\/li>\n<li>Obsthorde<\/li>\n<li>K\u00fcchenhocker und Putzzeugkasten<\/li>\n<li>Laubenbank<\/li>\n<li>Gartenbank<\/li>\n<li>Gartentisch<\/li>\n<li>Zusammenlegbarer Sp\u00fcltisch<\/li>\n<li>K\u00fcchenschrank mit Anrichte<\/li>\n<li>Holzbearbeitungswerkzeuge<\/li>\n<li>Holzverbindungen<\/li>\n<li>Holzwerken<\/li>\n<li>Behelfsm\u00f6bel<\/li>\n<li>Hocker<\/li>\n<li>B\u00e4nke<\/li>\n<li>Tische<\/li>\n<li>uvam.<\/li>\n<\/ul>\n<p>Der 20seitige Anhang des Buches zeigt die Anfertigung einfachster M\u00f6bel aus Tr\u00fcmmerschrott, so wie sich die Menschen nach dem Zweiten Weltkrieg behelfen mussten.<\/p>\n<p><em><strong>Hinweis: Teil 1 des Buches erschien hier fr\u00fcher unter dem Titel &#8222;Wie baue ich mir selbst M\u00f6bel&#8220; und Teil 2 mit den Behelfsm\u00f6beln war in den fr\u00fcheren B\u00e4nden des &#8222;Praktischen Survival Magazins&#8220; zu finden. Kunden die diese B\u00fccher bereits besitzen, brauchen dieses Buch nicht zu erwerben.<\/strong><\/em><\/p>\n<p>Taschenbuch, A5, 104 Seiten, zahlreiche Abbildungen, moderne Schrift.<\/p>\n","protected":false},"excerpt":{"rendered":"<p>TB<\/p>\n","protected":false},"featured_media":24150,"template":"","meta":[],"product_brand":[],"product_cat":[188,185],"product_tag":[278,273],"class_list":{"0":"post-2750","1":"product","2":"type-product","3":"status-publish","4":"has-post-thumbnail","6":"product_cat-altes-handwerk","7":"product_cat-literatur","8":"product_tag-holzverarbeitung","9":"product_tag-moebelbau","10":"product_shipping_class-paket","12":"first","13":"instock","14":"taxable","15":"shipping-taxable","16":"purchasable","17":"product-type-simple"},"_links":{"self":[{"href":"https:\/\/shop.mittgard.de\/index.php?rest_route=\/wp\/v2\/product\/2750","targetHints":{"allow":["GET"]}}],"collection":[{"href":"https:\/\/shop.mittgard.de\/index.php?rest_route=\/wp\/v2\/product"}],"about":[{"href":"https:\/\/shop.mittgard.de\/index.php?rest_route=\/wp\/v2\/types\/product"}],"wp:featuredmedia":[{"embeddable":true,"href":"https:\/\/shop.mittgard.de\/index.php?rest_route=\/wp\/v2\/media\/24150"}],"wp:attachment":[{"href":"https:\/\/shop.mittgard.de\/index.php?rest_route=%2Fwp%2Fv2%2Fmedia&parent=2750"}],"wp:term":[{"taxonomy":"product_brand","embeddable":true,"href":"https:\/\/shop.mittgard.de\/index.php?rest_route=%2Fwp%2Fv2%2Fproduct_brand&post=2750"},{"taxonomy":"product_cat","embeddable":true,"href":"https:\/\/shop.mittgard.de\/index.php?rest_route=%2Fwp%2Fv2%2Fproduct_cat&post=2750"},{"taxonomy":"product_tag","embeddable":true,"href":"https:\/\/shop.mittgard.de\/index.php?rest_route=%2Fwp%2Fv2%2Fproduct_tag&post=2750"}],"curies":[{"name":"wp","href":"https:\/\/api.w.org\/{rel}","templated":true}]}}