{"id":2754,"date":"2018-06-22T21:09:51","date_gmt":"2018-06-22T19:09:51","guid":{"rendered":"http:\/\/shop.mittgard.de\/?product=import-placeholder-for-3078"},"modified":"2024-12-15T14:09:56","modified_gmt":"2024-12-15T13:09:56","slug":"hasenoehrl-stoffdruck","status":"publish","type":"product","link":"https:\/\/shop.mittgard.de\/?product=hasenoehrl-stoffdruck","title":{"rendered":"Hasen\u00f6hrl &#8222;StoffDruck&#8220;"},"content":{"rendered":"<p>Kreative Ideen f\u00fcr Deko und Kleidung<\/p>\n<p>Der Stoffdruck ist eine uralte Technik, um Textilien zu verzieren und zu versch\u00f6nern. Traditionell wurden daf\u00fcr geschnitzte oder gestochene Holzmodel verwendet, aber auch mit Pflanzenbl\u00e4ttern k\u00f6nnen Stoffe, textile Accessoires f\u00fcr den Haushalt oder Kleidung veredelt und individuell gestaltet werden.<\/p>\n<p>Auch der Linol- und der Kartoffeldruck werden in der Stoffdruckkunst vielseitig eingesetzt und liefern rasch tolle Ergebnisse. Wie das Arbeiten mit Modeln aus Holz, Kartoffeln oder Linoleum sowie Pflanzen funktioniert, welche Farben, Pinsel und Stoffe verwendet werden und vieles mehr erkl\u00e4rt das Buch ausf\u00fchrlich.<\/p>\n<p>Sowohl Anf\u00e4ngern als auch fortgeschrittenen Textilgestaltern liefert das Buch dar\u00fcber hinaus zahlreiche Ideen f\u00fcr kreative Geschenke f\u00fcr jeden Anlass des Jahres: Vom Eierw\u00e4rmer f\u00fcr das Osterfest und das Muttertagspr\u00e4sent \u00fcber die sommerliche Tischdekoration bis zum Nikolauss\u00e4ckchen und Lavendelherz f\u00fcr den Valentinstag reicht die Palette. Auch Anregungen f\u00fcr das Bedrucken von Kleidung, Tisch- und Bettw\u00e4sche, Taschen oder Schuhen werden geboten. Ein kleiner Ausblick in die Blaudruckerei zeigt den geschichtlichen Hintergrund des Stoffdrucks auf.<\/p>\n<p>Gebundene Ausgabe, 144 Seiten<\/p>\n","protected":false},"excerpt":{"rendered":"<p>HC<\/p>\n","protected":false},"featured_media":3766,"template":"","meta":[],"product_brand":[],"product_cat":[188,185],"product_tag":[285,271,268,284],"class_list":{"0":"post-2754","1":"product","2":"type-product","3":"status-publish","4":"has-post-thumbnail","6":"product_cat-altes-handwerk","7":"product_cat-literatur","8":"product_tag-drucken","9":"product_tag-faerben","10":"product_tag-handarbeit","11":"product_tag-textiles-gestalten","12":"product_shipping_class-paket","14":"first","15":"instock","16":"taxable","17":"shipping-taxable","18":"purchasable","19":"product-type-simple"},"_links":{"self":[{"href":"https:\/\/shop.mittgard.de\/index.php?rest_route=\/wp\/v2\/product\/2754","targetHints":{"allow":["GET"]}}],"collection":[{"href":"https:\/\/shop.mittgard.de\/index.php?rest_route=\/wp\/v2\/product"}],"about":[{"href":"https:\/\/shop.mittgard.de\/index.php?rest_route=\/wp\/v2\/types\/product"}],"wp:featuredmedia":[{"embeddable":true,"href":"https:\/\/shop.mittgard.de\/index.php?rest_route=\/wp\/v2\/media\/3766"}],"wp:attachment":[{"href":"https:\/\/shop.mittgard.de\/index.php?rest_route=%2Fwp%2Fv2%2Fmedia&parent=2754"}],"wp:term":[{"taxonomy":"product_brand","embeddable":true,"href":"https:\/\/shop.mittgard.de\/index.php?rest_route=%2Fwp%2Fv2%2Fproduct_brand&post=2754"},{"taxonomy":"product_cat","embeddable":true,"href":"https:\/\/shop.mittgard.de\/index.php?rest_route=%2Fwp%2Fv2%2Fproduct_cat&post=2754"},{"taxonomy":"product_tag","embeddable":true,"href":"https:\/\/shop.mittgard.de\/index.php?rest_route=%2Fwp%2Fv2%2Fproduct_tag&post=2754"}],"curies":[{"name":"wp","href":"https:\/\/api.w.org\/{rel}","templated":true}]}}