{"id":2757,"date":"2018-06-22T21:09:51","date_gmt":"2018-06-22T19:09:51","guid":{"rendered":"http:\/\/shop.mittgard.de\/?product=import-placeholder-for-3081"},"modified":"2024-12-15T14:10:46","modified_gmt":"2024-12-15T13:10:46","slug":"howard-kendrick-kreativ-weben","status":"publish","type":"product","link":"https:\/\/shop.mittgard.de\/?product=howard-kendrick-kreativ-weben","title":{"rendered":"Howard\/Kendrick &#8222;kreativ weben&#8220;"},"content":{"rendered":"<p>Entdecken Sie Ihre Kreativit\u00e4t mit dem alten Handwerk des Webens<\/p>\n<p>30 spannende, von der Natur inspirierte Webprojekte<\/p>\n<p>Schritt-f\u00fcr-Schritt-Anleitungen und Illustrationen, mit denen Sie das Weben leicht erlernen k\u00f6nnen<\/p>\n<p>Keine komplizierte Ausr\u00fcstung notwendig &#8211; ein einfacher Tischwebrahmen ist alles, was Sie brauchen<\/p>\n<p>Experimentieren Sie spielerisch mit ungew\u00f6hnlichen Materialien, von Schn\u00fcren \u00fcber B\u00e4nder bis hin zu Papier und Kunststoff<\/p>\n<p>Broschiert, 112 Seiten<\/p>\n<p>&nbsp;<\/p>\n","protected":false},"excerpt":{"rendered":"<p>Br<\/p>\n","protected":false},"featured_media":24241,"template":"","meta":[],"product_brand":[],"product_cat":[188,185],"product_tag":[268,281,280],"class_list":{"0":"post-2757","1":"product","2":"type-product","3":"status-publish","4":"has-post-thumbnail","6":"product_cat-altes-handwerk","7":"product_cat-literatur","8":"product_tag-handarbeit","9":"product_tag-weben","10":"product_tag-wolle","11":"product_shipping_class-paket","13":"first","14":"instock","15":"taxable","16":"shipping-taxable","17":"purchasable","18":"product-type-simple"},"_links":{"self":[{"href":"https:\/\/shop.mittgard.de\/index.php?rest_route=\/wp\/v2\/product\/2757","targetHints":{"allow":["GET"]}}],"collection":[{"href":"https:\/\/shop.mittgard.de\/index.php?rest_route=\/wp\/v2\/product"}],"about":[{"href":"https:\/\/shop.mittgard.de\/index.php?rest_route=\/wp\/v2\/types\/product"}],"wp:featuredmedia":[{"embeddable":true,"href":"https:\/\/shop.mittgard.de\/index.php?rest_route=\/wp\/v2\/media\/24241"}],"wp:attachment":[{"href":"https:\/\/shop.mittgard.de\/index.php?rest_route=%2Fwp%2Fv2%2Fmedia&parent=2757"}],"wp:term":[{"taxonomy":"product_brand","embeddable":true,"href":"https:\/\/shop.mittgard.de\/index.php?rest_route=%2Fwp%2Fv2%2Fproduct_brand&post=2757"},{"taxonomy":"product_cat","embeddable":true,"href":"https:\/\/shop.mittgard.de\/index.php?rest_route=%2Fwp%2Fv2%2Fproduct_cat&post=2757"},{"taxonomy":"product_tag","embeddable":true,"href":"https:\/\/shop.mittgard.de\/index.php?rest_route=%2Fwp%2Fv2%2Fproduct_tag&post=2757"}],"curies":[{"name":"wp","href":"https:\/\/api.w.org\/{rel}","templated":true}]}}