{"id":2767,"date":"2018-06-22T21:09:57","date_gmt":"2018-06-22T19:09:57","guid":{"rendered":"http:\/\/shop.mittgard.de\/?product=import-placeholder-for-3091"},"modified":"2025-09-15T14:52:47","modified_gmt":"2025-09-15T12:52:47","slug":"konwiczka-hans-naturholzarbeiten","status":"publish","type":"product","link":"https:\/\/shop.mittgard.de\/?product=konwiczka-hans-naturholzarbeiten","title":{"rendered":"Konwiczka, Hans &#8222;Naturholzarbeiten&#8220;"},"content":{"rendered":"<p>Naturholzarbeiten sind sch\u00f6n, billig, umweltfreundlich und sehr praktisch. Diese reich bebilderte Anleitung zeigt, wie man aus &#8222;wertlosen&#8220; \u00c4sten n\u00fctzliche und dauerhafte Gegenst\u00e4nde f\u00fcr Garten oder Haus anfertigt.<\/p>\n<p>Holz in seiner urspr\u00fcnglichsten Form zu verwenden und durch Kreativit\u00e4t Neues daraus zu schaffen &#8211; dies k\u00f6nnen heute nicht mehr viele Menschen.<\/p>\n<p>Diese Anleitung zeigt jedem Interessierten wie&#8217;s geht!<\/p>\n<p>Broschiert, 68 Seiten<\/p>\n","protected":false},"excerpt":{"rendered":"<p>Heft<\/p>\n","protected":false},"featured_media":15656,"template":"","meta":[],"product_brand":[],"product_cat":[188,185],"product_tag":[275,273],"class_list":{"0":"post-2767","1":"product","2":"type-product","3":"status-publish","4":"has-post-thumbnail","6":"product_cat-altes-handwerk","7":"product_cat-literatur","8":"product_tag-holzbearbeitung","9":"product_tag-moebelbau","10":"product_shipping_class-paket","12":"first","13":"instock","14":"taxable","15":"shipping-taxable","16":"purchasable","17":"product-type-simple"},"_links":{"self":[{"href":"https:\/\/shop.mittgard.de\/index.php?rest_route=\/wp\/v2\/product\/2767","targetHints":{"allow":["GET"]}}],"collection":[{"href":"https:\/\/shop.mittgard.de\/index.php?rest_route=\/wp\/v2\/product"}],"about":[{"href":"https:\/\/shop.mittgard.de\/index.php?rest_route=\/wp\/v2\/types\/product"}],"wp:featuredmedia":[{"embeddable":true,"href":"https:\/\/shop.mittgard.de\/index.php?rest_route=\/wp\/v2\/media\/15656"}],"wp:attachment":[{"href":"https:\/\/shop.mittgard.de\/index.php?rest_route=%2Fwp%2Fv2%2Fmedia&parent=2767"}],"wp:term":[{"taxonomy":"product_brand","embeddable":true,"href":"https:\/\/shop.mittgard.de\/index.php?rest_route=%2Fwp%2Fv2%2Fproduct_brand&post=2767"},{"taxonomy":"product_cat","embeddable":true,"href":"https:\/\/shop.mittgard.de\/index.php?rest_route=%2Fwp%2Fv2%2Fproduct_cat&post=2767"},{"taxonomy":"product_tag","embeddable":true,"href":"https:\/\/shop.mittgard.de\/index.php?rest_route=%2Fwp%2Fv2%2Fproduct_tag&post=2767"}],"curies":[{"name":"wp","href":"https:\/\/api.w.org\/{rel}","templated":true}]}}