{"id":2775,"date":"2018-06-22T21:09:59","date_gmt":"2018-06-22T19:09:59","guid":{"rendered":"http:\/\/shop.mittgard.de\/?product=import-placeholder-for-3099"},"modified":"2025-09-23T11:19:42","modified_gmt":"2025-09-23T09:19:42","slug":"milan-wolfgang-laendliche-holzbaukunst","status":"publish","type":"product","link":"https:\/\/shop.mittgard.de\/?product=milan-wolfgang-laendliche-holzbaukunst","title":{"rendered":"Milan, Wolfgang &#8222;L\u00e4ndliche Holzbaukunst&#8220;"},"content":{"rendered":"<p>Alte Vorbilder f\u00fcr Balkone, T\u00fcren, Z\u00e4une<\/p>\n<p>Ob im landschaftsgerechten Neubau oder bei der Renovierung eines bestehenden Geb\u00e4udes &#8211; alte Formen als Vorbilder sind f\u00fcr Neubauten sehr gefragt.<\/p>\n<p>Damit die alten Formen, die den Geb\u00e4uden in den jeweiligen Regionen ihr typisches Aussehen verliehen haben, nicht in Vergessenheit geraten, hat sie der Autor Wolfgang Milan in diesem Buch anschaulich zusammengefasst.<\/p>\n<p>Ausgestattet mit zahlreichen Bildern, f\u00fchrt das Buch in die Grundlagen der l\u00e4ndlichen Holzbaukunst ein. Traditionelle Holzbauwerke wie Troadkasten, Blockh\u00e4user, Stadeln oder Trockenger\u00fcste f\u00fcr Heu oder Getreide werden vorgestellt, wobei auf verschiedene Bauweisen wie Block- und St\u00e4nderbau eingegangen wird.<\/p>\n<p>Im Mittelpunkt stehen aber die so genannten &#8222;Kleinformen&#8220;, also Balkone, Fensterrahmen, T\u00fcren und Z\u00e4une, mit denen sich vor allem neu errichtete Bauwerke und H\u00e4user optimal\u00a0verzieren und ausgezeichnet in die traditionelle Umgebung eingliedern lassen.<\/p>\n<p>Aus dem Inhalt:<\/p>\n<ul>\n<li>Traditionelle Holzbautechnik<\/li>\n<li>Fenster &#8211; T\u00fcren &#8211; Balkone &#8211; Dach<\/li>\n<li>Blockhaus, Speicher, M\u00fchlen<\/li>\n<li>Bienenst\u00e4nde, Taubenkobel, Wegkreuze<\/li>\n<li>Brunnen<\/li>\n<li>Holzz\u00e4une<\/li>\n<li>Neue Holzbauten<\/li>\n<\/ul>\n<p>Gebundene Ausgabe, 152 Seiten<\/p>\n","protected":false},"excerpt":{"rendered":"<p>HC<\/p>\n","protected":false},"featured_media":6032,"template":"","meta":[],"product_brand":[],"product_cat":[188,185],"product_tag":[233,250,278],"class_list":{"0":"post-2775","1":"product","2":"type-product","3":"status-publish","4":"has-post-thumbnail","6":"product_cat-altes-handwerk","7":"product_cat-literatur","8":"product_tag-handwerk","9":"product_tag-hausbau","10":"product_tag-holzverarbeitung","11":"product_shipping_class-paket","13":"first","14":"instock","15":"taxable","16":"shipping-taxable","17":"purchasable","18":"product-type-simple"},"_links":{"self":[{"href":"https:\/\/shop.mittgard.de\/index.php?rest_route=\/wp\/v2\/product\/2775","targetHints":{"allow":["GET"]}}],"collection":[{"href":"https:\/\/shop.mittgard.de\/index.php?rest_route=\/wp\/v2\/product"}],"about":[{"href":"https:\/\/shop.mittgard.de\/index.php?rest_route=\/wp\/v2\/types\/product"}],"wp:featuredmedia":[{"embeddable":true,"href":"https:\/\/shop.mittgard.de\/index.php?rest_route=\/wp\/v2\/media\/6032"}],"wp:attachment":[{"href":"https:\/\/shop.mittgard.de\/index.php?rest_route=%2Fwp%2Fv2%2Fmedia&parent=2775"}],"wp:term":[{"taxonomy":"product_brand","embeddable":true,"href":"https:\/\/shop.mittgard.de\/index.php?rest_route=%2Fwp%2Fv2%2Fproduct_brand&post=2775"},{"taxonomy":"product_cat","embeddable":true,"href":"https:\/\/shop.mittgard.de\/index.php?rest_route=%2Fwp%2Fv2%2Fproduct_cat&post=2775"},{"taxonomy":"product_tag","embeddable":true,"href":"https:\/\/shop.mittgard.de\/index.php?rest_route=%2Fwp%2Fv2%2Fproduct_tag&post=2775"}],"curies":[{"name":"wp","href":"https:\/\/api.w.org\/{rel}","templated":true}]}}