{"id":2778,"date":"2018-06-22T21:09:59","date_gmt":"2018-06-22T19:09:59","guid":{"rendered":"http:\/\/shop.mittgard.de\/?product=import-placeholder-for-3102"},"modified":"2024-12-15T14:17:02","modified_gmt":"2024-12-15T13:17:02","slug":"mortensen-marianne-weidengeflechte-fuer-haus-und-garten","status":"publish","type":"product","link":"https:\/\/shop.mittgard.de\/?product=mortensen-marianne-weidengeflechte-fuer-haus-und-garten","title":{"rendered":"Mortensen, Marianne &#8222;Weidengeflechte f\u00fcr Haus und Garten&#8220;"},"content":{"rendered":"<p>K\u00f6rbe, Tabletts, St\u00fchle, Z\u00e4une, Spaliere, Einfassungen, H\u00e4ngematten, Sonnenschirm, H\u00f6hlen, Vogelh\u00e4user und was man sonst noch alles selberbauen kann und alles aus Weide!<\/p>\n<p>Verbl\u00fcffend, was man alles mit Materialien aus der Natur machen kann. Dieses Buch zeigt, wie Sie Haus und Garten mit lauter tollen Objekten aus Weidengeflecht versch\u00f6nern k\u00f6nnen. Lassen Sie sich inspirieren von unseren Nachbarn in D\u00e4nemark, bei denen es seit einiger Zeit Mode ist, die schnellw\u00fcchsige Weide f\u00fcr Hobbyzwecke zu nutzen.<\/p>\n<p>Hier erfahren Sie, wie man Weiden pflanzt, pflegt und erntet, welche Werkzeuge Sie brauchen (es sind sehr wenige), um Geflechte aller Art zu machen, vom schlichten Einkaufskorb bis hin zu ausgefeilten Flecht-Kreationen. Ideal f\u00fcr Balkon und Garten sind Spaliere, Sitzm\u00f6bel, (lebende) Z\u00e4une, Umfriedungen, Sonnenschirme, Blumenk\u00f6rbe, B\u00e4nke, Schaukeln, Gartenh\u00e4user, H\u00fctten und Wigwams f\u00fcr Spiel und Spa\u00df.<\/p>\n<p>Alles ist ausf\u00fchrlich beschrieben und pr\u00e4zise illustriert. Allein das Bl\u00e4ttern in diesem reichbebilderten, wunderbar farbigen Buch ist ein Hochgenu\u00df.<\/p>\n<p>Gebundene Ausgabe, 168 Seiten<\/p>\n","protected":false},"excerpt":{"rendered":"<p>Geb<\/p>\n","protected":false},"featured_media":10511,"template":"","meta":[],"product_brand":[],"product_cat":[188,185],"product_tag":[230,233,243],"class_list":{"0":"post-2778","1":"product","2":"type-product","3":"status-publish","4":"has-post-thumbnail","6":"product_cat-altes-handwerk","7":"product_cat-literatur","8":"product_tag-garten","9":"product_tag-handwerk","10":"product_tag-natur","11":"product_shipping_class-paket","13":"first","14":"onbackorder","15":"taxable","16":"shipping-taxable","17":"purchasable","18":"product-type-simple"},"_links":{"self":[{"href":"https:\/\/shop.mittgard.de\/index.php?rest_route=\/wp\/v2\/product\/2778","targetHints":{"allow":["GET"]}}],"collection":[{"href":"https:\/\/shop.mittgard.de\/index.php?rest_route=\/wp\/v2\/product"}],"about":[{"href":"https:\/\/shop.mittgard.de\/index.php?rest_route=\/wp\/v2\/types\/product"}],"wp:featuredmedia":[{"embeddable":true,"href":"https:\/\/shop.mittgard.de\/index.php?rest_route=\/wp\/v2\/media\/10511"}],"wp:attachment":[{"href":"https:\/\/shop.mittgard.de\/index.php?rest_route=%2Fwp%2Fv2%2Fmedia&parent=2778"}],"wp:term":[{"taxonomy":"product_brand","embeddable":true,"href":"https:\/\/shop.mittgard.de\/index.php?rest_route=%2Fwp%2Fv2%2Fproduct_brand&post=2778"},{"taxonomy":"product_cat","embeddable":true,"href":"https:\/\/shop.mittgard.de\/index.php?rest_route=%2Fwp%2Fv2%2Fproduct_cat&post=2778"},{"taxonomy":"product_tag","embeddable":true,"href":"https:\/\/shop.mittgard.de\/index.php?rest_route=%2Fwp%2Fv2%2Fproduct_tag&post=2778"}],"curies":[{"name":"wp","href":"https:\/\/api.w.org\/{rel}","templated":true}]}}