{"id":2780,"date":"2018-06-22T21:09:59","date_gmt":"2018-06-22T19:09:59","guid":{"rendered":"http:\/\/shop.mittgard.de\/?product=import-placeholder-for-3104"},"modified":"2026-02-19T12:43:20","modified_gmt":"2026-02-19T11:43:20","slug":"mueller-werkzeuge-und-hilfsmittel-fuer-die-tischlerwerkstatt","status":"publish","type":"product","link":"https:\/\/shop.mittgard.de\/?product=mueller-werkzeuge-und-hilfsmittel-fuer-die-tischlerwerkstatt","title":{"rendered":"M\u00fcller &#8222;Werkzeuge und Hilfsmittel f\u00fcr die Tischlerwerkstatt&#8220;"},"content":{"rendered":"<p>Allen Hobbytischlern und Besitzern einer Hobelbank wird dieses Heft eine n\u00fctzliche Hilfe sein. Es zeigt die Anfertigung von 22 verschiedenen Ausr\u00fcstungsgegenst\u00e4nden f\u00fcr die Werkstatt des Bastlers. Wie es noch in den 1920er oder 1930er Jahren \u00fcblich war, wurde das allermeiste an Werkzeug selbst hergestellt. Zwar gab es Fachgesch\u00e4fte, aber das dort angebotene Werkstattzubeh\u00f6r war aber meistens unerschwinglich f\u00fcr den Hobbytischler. So kam nur die Selbstanfertigung von Hilfsmitteln in Frage. F\u00fcr die heutige Zeit ist diese Anleitung eine reiche Fundgrube an fast vergessenem, praktischem Wissen unserer Vorfahren.<\/p>\n<p>Inhalt:<\/p>\n<p>&#8211; Holzbankhaken zum Rundhobeln<br \/>\n&#8211; Richtleisten<br \/>\n&#8211; Streichma\u00df<br \/>\n&#8211; Schleifklotz und Feilen<br \/>\n&#8211; Holzfeilkloben<br \/>\n&#8211; Verstellbarer Holzspannkloben<br \/>\n&#8211; Drei verschiedene Schmiegen<br \/>\n&#8211; Schneidlade<br \/>\n&#8211; Sto\u00dflade<br \/>\n&#8211; Holzschraubstock<br \/>\n&#8211; Kleiner Holzschraubstock<br \/>\n&#8211; Holzhammer<br \/>\n&#8211; Holzkasten f\u00fcr Abziehstein + Schleifen der Werkzeuge<br \/>\n&#8211; Seitenbankhaken<br \/>\n&#8211; Bankknecht<br \/>\n&#8211; Spannleisten<br \/>\n&#8211; D\u00fcbeleisen<br \/>\n&#8211; S\u00e4gegabel<br \/>\n&#8211; Konsolen f\u00fcr die Holzaufbewahrung<br \/>\n&#8211; Hauklotz<br \/>\n&#8211; Tischlerschraubstock<br \/>\n&#8211; Werkzeugbrett<\/p>\n<p>Die in diesem Buch angegebenen Bauanleitungen beziehen sich vor allem auf die Hobelbank, aber selbstverst\u00e4ndlich lassen sich die Anleitungen auch f\u00fcr andere Hobelb\u00e4nke anpassen.<\/p>\n<p>Mit 40 detaillierten Bauzeichnungen und ausf\u00fchrlichen Bauanweisungen ist dieses Buch f\u00fcr jeden Holzfreund eine Bereicherung f\u00fcr die Werkstatt. Altes Wissen, was man sonst nicht mehr findet.<\/p>\n<p>Broschiert, 68 Seiten<\/p>\n","protected":false},"excerpt":{"rendered":"<p>Heft<\/p>\n","protected":false},"featured_media":7759,"template":"","meta":[],"product_brand":[],"product_cat":[188,185],"product_tag":[233,278],"class_list":{"0":"post-2780","1":"product","2":"type-product","3":"status-publish","4":"has-post-thumbnail","6":"product_cat-altes-handwerk","7":"product_cat-literatur","8":"product_tag-handwerk","9":"product_tag-holzverarbeitung","10":"product_shipping_class-paket","12":"first","13":"instock","14":"taxable","15":"shipping-taxable","16":"purchasable","17":"product-type-simple"},"_links":{"self":[{"href":"https:\/\/shop.mittgard.de\/index.php?rest_route=\/wp\/v2\/product\/2780","targetHints":{"allow":["GET"]}}],"collection":[{"href":"https:\/\/shop.mittgard.de\/index.php?rest_route=\/wp\/v2\/product"}],"about":[{"href":"https:\/\/shop.mittgard.de\/index.php?rest_route=\/wp\/v2\/types\/product"}],"wp:featuredmedia":[{"embeddable":true,"href":"https:\/\/shop.mittgard.de\/index.php?rest_route=\/wp\/v2\/media\/7759"}],"wp:attachment":[{"href":"https:\/\/shop.mittgard.de\/index.php?rest_route=%2Fwp%2Fv2%2Fmedia&parent=2780"}],"wp:term":[{"taxonomy":"product_brand","embeddable":true,"href":"https:\/\/shop.mittgard.de\/index.php?rest_route=%2Fwp%2Fv2%2Fproduct_brand&post=2780"},{"taxonomy":"product_cat","embeddable":true,"href":"https:\/\/shop.mittgard.de\/index.php?rest_route=%2Fwp%2Fv2%2Fproduct_cat&post=2780"},{"taxonomy":"product_tag","embeddable":true,"href":"https:\/\/shop.mittgard.de\/index.php?rest_route=%2Fwp%2Fv2%2Fproduct_tag&post=2780"}],"curies":[{"name":"wp","href":"https:\/\/api.w.org\/{rel}","templated":true}]}}