{"id":2781,"date":"2018-06-22T21:10:00","date_gmt":"2018-06-22T19:10:00","guid":{"rendered":"http:\/\/shop.mittgard.de\/?product=import-placeholder-for-3105"},"modified":"2026-05-07T09:57:24","modified_gmt":"2026-05-07T07:57:24","slug":"muench-anka-glasperlenschule","status":"publish","type":"product","link":"https:\/\/shop.mittgard.de\/?product=muench-anka-glasperlenschule","title":{"rendered":"M\u00fcnch, Anka &#8222;Glasperlenschule&#8220;"},"content":{"rendered":"<p>Perlen wickeln am Eingasbrenner &#8211; Handhabung der Werkzeuge und Brenner, Entstehung der Glasperlen mit Schritt-f\u00fcr-Schritt-Anleitungen, Perlenglossar und ausf\u00fchrliche Farbenliste<\/p>\n<p>Anka M\u00fcnch, geboren 1964 als \u00e4ltestes von 6 s\u00e4chsischen Pastorenkindern, lebt und arbeitet in Beilstein in Baden-W\u00fcrttemberg. Sie hat Religionsp\u00e4dagogik und Graphik-Design studiert. Nach T\u00e4tigkeiten im journalistischen Bereich, als Layouterin, Haushaltshilfe, Krankenpflegerin, am Theater und als Flugvermittlerin besch\u00e4ftigt sie sich seit dem Jahr 2002 mit handgewickelten Glasperlen und vermittelt ihr Wissen und ihre Fertigkeiten in zahlreichen privaten und Volkshochschul-Kursen. Sie ist verheiratet, hat ein erwachsenes und zwei kleine Kinder und ist Mitglied im GlasperlenSpektrum e.V., dem Dachverband der deutschen Glasperlenmacher.<\/p>\n<p>Broschiert, 128 Seiten<\/p>\n","protected":false},"excerpt":{"rendered":"<p>PB<\/p>\n","protected":false},"featured_media":24163,"template":"","meta":[],"product_brand":[],"product_cat":[188,185],"product_tag":[299,233,300,255],"class_list":{"0":"post-2781","1":"product","2":"type-product","3":"status-publish","4":"has-post-thumbnail","6":"product_cat-altes-handwerk","7":"product_cat-literatur","8":"product_tag-glas","9":"product_tag-handwerk","10":"product_tag-perlen","11":"product_tag-reenactment","12":"product_shipping_class-paket","14":"first","15":"onbackorder","16":"taxable","17":"shipping-taxable","18":"purchasable","19":"product-type-simple"},"_links":{"self":[{"href":"https:\/\/shop.mittgard.de\/index.php?rest_route=\/wp\/v2\/product\/2781","targetHints":{"allow":["GET"]}}],"collection":[{"href":"https:\/\/shop.mittgard.de\/index.php?rest_route=\/wp\/v2\/product"}],"about":[{"href":"https:\/\/shop.mittgard.de\/index.php?rest_route=\/wp\/v2\/types\/product"}],"wp:featuredmedia":[{"embeddable":true,"href":"https:\/\/shop.mittgard.de\/index.php?rest_route=\/wp\/v2\/media\/24163"}],"wp:attachment":[{"href":"https:\/\/shop.mittgard.de\/index.php?rest_route=%2Fwp%2Fv2%2Fmedia&parent=2781"}],"wp:term":[{"taxonomy":"product_brand","embeddable":true,"href":"https:\/\/shop.mittgard.de\/index.php?rest_route=%2Fwp%2Fv2%2Fproduct_brand&post=2781"},{"taxonomy":"product_cat","embeddable":true,"href":"https:\/\/shop.mittgard.de\/index.php?rest_route=%2Fwp%2Fv2%2Fproduct_cat&post=2781"},{"taxonomy":"product_tag","embeddable":true,"href":"https:\/\/shop.mittgard.de\/index.php?rest_route=%2Fwp%2Fv2%2Fproduct_tag&post=2781"}],"curies":[{"name":"wp","href":"https:\/\/api.w.org\/{rel}","templated":true}]}}