{"id":2782,"date":"2018-06-22T21:10:00","date_gmt":"2018-06-22T19:10:00","guid":{"rendered":"http:\/\/shop.mittgard.de\/?product=import-placeholder-for-3106"},"modified":"2024-12-15T14:18:42","modified_gmt":"2024-12-15T13:18:42","slug":"nowottnik-klaus-kerzen-ziehen-und-giessen","status":"publish","type":"product","link":"https:\/\/shop.mittgard.de\/?product=nowottnik-klaus-kerzen-ziehen-und-giessen","title":{"rendered":"Nowottnik, Klaus &#8222;Kerzen ziehen und gie\u00dfen&#8220;"},"content":{"rendered":"<p>Gestalten mit Wachs<\/p>\n<p>Nicht nur aus dem nat\u00fcrlichen und wertvollen Bienenwachs, sondern auch aus Paraffin und Stearin lassen sich zu Hause Kerzen einfach selbst erzeugen. Nach einer ausf\u00fchrlichen Vorstellung der verschiedenen Wachsarten widmet sich der umfangreiche Praxisteil des Buches der Herstellung von Kerzen und was es zu beachten gilt, damit sie auch gut und m\u00f6glich ru\u00dffrei brennen. Die Palette reicht von gerollten oder eckigen Kerzen aus Bienenwachs \u00fcber das Gie\u00dfen von Kerzen in verschiedenen Formen, die Herstellung von Peitschenkerzen und Teelichtern, von Duftkerzen und Gelkerzen bis hin zum Verzieren der gegossenen und gerollten Kerzen.<\/p>\n<p>Doch aus Bienenwachs lassen sich nicht nur Kerzen erzeugen! Einige Kapitel widmen sich der Herstellung von Salben, Cremen und Lippenstiften aus Bienenwachs, der Verwendung von Ohrkerzen und Wachs in der W\u00e4rmetherapie der Naturheilkunde sowie dem Einsatz von Wachs in Lederpflege, als Holzschutz sowie als Autowachs.<\/p>\n<p>Aus dem Inhalt:<\/p>\n<p>&#8211; Herkunft und Gewinnung von Wachsen<br \/>\n&#8211; Geschichte und Herstellung von Kerzen<br \/>\n&#8211; Festtagsschmuck<br \/>\n&#8211; Gesundheit und Wellness<br \/>\n&#8211; Technische Verwendung der Wachse<\/p>\n<p>Gebundene Ausgabe, 168 Seiten<\/p>\n","protected":false},"excerpt":{"rendered":"<p>HC<\/p>\n","protected":false},"featured_media":9068,"template":"","meta":[],"product_brand":[],"product_cat":[188,185],"product_tag":[233,227,301],"class_list":{"0":"post-2782","1":"product","2":"type-product","3":"status-publish","4":"has-post-thumbnail","6":"product_cat-altes-handwerk","7":"product_cat-literatur","8":"product_tag-handwerk","9":"product_tag-kerzen","10":"product_tag-wachs","11":"product_shipping_class-paket","13":"first","14":"instock","15":"taxable","16":"shipping-taxable","17":"purchasable","18":"product-type-simple"},"_links":{"self":[{"href":"https:\/\/shop.mittgard.de\/index.php?rest_route=\/wp\/v2\/product\/2782","targetHints":{"allow":["GET"]}}],"collection":[{"href":"https:\/\/shop.mittgard.de\/index.php?rest_route=\/wp\/v2\/product"}],"about":[{"href":"https:\/\/shop.mittgard.de\/index.php?rest_route=\/wp\/v2\/types\/product"}],"wp:featuredmedia":[{"embeddable":true,"href":"https:\/\/shop.mittgard.de\/index.php?rest_route=\/wp\/v2\/media\/9068"}],"wp:attachment":[{"href":"https:\/\/shop.mittgard.de\/index.php?rest_route=%2Fwp%2Fv2%2Fmedia&parent=2782"}],"wp:term":[{"taxonomy":"product_brand","embeddable":true,"href":"https:\/\/shop.mittgard.de\/index.php?rest_route=%2Fwp%2Fv2%2Fproduct_brand&post=2782"},{"taxonomy":"product_cat","embeddable":true,"href":"https:\/\/shop.mittgard.de\/index.php?rest_route=%2Fwp%2Fv2%2Fproduct_cat&post=2782"},{"taxonomy":"product_tag","embeddable":true,"href":"https:\/\/shop.mittgard.de\/index.php?rest_route=%2Fwp%2Fv2%2Fproduct_tag&post=2782"}],"curies":[{"name":"wp","href":"https:\/\/api.w.org\/{rel}","templated":true}]}}