{"id":2784,"date":"2018-06-22T21:10:00","date_gmt":"2018-06-22T19:10:00","guid":{"rendered":"http:\/\/shop.mittgard.de\/?product=import-placeholder-for-3108"},"modified":"2024-12-15T14:21:23","modified_gmt":"2024-12-15T13:21:23","slug":"rottenbacher-elfriede-symbole-im-kreuzstich","status":"publish","type":"product","link":"https:\/\/shop.mittgard.de\/?product=rottenbacher-elfriede-symbole-im-kreuzstich","title":{"rendered":"Rottenbacher, Elfriede &#8222;Symbole im Kreuzstich&#8220;"},"content":{"rendered":"<p>Das Buch schildert die Bedeutung der traditionellen Segenssymbole im Kreuzstich und enth\u00e4lt herausnehmbare Musterb\u00f6gen mit \u00fcber 100 Vorlagen f\u00fcr Lebensb\u00e4ume, Sterne, Flechtbandmuster, Kreuze, zahlreiche Tier- und Pflanzensymbole wie Lilie und Korn\u00e4hre, Hase, Taube und Hirsch.<\/p>\n<p>Broschiert, 80 Seiten<\/p>\n","protected":false},"excerpt":{"rendered":"<p>Br<\/p>\n","protected":false},"featured_media":3802,"template":"","meta":[],"product_brand":[],"product_cat":[188,185],"product_tag":[268,267],"class_list":{"0":"post-2784","1":"product","2":"type-product","3":"status-publish","4":"has-post-thumbnail","6":"product_cat-altes-handwerk","7":"product_cat-literatur","8":"product_tag-handarbeit","9":"product_tag-sticken","10":"product_shipping_class-paket","12":"first","13":"onbackorder","14":"taxable","15":"shipping-taxable","16":"purchasable","17":"product-type-simple"},"_links":{"self":[{"href":"https:\/\/shop.mittgard.de\/index.php?rest_route=\/wp\/v2\/product\/2784","targetHints":{"allow":["GET"]}}],"collection":[{"href":"https:\/\/shop.mittgard.de\/index.php?rest_route=\/wp\/v2\/product"}],"about":[{"href":"https:\/\/shop.mittgard.de\/index.php?rest_route=\/wp\/v2\/types\/product"}],"wp:featuredmedia":[{"embeddable":true,"href":"https:\/\/shop.mittgard.de\/index.php?rest_route=\/wp\/v2\/media\/3802"}],"wp:attachment":[{"href":"https:\/\/shop.mittgard.de\/index.php?rest_route=%2Fwp%2Fv2%2Fmedia&parent=2784"}],"wp:term":[{"taxonomy":"product_brand","embeddable":true,"href":"https:\/\/shop.mittgard.de\/index.php?rest_route=%2Fwp%2Fv2%2Fproduct_brand&post=2784"},{"taxonomy":"product_cat","embeddable":true,"href":"https:\/\/shop.mittgard.de\/index.php?rest_route=%2Fwp%2Fv2%2Fproduct_cat&post=2784"},{"taxonomy":"product_tag","embeddable":true,"href":"https:\/\/shop.mittgard.de\/index.php?rest_route=%2Fwp%2Fv2%2Fproduct_tag&post=2784"}],"curies":[{"name":"wp","href":"https:\/\/api.w.org\/{rel}","templated":true}]}}