{"id":2787,"date":"2018-06-22T21:10:00","date_gmt":"2018-06-22T19:10:00","guid":{"rendered":"http:\/\/shop.mittgard.de\/?product=import-placeholder-for-3111"},"modified":"2024-12-15T14:22:32","modified_gmt":"2024-12-15T13:22:32","slug":"sjoeberg-gunilla-filzen","status":"publish","type":"product","link":"https:\/\/shop.mittgard.de\/?product=sjoeberg-gunilla-filzen","title":{"rendered":"Sj\u00f6berg, Gunilla &#8222;Filzen&#8220;"},"content":{"rendered":"<p>Alte Tradition &#8211; modernes Handwerk<\/p>\n<p>Dieses umfassende Handbuch zeigt neue und faszinierende M\u00f6glichkeiten der uralten Techniken des Filzens. Mit Wolle und einfachen Hilfsger\u00e4ten k\u00f6nnen moderne Kleider, Spielsachen, Schmuck und Einrichtungstextilien geformt werden, die nicht nur praktisch, sondern auch \u00e4u\u00dferst attraktiv sind.<\/p>\n<p>Die Autorin beschreibt einerseits die Traditionen des Filzens, wie zum Beispiel die alten Filzkulturen der zentralasiatischen Nomaden, wo Filz als ein unersetzliches Material f\u00fcr Zelte und Kleider noch heute verwendet wird. Andererseits f\u00fchrt das Buch Schritt f\u00fcr Schritt in alle Aspekte des heutigen Filzens ein. Es zeigt, wie fl\u00e4chige Muster und plastische Filzkunstwerke geformt werden und wie die verschiedensten Kleidungsst\u00fccke, H\u00fcte, Stiefel und Taschen entstehen. Der letzte Teil des Buches geht auf die M\u00f6glichkeiten des Filzens mit Kindern ein.<\/p>\n<p>&#8222;Filzen&#8220; bietet nicht nur eine gr\u00fcndliche Einf\u00fchrung ins Thema, sondern weckt vor allem Neugierde und Lust auf eigenes Experimentieren.<\/p>\n<p>Broschiert, 216 Seiten<\/p>\n","protected":false},"excerpt":{"rendered":"<p>PB<\/p>\n","protected":false},"featured_media":3806,"template":"","meta":[],"product_brand":[],"product_cat":[188,185],"product_tag":[287,295],"class_list":{"0":"post-2787","1":"product","2":"type-product","3":"status-publish","4":"has-post-thumbnail","6":"product_cat-altes-handwerk","7":"product_cat-literatur","8":"product_tag-filzen","9":"product_tag-wollverarbeitung","10":"product_shipping_class-paket","12":"first","13":"onbackorder","14":"taxable","15":"shipping-taxable","16":"purchasable","17":"product-type-simple"},"_links":{"self":[{"href":"https:\/\/shop.mittgard.de\/index.php?rest_route=\/wp\/v2\/product\/2787","targetHints":{"allow":["GET"]}}],"collection":[{"href":"https:\/\/shop.mittgard.de\/index.php?rest_route=\/wp\/v2\/product"}],"about":[{"href":"https:\/\/shop.mittgard.de\/index.php?rest_route=\/wp\/v2\/types\/product"}],"wp:featuredmedia":[{"embeddable":true,"href":"https:\/\/shop.mittgard.de\/index.php?rest_route=\/wp\/v2\/media\/3806"}],"wp:attachment":[{"href":"https:\/\/shop.mittgard.de\/index.php?rest_route=%2Fwp%2Fv2%2Fmedia&parent=2787"}],"wp:term":[{"taxonomy":"product_brand","embeddable":true,"href":"https:\/\/shop.mittgard.de\/index.php?rest_route=%2Fwp%2Fv2%2Fproduct_brand&post=2787"},{"taxonomy":"product_cat","embeddable":true,"href":"https:\/\/shop.mittgard.de\/index.php?rest_route=%2Fwp%2Fv2%2Fproduct_cat&post=2787"},{"taxonomy":"product_tag","embeddable":true,"href":"https:\/\/shop.mittgard.de\/index.php?rest_route=%2Fwp%2Fv2%2Fproduct_tag&post=2787"}],"curies":[{"name":"wp","href":"https:\/\/api.w.org\/{rel}","templated":true}]}}