{"id":2789,"date":"2018-06-22T21:10:01","date_gmt":"2018-06-22T19:10:01","guid":{"rendered":"http:\/\/shop.mittgard.de\/?product=import-placeholder-for-3113"},"modified":"2024-12-15T14:23:59","modified_gmt":"2024-12-15T13:23:59","slug":"stiles-baumhaeuser-selbst-bauen","status":"publish","type":"product","link":"https:\/\/shop.mittgard.de\/?product=stiles-baumhaeuser-selbst-bauen","title":{"rendered":"Stiles &#8222;Baumh\u00e4user selbst bauen&#8220;"},"content":{"rendered":"<p>Jeder kann im Garten oder Hinterhof an einem Wochenende ein Baumhaus bauen &#8211; hier gibt&#8217;s die Anleitungen daf\u00fcr!<\/p>\n<p>Das Thema Baumhaus ist in Deutschland mittlerweile hochaktuell. Dieses Buch mit seiner unverwechselbaren &#8222;Handschrift&#8220; bietet eine hervorragende Einf\u00fchrung f\u00fcr Selbstmacher. Besonders bestechend ist, da\u00df alle vorgestellten Projekte praktisch erprobt und somit auch wirklich zu realisieren sind.<\/p>\n<p>Ob im Garten oder auf dem Hinterhof &#8211; selbst Unerfahrene k\u00f6nnen innerhalb eines Wochenendes ein Baumhaus bauen. Die amerikanischen Bestseller-Autoren David und Jeanie Stiles zeigen, wie man es macht: mit den Grundlagen wie Baumverbindungen und Plattformsicherheit sowie detaillierten Schritt-f\u00fcr-Schritt-Anleitungen. Spa\u00dfige Erweiterungsvorschl\u00e4ge und ein Fototeil geben zus\u00e4tzliche Anregungen. Das Bauen wird schnell ein Riesenspa\u00df f\u00fcr die ganze Familie. Ein paar Werkzeuge und Holz her, und los geht&#8217;s!<\/p>\n<p>Broschiert, 128 Seiten<\/p>\n","protected":false},"excerpt":{"rendered":"<p>Br<\/p>\n","protected":false},"featured_media":3810,"template":"","meta":[],"product_brand":[],"product_cat":[188,185],"product_tag":[230,278,243],"class_list":{"0":"post-2789","1":"product","2":"type-product","3":"status-publish","4":"has-post-thumbnail","6":"product_cat-altes-handwerk","7":"product_cat-literatur","8":"product_tag-garten","9":"product_tag-holzverarbeitung","10":"product_tag-natur","11":"product_shipping_class-paket","13":"first","14":"instock","15":"taxable","16":"shipping-taxable","17":"purchasable","18":"product-type-simple"},"_links":{"self":[{"href":"https:\/\/shop.mittgard.de\/index.php?rest_route=\/wp\/v2\/product\/2789","targetHints":{"allow":["GET"]}}],"collection":[{"href":"https:\/\/shop.mittgard.de\/index.php?rest_route=\/wp\/v2\/product"}],"about":[{"href":"https:\/\/shop.mittgard.de\/index.php?rest_route=\/wp\/v2\/types\/product"}],"wp:featuredmedia":[{"embeddable":true,"href":"https:\/\/shop.mittgard.de\/index.php?rest_route=\/wp\/v2\/media\/3810"}],"wp:attachment":[{"href":"https:\/\/shop.mittgard.de\/index.php?rest_route=%2Fwp%2Fv2%2Fmedia&parent=2789"}],"wp:term":[{"taxonomy":"product_brand","embeddable":true,"href":"https:\/\/shop.mittgard.de\/index.php?rest_route=%2Fwp%2Fv2%2Fproduct_brand&post=2789"},{"taxonomy":"product_cat","embeddable":true,"href":"https:\/\/shop.mittgard.de\/index.php?rest_route=%2Fwp%2Fv2%2Fproduct_cat&post=2789"},{"taxonomy":"product_tag","embeddable":true,"href":"https:\/\/shop.mittgard.de\/index.php?rest_route=%2Fwp%2Fv2%2Fproduct_tag&post=2789"}],"curies":[{"name":"wp","href":"https:\/\/api.w.org\/{rel}","templated":true}]}}