{"id":2800,"date":"2018-06-22T21:10:08","date_gmt":"2018-06-22T19:10:08","guid":{"rendered":"http:\/\/shop.mittgard.de\/?product=import-placeholder-for-3124"},"modified":"2024-12-15T14:31:49","modified_gmt":"2024-12-15T13:31:49","slug":"zwittnig-katharina-sticken-ein-werkbuch","status":"publish","type":"product","link":"https:\/\/shop.mittgard.de\/?product=zwittnig-katharina-sticken-ein-werkbuch","title":{"rendered":"Zwittnig, Katharina &#8222;Sticken &#8211; ein Werkbuch&#8220;"},"content":{"rendered":"<p>Alte Volkskunst &#8211; genaue Anleitung f\u00fcr alle m\u00f6glichen Sticktechniken<\/p>\n<p>Sticken ist nicht nur das N\u00e4hen kleiner, feiner Stiche auf kostbarem Stoff, Tischt\u00fcchern und Zierdeckchen &#8211; es ist die Kunst aller V\u00f6lker, mit Hilfe von Nadel und Faden in Hunderten von Sticharten und einer Vielfalt von N\u00e4hmaterial ebenso viele Gewebevarianten zu bearbeiten.<\/p>\n<p>Aus dem Inhalt:<\/p>\n<p>&#8211; Linienstiche<br \/>\n&#8211; \u00dcberwindelstiche<br \/>\n&#8211; Schlingstiche<br \/>\n&#8211; Kettenstiche<br \/>\n&#8211; Knoten- und Wickelstiche und viele andere<br \/>\n&#8211; Darstellung in \u00fcbersichtlicher und anschaulich illustrierter Form<br \/>\n&#8211; Hunderte Abbildungen erg\u00e4nzen den Text<br \/>\n&#8211; Ein von sachkundiger Hand verfa\u00dftes Buch &#8211; ein echtes Werk- und Arbeitsbuch.<\/p>\n<p>Sondereinband, 144 Seiten<\/p>\n","protected":false},"excerpt":{"rendered":"<p>PB<\/p>\n","protected":false},"featured_media":4693,"template":"","meta":[],"product_brand":[],"product_cat":[188,185],"product_tag":[268,267,304],"class_list":{"0":"post-2800","1":"product","2":"type-product","3":"status-publish","4":"has-post-thumbnail","6":"product_cat-altes-handwerk","7":"product_cat-literatur","8":"product_tag-handarbeit","9":"product_tag-sticken","10":"product_tag-textilgestaltung","11":"product_shipping_class-paket","13":"first","14":"onbackorder","15":"taxable","16":"shipping-taxable","17":"purchasable","18":"product-type-simple"},"_links":{"self":[{"href":"https:\/\/shop.mittgard.de\/index.php?rest_route=\/wp\/v2\/product\/2800","targetHints":{"allow":["GET"]}}],"collection":[{"href":"https:\/\/shop.mittgard.de\/index.php?rest_route=\/wp\/v2\/product"}],"about":[{"href":"https:\/\/shop.mittgard.de\/index.php?rest_route=\/wp\/v2\/types\/product"}],"wp:featuredmedia":[{"embeddable":true,"href":"https:\/\/shop.mittgard.de\/index.php?rest_route=\/wp\/v2\/media\/4693"}],"wp:attachment":[{"href":"https:\/\/shop.mittgard.de\/index.php?rest_route=%2Fwp%2Fv2%2Fmedia&parent=2800"}],"wp:term":[{"taxonomy":"product_brand","embeddable":true,"href":"https:\/\/shop.mittgard.de\/index.php?rest_route=%2Fwp%2Fv2%2Fproduct_brand&post=2800"},{"taxonomy":"product_cat","embeddable":true,"href":"https:\/\/shop.mittgard.de\/index.php?rest_route=%2Fwp%2Fv2%2Fproduct_cat&post=2800"},{"taxonomy":"product_tag","embeddable":true,"href":"https:\/\/shop.mittgard.de\/index.php?rest_route=%2Fwp%2Fv2%2Fproduct_tag&post=2800"}],"curies":[{"name":"wp","href":"https:\/\/api.w.org\/{rel}","templated":true}]}}