{"id":2848,"date":"2018-06-22T21:10:20","date_gmt":"2018-06-22T19:10:20","guid":{"rendered":"http:\/\/shop.mittgard.de\/?product=import-placeholder-for-3172"},"modified":"2024-12-15T16:48:00","modified_gmt":"2024-12-15T15:48:00","slug":"konstam-mcbride-piraten-1660-1730","status":"publish","type":"product","link":"https:\/\/shop.mittgard.de\/?product=konstam-mcbride-piraten-1660-1730","title":{"rendered":"Konstam\/McBride &#8222;Piraten 1660 &#8211; 1730&#8220;"},"content":{"rendered":"<p>Kleidung &amp; Waffen, Beweggr\u00fcnde &amp; Eroberungspl\u00e4ne ber\u00fchmter Piraten mit zahlreichen farbigen Abbildungen<\/p>\n<p>In diesem Buch wird ein lebendiges Bild der Piraten vermittelt, die w\u00e4hrend der &#8222;Goldenen Zeit&#8220; der Piraterie zwischen 1660 und 1730 in den Gew\u00e4ssern der Karibik und vor der amerikanischen K\u00fcste segelten.<\/p>\n<p>Das Buch geht den Urspr\u00fcngen der Piratenaktivit\u00e4t im 16.Jahrhundert nach und untersucht die Bukanierkultur auf Jamaika und Hispaniola. Es wird beschrieben, was Menschen zu einem Leben als Pirat trieb, wie sich die Piraten kleideten, welche Waffen und Schiffe sie verwendeten und wie der Kodex aussah, der ihre Operationen regelte.<\/p>\n<p>Unabh\u00e4ngig davon, ob man sie als Schurken oder Opfer betrachtet, stellten die Piraten mehr als 70 Jahre lang eine erhebliche Bedrohung f\u00fcr die Schifffahrt und den Handel im westlichen Atlantik dar.<\/p>\n<p>Gebundene Ausgabe, 80 Seiten<\/p>\n","protected":false},"excerpt":{"rendered":"<p>HC<\/p>\n","protected":false},"featured_media":7721,"template":"","meta":[],"product_brand":[],"product_cat":[192,185],"product_tag":[234,335,255],"class_list":{"0":"post-2848","1":"product","2":"type-product","3":"status-publish","4":"has-post-thumbnail","6":"product_cat-geschichte","7":"product_cat-literatur","8":"product_tag-larp","9":"product_tag-piraten","10":"product_tag-reenactment","11":"product_shipping_class-paket","13":"first","14":"onbackorder","15":"taxable","16":"shipping-taxable","17":"purchasable","18":"product-type-simple"},"_links":{"self":[{"href":"https:\/\/shop.mittgard.de\/index.php?rest_route=\/wp\/v2\/product\/2848","targetHints":{"allow":["GET"]}}],"collection":[{"href":"https:\/\/shop.mittgard.de\/index.php?rest_route=\/wp\/v2\/product"}],"about":[{"href":"https:\/\/shop.mittgard.de\/index.php?rest_route=\/wp\/v2\/types\/product"}],"wp:featuredmedia":[{"embeddable":true,"href":"https:\/\/shop.mittgard.de\/index.php?rest_route=\/wp\/v2\/media\/7721"}],"wp:attachment":[{"href":"https:\/\/shop.mittgard.de\/index.php?rest_route=%2Fwp%2Fv2%2Fmedia&parent=2848"}],"wp:term":[{"taxonomy":"product_brand","embeddable":true,"href":"https:\/\/shop.mittgard.de\/index.php?rest_route=%2Fwp%2Fv2%2Fproduct_brand&post=2848"},{"taxonomy":"product_cat","embeddable":true,"href":"https:\/\/shop.mittgard.de\/index.php?rest_route=%2Fwp%2Fv2%2Fproduct_cat&post=2848"},{"taxonomy":"product_tag","embeddable":true,"href":"https:\/\/shop.mittgard.de\/index.php?rest_route=%2Fwp%2Fv2%2Fproduct_tag&post=2848"}],"curies":[{"name":"wp","href":"https:\/\/api.w.org\/{rel}","templated":true}]}}