{"id":2852,"date":"2018-06-22T21:10:20","date_gmt":"2018-06-22T19:10:20","guid":{"rendered":"http:\/\/shop.mittgard.de\/?product=import-placeholder-for-3176"},"modified":"2024-12-15T16:54:20","modified_gmt":"2024-12-15T15:54:20","slug":"nicolle-hook-der-erste-kreuzzug-1096-99","status":"publish","type":"product","link":"https:\/\/shop.mittgard.de\/?product=nicolle-hook-der-erste-kreuzzug-1096-99","title":{"rendered":"Nicolle\/Hook &#8222;Der erste Kreuzzug 1096-99&#8220;"},"content":{"rendered":"<p>Eroberung des Heiligen Landes<\/p>\n<p>Im Jahr 1095 bat der byzantinische Kaiser Alexios I. die christlichen Staaten des westlichen Europas um Hilfe gegen die T\u00fcrken, die das Kaiserreich nach der verheerenden Niederlage der Byzantiner bei Manzikert im Jahr 1071 heimgesucht hatten. W\u00e4hrend des folgenden Ersten Kreuzzugs begaben sich mehrere Armeen &#8222;bewaffneter Pilger&#8220; auf einen Marsch durch Europa bis ins heilige Land. Sie wurden auf eine geteilte und zersplitterte islamische Welt losgelassen, errangen die Heilige Stadt Jerusalem selbst. Obwohl der Erfolg des Ersten Kreuzzugs nie wiederholt wurde, l\u00f6ste er einen zwei Jahrhunderte w\u00e4hrenden erbitterten Krieg aus &#8211; dessen Auswirkungen noch heute sp\u00fcrbar sind.<\/p>\n<p>Gebundene Ausgabe, 96 Seiten<\/p>\n","protected":false},"excerpt":{"rendered":"<p>HC<\/p>\n","protected":false},"featured_media":7710,"template":"","meta":[],"product_brand":[],"product_cat":[192,185],"product_tag":[334,333,255,338],"class_list":{"0":"post-2852","1":"product","2":"type-product","3":"status-publish","4":"has-post-thumbnail","6":"product_cat-geschichte","7":"product_cat-literatur","8":"product_tag-christentum","9":"product_tag-kreuzzuege","10":"product_tag-reenactment","11":"product_tag-ritter","12":"product_shipping_class-paket","14":"first","15":"onbackorder","16":"taxable","17":"shipping-taxable","18":"purchasable","19":"product-type-simple"},"_links":{"self":[{"href":"https:\/\/shop.mittgard.de\/index.php?rest_route=\/wp\/v2\/product\/2852","targetHints":{"allow":["GET"]}}],"collection":[{"href":"https:\/\/shop.mittgard.de\/index.php?rest_route=\/wp\/v2\/product"}],"about":[{"href":"https:\/\/shop.mittgard.de\/index.php?rest_route=\/wp\/v2\/types\/product"}],"wp:featuredmedia":[{"embeddable":true,"href":"https:\/\/shop.mittgard.de\/index.php?rest_route=\/wp\/v2\/media\/7710"}],"wp:attachment":[{"href":"https:\/\/shop.mittgard.de\/index.php?rest_route=%2Fwp%2Fv2%2Fmedia&parent=2852"}],"wp:term":[{"taxonomy":"product_brand","embeddable":true,"href":"https:\/\/shop.mittgard.de\/index.php?rest_route=%2Fwp%2Fv2%2Fproduct_brand&post=2852"},{"taxonomy":"product_cat","embeddable":true,"href":"https:\/\/shop.mittgard.de\/index.php?rest_route=%2Fwp%2Fv2%2Fproduct_cat&post=2852"},{"taxonomy":"product_tag","embeddable":true,"href":"https:\/\/shop.mittgard.de\/index.php?rest_route=%2Fwp%2Fv2%2Fproduct_tag&post=2852"}],"curies":[{"name":"wp","href":"https:\/\/api.w.org\/{rel}","templated":true}]}}