{"id":2874,"date":"2018-06-22T21:10:28","date_gmt":"2018-06-22T19:10:28","guid":{"rendered":"http:\/\/shop.mittgard.de\/?product=import-placeholder-for-3198"},"modified":"2024-12-15T15:07:19","modified_gmt":"2024-12-15T14:07:19","slug":"bonnetain-yvonne-loki","status":"publish","type":"product","link":"https:\/\/shop.mittgard.de\/?product=bonnetain-yvonne-loki","title":{"rendered":"Bonnetain , Yvonne &#8222;Loki&#8220;"},"content":{"rendered":"<p>Hintergr\u00fcnde &amp; Entwicklungen der wohl kontroversesten Figur aus der Edda<\/p>\n<p>Loki\u2026<\/p>\n<p>\u2026so zwielichtig wie interessant.<\/p>\n<p>Freund oder Feind der G\u00f6tter?<br \/>\nGott oder Riese?<br \/>\nM\u00f6rder Baldrs?<br \/>\nTrickster, Zerst\u00f6rer, chthonische Gottheit?<br \/>\nTeufel des Nordens?<\/p>\n<p>Yvonne S. Bonnetain arbeitet ausgehend von den Quellen und basierend auf den historischen Hintergr\u00fcnden und Entwicklungen eine Ann\u00e4herung an Loki heraus. Dabei untersucht sie nicht nur seine Stellung unter den nordischen G\u00f6ttern, sondern greift auch die Religionsgeschichte des Teufels und Diskussionen zur Kosmogonie und zum Chaos auf.<\/p>\n<p>Bonnetain zeigt auf, da\u00df viele Fehlinterpretationen Lokis &#8211; allen voran die als M\u00f6rder und &#8222;b\u00f6ses&#8220; Element schlechthin &#8211; auf unreflektierten Vermischungen unterschiedlicher Ebenen und Entwicklungen basieren.<\/p>\n<p>Anhand Lokis demonstriert sie unterschiedliche Lesarten und Zugangsm\u00f6glichkeiten zur nordischen Mythologie. Sie zeigt, da\u00df es die eine &#8222;Wahrheit&#8220; nicht gibt, sondern da\u00df Ambivalenz ein integraler Bestandteil der nordischen Mythologie ist. Zwischen den Zeilen der \u00fcberlieferten Mythen und im Dunkel der Skaldengedichte erst erschlie\u00dft sich die Vielschichtigkeit der nordischen Mythologie und auch Lokis.<\/p>\n<p>Broschiert, 468 Seiten<\/p>\n","protected":false},"excerpt":{"rendered":"<p>Br<\/p>\n","protected":false},"featured_media":3868,"template":"","meta":[],"product_brand":[],"product_cat":[193,185],"product_tag":[318,347,337],"class_list":{"0":"post-2874","1":"product","2":"type-product","3":"status-publish","4":"has-post-thumbnail","6":"product_cat-germanen","7":"product_cat-literatur","8":"product_tag-asatru","9":"product_tag-loki","10":"product_tag-mythen","11":"product_shipping_class-paket","13":"first","14":"outofstock","15":"taxable","16":"shipping-taxable","17":"purchasable","18":"product-type-simple"},"_links":{"self":[{"href":"https:\/\/shop.mittgard.de\/index.php?rest_route=\/wp\/v2\/product\/2874","targetHints":{"allow":["GET"]}}],"collection":[{"href":"https:\/\/shop.mittgard.de\/index.php?rest_route=\/wp\/v2\/product"}],"about":[{"href":"https:\/\/shop.mittgard.de\/index.php?rest_route=\/wp\/v2\/types\/product"}],"wp:featuredmedia":[{"embeddable":true,"href":"https:\/\/shop.mittgard.de\/index.php?rest_route=\/wp\/v2\/media\/3868"}],"wp:attachment":[{"href":"https:\/\/shop.mittgard.de\/index.php?rest_route=%2Fwp%2Fv2%2Fmedia&parent=2874"}],"wp:term":[{"taxonomy":"product_brand","embeddable":true,"href":"https:\/\/shop.mittgard.de\/index.php?rest_route=%2Fwp%2Fv2%2Fproduct_brand&post=2874"},{"taxonomy":"product_cat","embeddable":true,"href":"https:\/\/shop.mittgard.de\/index.php?rest_route=%2Fwp%2Fv2%2Fproduct_cat&post=2874"},{"taxonomy":"product_tag","embeddable":true,"href":"https:\/\/shop.mittgard.de\/index.php?rest_route=%2Fwp%2Fv2%2Fproduct_tag&post=2874"}],"curies":[{"name":"wp","href":"https:\/\/api.w.org\/{rel}","templated":true}]}}