{"id":2889,"date":"2018-06-22T21:10:34","date_gmt":"2018-06-22T19:10:34","guid":{"rendered":"http:\/\/shop.mittgard.de\/?product=import-placeholder-for-3213"},"modified":"2024-12-15T15:25:13","modified_gmt":"2024-12-15T14:25:13","slug":"gardenstone-germanischer-goetterglaube","status":"publish","type":"product","link":"https:\/\/shop.mittgard.de\/?product=gardenstone-germanischer-goetterglaube","title":{"rendered":"Gardenstone &#8222;Germanischer G\u00f6tterglaube&#8220;"},"content":{"rendered":"<p>Dieses Buch bietet einen guten \u00dcberblick \u00fcber die moderne Religion Asatru; das ist eine heutige Interpretation, die sich so weit wie m\u00f6glich auf die Religionen der Germanen und Wikinger bezieht. Asatru ist inzwischen auf mehreren Kontinenten und in vielen L\u00e4ndern dieser Welt verbreitet und erfreut sich eines stetigen Zulaufs.<\/p>\n<p>Dargestellt werden viele wichtige Aspekte der Religion &#8211; von Festen und Feiertagen \u00fcber G\u00f6tter bis hin zu Mythen und Magie. Die vielen Ritualbeispiele und andere Praxistipps sollen zu eigenen Experimenten anregen. Es handelt sich nicht um ein Lehrbuch, sondern der Leser wird stimuliert, den vorhandenen Freiraum mit eigenen Vorstellungen zu nutzen und mit eigenen \u00dcberzeugungen und Werten auszuf\u00fcllen.<\/p>\n<p>Bei den historischen und zeitgen\u00f6ssischen Informationen, die geboten werden, wird kein Anspruch auf Allgemeing\u00fcltigkeit erhoben. Der Autor bietet haupts\u00e4chlich seine Sicht der verschiedenen religi\u00f6sen Aspekte, die allerdings schon von sehr vielen Asatru-Anh\u00e4ngern geteilt werden.<\/p>\n<p>Die hier vorliegende Neuausgabe ersetzt das l\u00e4ngst vergriffene Werk &#8222;Germanischer G\u00f6tterglaube&#8220; aus dem Jahr 2003.<\/p>\n<p>Die Neuauflage umfa\u00dft jetzt weit \u00fcber 500 Seiten voller G\u00f6tterportraits, Feste und Ritualbeschreibungen<\/p>\n<p>&nbsp;<\/p>\n","protected":false},"excerpt":{"rendered":"<p>Pb<\/p>\n","protected":false},"featured_media":3878,"template":"","meta":[],"product_brand":[],"product_cat":[193,185],"product_tag":[318,352,351,350,248],"class_list":{"0":"post-2889","1":"product","2":"type-product","3":"status-publish","4":"has-post-thumbnail","6":"product_cat-germanen","7":"product_cat-literatur","8":"product_tag-asatru","9":"product_tag-feste","10":"product_tag-goetter","11":"product_tag-religion","12":"product_tag-ritual","13":"product_shipping_class-paket","15":"first","16":"onbackorder","17":"taxable","18":"shipping-taxable","19":"purchasable","20":"product-type-simple"},"_links":{"self":[{"href":"https:\/\/shop.mittgard.de\/index.php?rest_route=\/wp\/v2\/product\/2889","targetHints":{"allow":["GET"]}}],"collection":[{"href":"https:\/\/shop.mittgard.de\/index.php?rest_route=\/wp\/v2\/product"}],"about":[{"href":"https:\/\/shop.mittgard.de\/index.php?rest_route=\/wp\/v2\/types\/product"}],"wp:featuredmedia":[{"embeddable":true,"href":"https:\/\/shop.mittgard.de\/index.php?rest_route=\/wp\/v2\/media\/3878"}],"wp:attachment":[{"href":"https:\/\/shop.mittgard.de\/index.php?rest_route=%2Fwp%2Fv2%2Fmedia&parent=2889"}],"wp:term":[{"taxonomy":"product_brand","embeddable":true,"href":"https:\/\/shop.mittgard.de\/index.php?rest_route=%2Fwp%2Fv2%2Fproduct_brand&post=2889"},{"taxonomy":"product_cat","embeddable":true,"href":"https:\/\/shop.mittgard.de\/index.php?rest_route=%2Fwp%2Fv2%2Fproduct_cat&post=2889"},{"taxonomy":"product_tag","embeddable":true,"href":"https:\/\/shop.mittgard.de\/index.php?rest_route=%2Fwp%2Fv2%2Fproduct_tag&post=2889"}],"curies":[{"name":"wp","href":"https:\/\/api.w.org\/{rel}","templated":true}]}}