{"id":2890,"date":"2018-06-22T21:10:34","date_gmt":"2018-06-22T19:10:34","guid":{"rendered":"http:\/\/shop.mittgard.de\/?product=import-placeholder-for-3214"},"modified":"2024-12-15T15:28:06","modified_gmt":"2024-12-15T14:28:06","slug":"gardenstone-goettin-holle","status":"publish","type":"product","link":"https:\/\/shop.mittgard.de\/?product=gardenstone-goettin-holle","title":{"rendered":"Goos, Gunivortus &#8222;G\u00f6ttin Holle&#8220;"},"content":{"rendered":"<p>Auf der Suche nach einer alten G\u00f6ttin<\/p>\n<p>Frau Holle kennt jeder aus dem M\u00e4rchen der Gebr\u00fcder Grimm. Aber die Figur der Frau Holle ist viel mehr, mehr als nur eine Gestalt aus Mythen, Sagen und Legenden. Spiegelt sie doch in ihr eine alte G\u00f6ttin wieder, die \u00fcber den Kreislauf des Lebens &#8211; von Geburt bis Tod &#8211; wacht.<\/p>\n<p>Eine gr\u00fcndliche \u00dcberarbeitung und erhebliche Erg\u00e4nzung der vorherigen 2. Ausgabe (\u00fcber 100 Seiten mehr!) m\u00fcndete in das vorliegende Buch, in das auch neueste Forschung, Erkenntnisse und Ansichten eingearbeitet wurden.<\/p>\n<p>Leserkommentare:<\/p>\n<p>&#8222;Ich hatte schon einige B\u00fccher \u00fcber Frau Holle in meinem Schrank, aber ein derart vollst\u00e4ndiges Buch, mit soviel Liebe f\u00fcrs Detail auch geschrieben, macht meine Sammlung nun endlich komplett.&#8220; &#8222;Nie zuvor habe ich ein vollst\u00e4ndigeres und informativeres Buch \u00fcber eine G\u00f6ttin gesehen als dieses Buch.&#8220;<\/p>\n<p>Broschiert, 368 Seiten<\/p>\n","protected":false},"excerpt":{"rendered":"<p>Pb<\/p>\n","protected":false},"featured_media":11127,"template":"","meta":[],"product_brand":[],"product_cat":[193,185],"product_tag":[318,351,224],"class_list":{"0":"post-2890","1":"product","2":"type-product","3":"status-publish","4":"has-post-thumbnail","6":"product_cat-germanen","7":"product_cat-literatur","8":"product_tag-asatru","9":"product_tag-goetter","10":"product_tag-heidentum","11":"product_shipping_class-paket","13":"first","14":"onbackorder","15":"taxable","16":"shipping-taxable","17":"purchasable","18":"product-type-simple"},"_links":{"self":[{"href":"https:\/\/shop.mittgard.de\/index.php?rest_route=\/wp\/v2\/product\/2890","targetHints":{"allow":["GET"]}}],"collection":[{"href":"https:\/\/shop.mittgard.de\/index.php?rest_route=\/wp\/v2\/product"}],"about":[{"href":"https:\/\/shop.mittgard.de\/index.php?rest_route=\/wp\/v2\/types\/product"}],"wp:featuredmedia":[{"embeddable":true,"href":"https:\/\/shop.mittgard.de\/index.php?rest_route=\/wp\/v2\/media\/11127"}],"wp:attachment":[{"href":"https:\/\/shop.mittgard.de\/index.php?rest_route=%2Fwp%2Fv2%2Fmedia&parent=2890"}],"wp:term":[{"taxonomy":"product_brand","embeddable":true,"href":"https:\/\/shop.mittgard.de\/index.php?rest_route=%2Fwp%2Fv2%2Fproduct_brand&post=2890"},{"taxonomy":"product_cat","embeddable":true,"href":"https:\/\/shop.mittgard.de\/index.php?rest_route=%2Fwp%2Fv2%2Fproduct_cat&post=2890"},{"taxonomy":"product_tag","embeddable":true,"href":"https:\/\/shop.mittgard.de\/index.php?rest_route=%2Fwp%2Fv2%2Fproduct_tag&post=2890"}],"curies":[{"name":"wp","href":"https:\/\/api.w.org\/{rel}","templated":true}]}}